{"id":9839,"date":"2025-02-09T16:51:34","date_gmt":"2025-02-09T15:51:34","guid":{"rendered":"http:\/\/paroissesaintmartindacheres.fr\/?page_id=9839"},"modified":"2025-03-08T00:57:43","modified_gmt":"2025-03-07T23:57:43","slug":"le-catechumenat-des-adultes","status":"publish","type":"page","link":"https:\/\/paroissesaintmartindacheres.fr\/index.php\/le-catechumenat-des-adultes\/","title":{"rendered":"Le cat\u00e9chum\u00e9nat des adultes"},"content":{"rendered":"\t\t<div data-elementor-type=\"wp-page\" data-elementor-id=\"9839\" class=\"elementor elementor-9839\">\n\t\t\t\t<div class=\"elementor-element elementor-element-3d210cc e-flex e-con-boxed e-con e-parent\" data-id=\"3d210cc\" data-element_type=\"container\" data-e-type=\"container\" data-settings=\"{&quot;background_background&quot;:&quot;classic&quot;}\">\n\t\t\t\t\t<div class=\"e-con-inner\">\n\t\t<div class=\"elementor-element elementor-element-5a84921 e-con-full e-flex e-con e-child\" data-id=\"5a84921\" data-element_type=\"container\" data-e-type=\"container\" data-settings=\"{&quot;background_background&quot;:&quot;classic&quot;}\">\n\t\t\t\t<div class=\"elementor-element elementor-element-185b9f3 elementor-widget elementor-widget-heading\" data-id=\"185b9f3\" data-element_type=\"widget\" data-e-type=\"widget\" data-widget_type=\"heading.default\">\n\t\t\t\t<div class=\"elementor-widget-container\">\n\t\t\t\t\t<h1 class=\"elementor-heading-title elementor-size-default\">Le cat\u00e9chum\u00e9nat des adultes<\/h1>\t\t\t\t<\/div>\n\t\t\t\t<\/div>\n\t\t\t\t<\/div>\n\t\t\t\t\t<\/div>\n\t\t\t\t<\/div>\n\t\t<div class=\"elementor-element elementor-element-d0bac3d e-flex e-con-boxed e-con e-parent\" data-id=\"d0bac3d\" data-element_type=\"container\" data-e-type=\"container\">\n\t\t\t\t\t<div class=\"e-con-inner\">\n\t\t<div class=\"elementor-element elementor-element-b7bed27 e-con-full e-flex e-con e-child\" data-id=\"b7bed27\" data-element_type=\"container\" data-e-type=\"container\">\n\t\t\t\t<div class=\"elementor-element elementor-element-8d25a7d elementor-widget elementor-widget-text-editor\" data-id=\"8d25a7d\" data-element_type=\"widget\" data-e-type=\"widget\" data-widget_type=\"text-editor.default\">\n\t\t\t\t<div class=\"elementor-widget-container\">\n\t\t\t\t\t\t\t\t\t<p>Vous avez entre 17 et 97 ans (ou plus) !<\/p>\t\t\t\t\t\t\t\t<\/div>\n\t\t\t\t<\/div>\n\t\t\t\t<div class=\"elementor-element elementor-element-1ebd285 elementor-widget elementor-widget-text-editor\" data-id=\"1ebd285\" data-element_type=\"widget\" data-e-type=\"widget\" data-widget_type=\"text-editor.default\">\n\t\t\t\t<div class=\"elementor-widget-container\">\n\t\t\t\t\t\t\t\t\t<ul><li>Vous avez entendu parler de Dieu, de J\u00e9sus-Christ, de l\u2019Eglise et vous d\u00e9sirez en savoir plus ?<\/li><li>Vous avez rencontr\u00e9 un chr\u00e9tien et vous avez \u00e9t\u00e9 interpell\u00e9 par ses choix de vie et vous voulez comprendre pourquoi ?<\/li><li>Vous voulez \u00eatre baptis\u00e9(e), vous vous demandez comment faire<\/li><li>Vous vivez un renouveau de foi, vous pensez \u00e9ventuellement \u00e0 la confirmation ou la communion ?<\/li><\/ul>\t\t\t\t\t\t\t\t<\/div>\n\t\t\t\t<\/div>\n\t\t\t\t<div class=\"elementor-element elementor-element-3413c62 elementor-widget elementor-widget-text-editor\" data-id=\"3413c62\" data-element_type=\"widget\" data-e-type=\"widget\" data-widget_type=\"text-editor.default\">\n\t\t\t\t<div class=\"elementor-widget-container\">\n\t\t\t\t\t\t\t\t\t<p>Bienvenus, vous \u00eates au bon endroit !<\/p>\t\t\t\t\t\t\t\t<\/div>\n\t\t\t\t<\/div>\n\t\t\t\t<\/div>\n\t\t\t\t\t<\/div>\n\t\t\t\t<\/div>\n\t\t<div class=\"elementor-element elementor-element-e9f69c2 e-flex e-con-boxed e-con e-parent\" data-id=\"e9f69c2\" data-element_type=\"container\" data-e-type=\"container\">\n\t\t\t\t\t<div class=\"e-con-inner\">\n\t\t<div class=\"elementor-element elementor-element-0d8a86b e-con-full e-flex e-con e-child\" data-id=\"0d8a86b\" data-element_type=\"container\" data-e-type=\"container\">\n\t\t\t\t<div class=\"elementor-element elementor-element-1572fd7 elementor-widget elementor-widget-heading\" data-id=\"1572fd7\" data-element_type=\"widget\" data-e-type=\"widget\" data-widget_type=\"heading.default\">\n\t\t\t\t<div class=\"elementor-widget-container\">\n\t\t\t\t\t<h2 class=\"elementor-heading-title elementor-size-default\">A qui s'adresser ?<\/h2>\t\t\t\t<\/div>\n\t\t\t\t<\/div>\n\t\t\t\t<\/div>\n\t\t\t\t\t<\/div>\n\t\t\t\t<\/div>\n\t\t<div class=\"elementor-element elementor-element-e4a6441 e-flex e-con-boxed e-con e-parent\" data-id=\"e4a6441\" data-element_type=\"container\" data-e-type=\"container\">\n\t\t\t\t\t<div class=\"e-con-inner\">\n\t\t<div class=\"elementor-element elementor-element-87ad57b e-con-full e-flex e-con e-child\" data-id=\"87ad57b\" data-element_type=\"container\" data-e-type=\"container\">\n\t\t\t\t<div class=\"elementor-element elementor-element-37445f7 elementor-widget elementor-widget-text-editor\" data-id=\"37445f7\" data-element_type=\"widget\" data-e-type=\"widget\" data-widget_type=\"text-editor.default\">\n\t\t\t\t<div class=\"elementor-widget-container\">\n\t\t\t\t\t\t\t\t\t<p>La premi\u00e8re d\u00e9marche consiste \u00e0 contacter l\u2019\u00e9quipe du cat\u00e9chum\u00e9nat, qui est charg\u00e9e de l\u2019accompagnement des adultes dans la d\u00e9couverte ou l&rsquo;approfondissement de la Foi et de la vie chr\u00e9tienne.<\/p><p>Les responsables de l&rsquo;\u00e9quipe vous recevra en entretien et r\u00e9pondra \u00e0 toutes vos questions. Puis, si vous le d\u00e9sirez, il vous sera propos\u00e9 un cheminement (le parcours cat\u00e9chum\u00e9nal) qui vous conduira, le moment venu, \u00e0 recevoir le bapt\u00eame.<\/p><p>Le parcours cat\u00e9chum\u00e9nal r\u00e9pond aux objectifs suivants :<\/p>\t\t\t\t\t\t\t\t<\/div>\n\t\t\t\t<\/div>\n\t\t\t\t<\/div>\n\t\t<div class=\"elementor-element elementor-element-4c252f0 e-con-full e-flex e-con e-child\" data-id=\"4c252f0\" data-element_type=\"container\" data-e-type=\"container\">\n\t\t<div class=\"elementor-element elementor-element-3dbd087 e-con-full e-flex e-con e-child\" data-id=\"3dbd087\" data-element_type=\"container\" data-e-type=\"container\" data-settings=\"{&quot;background_background&quot;:&quot;classic&quot;}\">\n\t\t\t\t<div class=\"elementor-element elementor-element-0a1a31c elementor-widget elementor-widget-text-editor\" data-id=\"0a1a31c\" data-element_type=\"widget\" data-e-type=\"widget\" data-widget_type=\"text-editor.default\">\n\t\t\t\t<div class=\"elementor-widget-container\">\n\t\t\t\t\t\t\t\t\t<p>Apprendre \u00e0 conna\u00eetre J\u00e9sus, \u00e0 lire la Bible, \u00e0 prier<\/p>\t\t\t\t\t\t\t\t<\/div>\n\t\t\t\t<\/div>\n\t\t\t\t<\/div>\n\t\t<div class=\"elementor-element elementor-element-05e52be e-con-full e-flex e-con e-child\" data-id=\"05e52be\" data-element_type=\"container\" data-e-type=\"container\" data-settings=\"{&quot;background_background&quot;:&quot;classic&quot;}\">\n\t\t\t\t<div class=\"elementor-element elementor-element-7ee50d0 elementor-widget elementor-widget-text-editor\" data-id=\"7ee50d0\" data-element_type=\"widget\" data-e-type=\"widget\" data-widget_type=\"text-editor.default\">\n\t\t\t\t<div class=\"elementor-widget-container\">\n\t\t\t\t\t\t\t\t\t<p>D\u00e9couvrir comment vivre en chr\u00e9tien au quotidien<\/p>\t\t\t\t\t\t\t\t<\/div>\n\t\t\t\t<\/div>\n\t\t\t\t<\/div>\n\t\t<div class=\"elementor-element elementor-element-b4cc132 e-con-full e-flex e-con e-child\" data-id=\"b4cc132\" data-element_type=\"container\" data-e-type=\"container\" data-settings=\"{&quot;background_background&quot;:&quot;classic&quot;}\">\n\t\t\t\t<div class=\"elementor-element elementor-element-f0ce763 elementor-widget elementor-widget-text-editor\" data-id=\"f0ce763\" data-element_type=\"widget\" data-e-type=\"widget\" data-widget_type=\"text-editor.default\">\n\t\t\t\t<div class=\"elementor-widget-container\">\n\t\t\t\t\t\t\t\t\t<p>Rencontrer d\u2019autres catholiques qui t\u00e9moigneront de leur foi<\/p>\t\t\t\t\t\t\t\t<\/div>\n\t\t\t\t<\/div>\n\t\t\t\t<\/div>\n\t\t<div class=\"elementor-element elementor-element-2413328 e-con-full e-flex e-con e-child\" data-id=\"2413328\" data-element_type=\"container\" data-e-type=\"container\" data-settings=\"{&quot;background_background&quot;:&quot;classic&quot;}\">\n\t\t\t\t<div class=\"elementor-element elementor-element-0d79f97 elementor-widget elementor-widget-text-editor\" data-id=\"0d79f97\" data-element_type=\"widget\" data-e-type=\"widget\" data-widget_type=\"text-editor.default\">\n\t\t\t\t<div class=\"elementor-widget-container\">\n\t\t\t\t\t\t\t\t\t<p>Demander \u00e0 recevoir le bapt\u00eame, la confirmation, l\u2019eucharistie<\/p>\t\t\t\t\t\t\t\t<\/div>\n\t\t\t\t<\/div>\n\t\t\t\t<\/div>\n\t\t\t\t<\/div>\n\t\t<div class=\"elementor-element elementor-element-aed0c9d e-con-full e-flex e-con e-child\" data-id=\"aed0c9d\" data-element_type=\"container\" data-e-type=\"container\">\n\t\t\t\t<div class=\"elementor-element elementor-element-1a67422 elementor-widget__width-initial elementor-widget elementor-widget-text-editor\" data-id=\"1a67422\" data-element_type=\"widget\" data-e-type=\"widget\" data-widget_type=\"text-editor.default\">\n\t\t\t\t<div class=\"elementor-widget-container\">\n\t\t\t\t\t\t\t\t\t<p><strong>Responsables du cat\u00e9chum\u00e9nat des adultes :<\/strong><\/p>\t\t\t\t\t\t\t\t<\/div>\n\t\t\t\t<\/div>\n\t\t\t\t<div class=\"elementor-element elementor-element-daffd43 elementor-widget__width-initial elementor-widget elementor-widget-text-editor\" data-id=\"daffd43\" data-element_type=\"widget\" data-e-type=\"widget\" data-widget_type=\"text-editor.default\">\n\t\t\t\t<div class=\"elementor-widget-container\">\n\t\t\t\t\t\t\t\t\t<p>Annick LEGRAND : a.duboislegrand@hotmail.com<\/p><p>Th\u00e9r\u00e8se BOEHM : therese.gboehm@gmail.com<\/p>\t\t\t\t\t\t\t\t<\/div>\n\t\t\t\t<\/div>\n\t\t\t\t<\/div>\n\t\t\t\t\t<\/div>\n\t\t\t\t<\/div>\n\t\t<div class=\"elementor-element elementor-element-c2a045b e-flex e-con-boxed e-con e-parent\" data-id=\"c2a045b\" data-element_type=\"container\" data-e-type=\"container\">\n\t\t\t\t\t<div class=\"e-con-inner\">\n\t\t<div class=\"elementor-element elementor-element-c697a0d e-con-full e-flex e-con e-child\" data-id=\"c697a0d\" data-element_type=\"container\" data-e-type=\"container\">\n\t\t\t\t<div class=\"elementor-element elementor-element-814c4e5 elementor-widget elementor-widget-heading\" data-id=\"814c4e5\" data-element_type=\"widget\" data-e-type=\"widget\" data-widget_type=\"heading.default\">\n\t\t\t\t<div class=\"elementor-widget-container\">\n\t\t\t\t\t<h2 class=\"elementor-heading-title elementor-size-default\">Organisation du cat\u00e9chum\u00e9nat  <\/h2>\t\t\t\t<\/div>\n\t\t\t\t<\/div>\n\t\t\t\t<\/div>\n\t\t\t\t\t<\/div>\n\t\t\t\t<\/div>\n\t\t<div class=\"elementor-element elementor-element-a7da1fc e-flex e-con-boxed e-con e-parent\" data-id=\"a7da1fc\" data-element_type=\"container\" data-e-type=\"container\">\n\t\t\t\t\t<div class=\"e-con-inner\">\n\t\t<div class=\"elementor-element elementor-element-9737d36 e-con-full e-flex e-con e-child\" data-id=\"9737d36\" data-element_type=\"container\" data-e-type=\"container\">\n\t\t\t\t<div class=\"elementor-element elementor-element-ee0a962 elementor-widget elementor-widget-text-editor\" data-id=\"ee0a962\" data-element_type=\"widget\" data-e-type=\"widget\" data-widget_type=\"text-editor.default\">\n\t\t\t\t<div class=\"elementor-widget-container\">\n\t\t\t\t\t\t\t\t\t<p>L\u2019adulte qui demande le bapt\u00eame int\u00e8grera le groupe des cat\u00e9chum\u00e8nes. Il sera suivi par un accompagnateur qui sera un v\u00e9ritable soutien pendant son cheminement vers les sacrements.\u00a0<\/p><p>Le cat\u00e9chum\u00e8ne et son accompagnateur se rencontrent au moins une fois par mois pour une s\u00e9ance d&rsquo;accompagnement, au cours de laquelle il va discerner l&rsquo;appel de Dieu dans sa vie, d\u00e9couvrir\u00a0 l&rsquo;enseignement du Christ et de l&rsquo;\u00e9glise.<\/p><p>Une fois par mois, une s\u00e9ance de cat\u00e9chisme est organis\u00e9e pour l&rsquo;ensemble du groupe comprenant les cat\u00e9chum\u00e8nes, les accompagnateurs et le pr\u00eatre.\u00a0<\/p>\t\t\t\t\t\t\t\t<\/div>\n\t\t\t\t<\/div>\n\t\t\t\t<\/div>\n\t\t\t\t\t<\/div>\n\t\t\t\t<\/div>\n\t\t<div class=\"elementor-element elementor-element-363ff7b e-flex e-con-boxed e-con e-parent\" data-id=\"363ff7b\" data-element_type=\"container\" data-e-type=\"container\">\n\t\t\t\t\t<div class=\"e-con-inner\">\n\t\t<div class=\"elementor-element elementor-element-447d1be e-con-full e-flex e-con e-child\" data-id=\"447d1be\" data-element_type=\"container\" data-e-type=\"container\">\n\t\t\t\t<div class=\"elementor-element elementor-element-88f7f89 elementor-widget elementor-widget-heading\" data-id=\"88f7f89\" data-element_type=\"widget\" data-e-type=\"widget\" data-widget_type=\"heading.default\">\n\t\t\t\t<div class=\"elementor-widget-container\">\n\t\t\t\t\t<h2 class=\"elementor-heading-title elementor-size-default\">Les \u00e9tapes vers les sacrements<\/h2>\t\t\t\t<\/div>\n\t\t\t\t<\/div>\n\t\t\t\t<\/div>\n\t\t\t\t\t<\/div>\n\t\t\t\t<\/div>\n\t\t<div class=\"elementor-element elementor-element-8ee40a8 e-flex e-con-boxed e-con e-parent\" data-id=\"8ee40a8\" data-element_type=\"container\" data-e-type=\"container\">\n\t\t\t\t\t<div class=\"e-con-inner\">\n\t\t<div class=\"elementor-element elementor-element-fa9f0ff e-con-full e-flex e-con e-child\" data-id=\"fa9f0ff\" data-element_type=\"container\" data-e-type=\"container\">\n\t\t\t\t<div class=\"elementor-element elementor-element-d4947cd elementor-widget elementor-widget-text-editor\" data-id=\"d4947cd\" data-element_type=\"widget\" data-e-type=\"widget\" data-widget_type=\"text-editor.default\">\n\t\t\t\t<div class=\"elementor-widget-container\">\n\t\t\t\t\t\t\t\t\t<p>La dur\u00e9e de la pr\u00e9paration des sacrements est environ de deux ans, cela d\u00e9pend de chaque situation. Les sacrements sont g\u00e9n\u00e9ralement c\u00e9l\u00e9br\u00e9s lors de la vigile pascale. Les cat\u00e9chum\u00e8nes re\u00e7oivent les trois sacrements de l&rsquo;initiation chr\u00e9tienne\u00a0 savoir : le bapt\u00eame, la premi\u00e8re communion et la confirmation.<\/p><p>Trois \u00e9tapes principales caract\u00e9risent le chemin vers les sacrements :<\/p><ul><li>L&rsquo;entr\u00e9e en cat\u00e9chum\u00e9nat : apr\u00e8s un premier temps de d\u00e9couverte de la foi chr\u00e9tienne, les candidats au bapt\u00eame sont solennellement accueillis par l\u2019Eglise au cours d\u2019une messe paroissiale<\/li><li>Le temps du cat\u00e9chum\u00e9nat : c&rsquo;est le temps n\u00e9cessaire pour acqu\u00e9rir la connaissance des Ecritures, la d\u00e9couverte de la pri\u00e8re, la participation \u00e0 la vie de l\u2019Eglise.<\/li><li>L&rsquo;appel d\u00e9cisif : tous les futurs baptis\u00e9s du dioc\u00e8se sont appel\u00e9s par l\u2019\u00e9v\u00eaque \u00e0 une ultime pr\u00e9paration au cours d\u2019une c\u00e9l\u00e9bration nomm\u00e9e Appel d\u00e9cisif ou Inscription du nom.\u00a0<\/li><\/ul><p>\u00a0<\/p>\t\t\t\t\t\t\t\t<\/div>\n\t\t\t\t<\/div>\n\t\t\t\t<\/div>\n\t\t\t\t\t<\/div>\n\t\t\t\t<\/div>\n\t\t\t\t<\/div>\n\t\t","protected":false},"excerpt":{"rendered":"<p>Le cat\u00e9chum\u00e9nat des adultes Vous avez entre 17 et 97 ans (ou plus) ! Vous avez entendu parler de Dieu, de J\u00e9sus-Christ, de l\u2019Eglise et vous d\u00e9sirez en savoir plus [&hellip;]<\/p>\n","protected":false},"author":8,"featured_media":0,"parent":0,"menu_order":0,"comment_status":"closed","ping_status":"closed","template":"","meta":{"footnotes":""},"class_list":["post-9839","page","type-page","status-publish","hentry","entry"],"_links":{"self":[{"href":"https:\/\/paroissesaintmartindacheres.fr\/index.php\/wp-json\/wp\/v2\/pages\/9839","targetHints":{"allow":["GET"]}}],"collection":[{"href":"https:\/\/paroissesaintmartindacheres.fr\/index.php\/wp-json\/wp\/v2\/pages"}],"about":[{"href":"https:\/\/paroissesaintmartindacheres.fr\/index.php\/wp-json\/wp\/v2\/types\/page"}],"author":[{"embeddable":true,"href":"https:\/\/paroissesaintmartindacheres.fr\/index.php\/wp-json\/wp\/v2\/users\/8"}],"replies":[{"embeddable":true,"href":"https:\/\/paroissesaintmartindacheres.fr\/index.php\/wp-json\/wp\/v2\/comments?post=9839"}],"version-history":[{"count":103,"href":"https:\/\/paroissesaintmartindacheres.fr\/index.php\/wp-json\/wp\/v2\/pages\/9839\/revisions"}],"predecessor-version":[{"id":10598,"href":"https:\/\/paroissesaintmartindacheres.fr\/index.php\/wp-json\/wp\/v2\/pages\/9839\/revisions\/10598"}],"wp:attachment":[{"href":"https:\/\/paroissesaintmartindacheres.fr\/index.php\/wp-json\/wp\/v2\/media?parent=9839"}],"curies":[{"name":"wp","href":"https:\/\/api.w.org\/{rel}","templated":true}]}}