{"id":967,"date":"2018-05-18T20:09:40","date_gmt":"2018-05-18T18:09:40","guid":{"rendered":"http:\/\/paroissesaintmartindacheres.fr\/?page_id=967"},"modified":"2025-03-08T01:01:57","modified_gmt":"2025-03-08T00:01:57","slug":"esperance-et-vie","status":"publish","type":"page","link":"https:\/\/paroissesaintmartindacheres.fr\/index.php\/esperance-et-vie\/","title":{"rendered":"Esp\u00e9rance et Vie"},"content":{"rendered":"\t\t<div data-elementor-type=\"wp-page\" data-elementor-id=\"967\" class=\"elementor elementor-967\">\n\t\t\t\t<div class=\"elementor-element elementor-element-b4372a0 e-flex e-con-boxed e-con e-parent\" data-id=\"b4372a0\" data-element_type=\"container\" data-e-type=\"container\" data-settings=\"{&quot;background_background&quot;:&quot;classic&quot;}\">\n\t\t\t\t\t<div class=\"e-con-inner\">\n\t\t<div class=\"elementor-element elementor-element-7d84efb e-con-full e-flex e-con e-child\" data-id=\"7d84efb\" data-element_type=\"container\" data-e-type=\"container\" data-settings=\"{&quot;background_background&quot;:&quot;classic&quot;}\">\n\t\t\t\t<div class=\"elementor-element elementor-element-02f8819 elementor-widget elementor-widget-heading\" data-id=\"02f8819\" data-element_type=\"widget\" data-e-type=\"widget\" data-widget_type=\"heading.default\">\n\t\t\t\t<div class=\"elementor-widget-container\">\n\t\t\t\t\t<h1 class=\"elementor-heading-title elementor-size-default\">Groupe Esp\u00e9rance et Vie<\/h1>\t\t\t\t<\/div>\n\t\t\t\t<\/div>\n\t\t\t\t<\/div>\n\t\t\t\t\t<\/div>\n\t\t\t\t<\/div>\n\t\t<div class=\"elementor-element elementor-element-583efa5 e-flex e-con-boxed e-con e-parent\" data-id=\"583efa5\" data-element_type=\"container\" data-e-type=\"container\">\n\t\t\t\t\t<div class=\"e-con-inner\">\n\t\t<div class=\"elementor-element elementor-element-92b16f5 e-con-full e-flex e-con e-child\" data-id=\"92b16f5\" data-element_type=\"container\" data-e-type=\"container\">\n\t\t\t\t<div class=\"elementor-element elementor-element-f0ba08d elementor-widget elementor-widget-text-editor\" data-id=\"f0ba08d\" data-element_type=\"widget\" data-e-type=\"widget\" data-widget_type=\"text-editor.default\">\n\t\t\t\t<div class=\"elementor-widget-container\">\n\t\t\t\t\t\t\t\t\t<p>Celui ou celle qui partageait votre vie est mort\u2026<br \/>Vous souhaitez accompagner une veuve ou un veuf de votre entourage\u2026<br \/><br \/><a href=\"https:\/\/www.esperanceetvie.com\/index.php?Id=885\" target=\"_parent\">ESPERANCE ET VIE<\/a>\u00a0peut vous aider.<\/p><p>Nous organisons le soutien et l&rsquo;accompagnement des veufs et veuves notamment pendant les premi\u00e8res ann\u00e9es du veuvage et autant de temps que la personne en ressent le besoin. Groupes de paroles selon les \u00e2ges, et autres propositions ponctuelles vari\u00e9es pour favoriser les \u00e9changes.<\/p>\t\t\t\t\t\t\t\t<\/div>\n\t\t\t\t<\/div>\n\t\t\t\t<\/div>\n\t\t\t\t\t<\/div>\n\t\t\t\t<\/div>\n\t\t<div class=\"elementor-element elementor-element-4680951 e-flex e-con-boxed e-con e-parent\" data-id=\"4680951\" data-element_type=\"container\" data-e-type=\"container\">\n\t\t\t\t\t<div class=\"e-con-inner\">\n\t\t<div class=\"elementor-element elementor-element-6f4c765 e-con-full e-flex e-con e-child\" data-id=\"6f4c765\" data-element_type=\"container\" data-e-type=\"container\">\n\t\t\t\t<div class=\"elementor-element elementor-element-d7b477f elementor-widget elementor-widget-heading\" data-id=\"d7b477f\" data-element_type=\"widget\" data-e-type=\"widget\" data-widget_type=\"heading.default\">\n\t\t\t\t<div class=\"elementor-widget-container\">\n\t\t\t\t\t<h2 class=\"elementor-heading-title elementor-size-default\">Ce que nous proposons<\/h2>\t\t\t\t<\/div>\n\t\t\t\t<\/div>\n\t\t\t\t<\/div>\n\t\t\t\t\t<\/div>\n\t\t\t\t<\/div>\n\t\t<div class=\"elementor-element elementor-element-935c2a5 e-flex e-con-boxed e-con e-parent\" data-id=\"935c2a5\" data-element_type=\"container\" data-e-type=\"container\">\n\t\t\t\t\t<div class=\"e-con-inner\">\n\t\t<div class=\"elementor-element elementor-element-8861739 e-con-full e-flex e-con e-child\" data-id=\"8861739\" data-element_type=\"container\" data-e-type=\"container\">\n\t\t\t\t<div class=\"elementor-element elementor-element-4e52121 elementor-widget elementor-widget-text-editor\" data-id=\"4e52121\" data-element_type=\"widget\" data-e-type=\"widget\" data-widget_type=\"text-editor.default\">\n\t\t\t\t<div class=\"elementor-widget-container\">\n\t\t\t\t\t\t\t\t\t<p>Quels que soient l\u2019\u00e2ge et la dur\u00e9e du veuvage, nous apportons le r\u00e9confort moral et spirituel gr\u00e2ce \u00e0 des propositions nouvelles et vari\u00e9es \u00e0 d\u00e9couvrir (rencontres \u00e0 th\u00e8me et selon les \u00e2ges, temps forts spirituels, soutien individuel, etc.).<\/p><p>Contacts du groupe Esp\u00e9rence et Vie Yvelines :<\/p><ul><li>T\u00e9l\u00e9phone : 07 68 59 07 16<\/li><li>Adresse mail : esperance.et.vie.yvelines@gmail.com<\/li><\/ul><p>Site internet : <a href=\"https:\/\/esperance-et-vie-yvelines.fr\" target=\"_blank\" rel=\"noopener\"><strong>https:\/\/esperance-et-vie-yvelines.fr<\/strong><\/a><\/p>\t\t\t\t\t\t\t\t<\/div>\n\t\t\t\t<\/div>\n\t\t\t\t<\/div>\n\t\t\t\t\t<\/div>\n\t\t\t\t<\/div>\n\t\t\t\t<\/div>\n\t\t","protected":false},"excerpt":{"rendered":"<p>Groupe Esp\u00e9rance et Vie Celui ou celle qui partageait votre vie est mort\u2026Vous souhaitez accompagner une veuve ou un veuf de votre entourage\u2026 ESPERANCE ET VIE\u00a0peut vous aider. Nous organisons [&hellip;]<\/p>\n","protected":false},"author":1,"featured_media":0,"parent":0,"menu_order":0,"comment_status":"closed","ping_status":"closed","template":"","meta":{"footnotes":""},"class_list":["post-967","page","type-page","status-publish","hentry","entry"],"_links":{"self":[{"href":"https:\/\/paroissesaintmartindacheres.fr\/index.php\/wp-json\/wp\/v2\/pages\/967","targetHints":{"allow":["GET"]}}],"collection":[{"href":"https:\/\/paroissesaintmartindacheres.fr\/index.php\/wp-json\/wp\/v2\/pages"}],"about":[{"href":"https:\/\/paroissesaintmartindacheres.fr\/index.php\/wp-json\/wp\/v2\/types\/page"}],"author":[{"embeddable":true,"href":"https:\/\/paroissesaintmartindacheres.fr\/index.php\/wp-json\/wp\/v2\/users\/1"}],"replies":[{"embeddable":true,"href":"https:\/\/paroissesaintmartindacheres.fr\/index.php\/wp-json\/wp\/v2\/comments?post=967"}],"version-history":[{"count":31,"href":"https:\/\/paroissesaintmartindacheres.fr\/index.php\/wp-json\/wp\/v2\/pages\/967\/revisions"}],"predecessor-version":[{"id":10607,"href":"https:\/\/paroissesaintmartindacheres.fr\/index.php\/wp-json\/wp\/v2\/pages\/967\/revisions\/10607"}],"wp:attachment":[{"href":"https:\/\/paroissesaintmartindacheres.fr\/index.php\/wp-json\/wp\/v2\/media?parent=967"}],"curies":[{"name":"wp","href":"https:\/\/api.w.org\/{rel}","templated":true}]}}