{"id":903,"date":"2018-04-22T23:23:34","date_gmt":"2018-04-22T21:23:34","guid":{"rendered":"http:\/\/paroissesaintmartindacheres.fr\/?page_id=903"},"modified":"2025-03-08T01:14:51","modified_gmt":"2025-03-08T00:14:51","slug":"sacrement-des-malades","status":"publish","type":"page","link":"https:\/\/paroissesaintmartindacheres.fr\/index.php\/sacrement-des-malades\/","title":{"rendered":"Sacrement des malades"},"content":{"rendered":"\t\t<div data-elementor-type=\"wp-page\" data-elementor-id=\"903\" class=\"elementor elementor-903\">\n\t\t\t\t<div class=\"elementor-element elementor-element-46211b3 e-con-full e-flex e-con e-parent\" data-id=\"46211b3\" data-element_type=\"container\" data-e-type=\"container\" data-settings=\"{&quot;background_background&quot;:&quot;classic&quot;}\">\n\t\t<div class=\"elementor-element elementor-element-f86a09d e-con-full e-flex e-con e-child\" data-id=\"f86a09d\" data-element_type=\"container\" data-e-type=\"container\">\n\t\t\t\t<div class=\"elementor-element elementor-element-630e911 elementor-widget elementor-widget-heading\" data-id=\"630e911\" data-element_type=\"widget\" data-e-type=\"widget\" data-widget_type=\"heading.default\">\n\t\t\t\t<div class=\"elementor-widget-container\">\n\t\t\t\t\t<h1 class=\"elementor-heading-title elementor-size-default\">Le sacrement des malades<\/h1>\t\t\t\t<\/div>\n\t\t\t\t<\/div>\n\t\t\t\t<\/div>\n\t\t<div class=\"elementor-element elementor-element-137222c e-con-full e-flex e-con e-child\" data-id=\"137222c\" data-element_type=\"container\" data-e-type=\"container\" data-settings=\"{&quot;background_background&quot;:&quot;classic&quot;}\">\n\t\t\t\t<\/div>\n\t\t<div class=\"elementor-element elementor-element-3610398 e-con-full e-flex e-con e-child\" data-id=\"3610398\" data-element_type=\"container\" data-e-type=\"container\">\n\t\t\t\t<div class=\"elementor-element elementor-element-e4b0e6f elementor-widget elementor-widget-text-editor\" data-id=\"e4b0e6f\" data-element_type=\"widget\" data-e-type=\"widget\" data-widget_type=\"text-editor.default\">\n\t\t\t\t<div class=\"elementor-widget-container\">\n\t\t\t\t\t\t\t\t\t<p>\u00ab\u00a0Si l\u2019un de vous est malade, qu\u2019il fasse appeler les anciens de la communaut\u00e9 qui prieront pour lui en pratiquant une onction d\u2019huile au nom du Seigneur.\u00a0\u00bb (Jc 5, 14).<\/p>\t\t\t\t\t\t\t\t<\/div>\n\t\t\t\t<\/div>\n\t\t\t\t<\/div>\n\t\t\t\t<\/div>\n\t\t<div class=\"elementor-element elementor-element-a793a9a e-flex e-con-boxed e-con e-parent\" data-id=\"a793a9a\" data-element_type=\"container\" data-e-type=\"container\">\n\t\t\t\t\t<div class=\"e-con-inner\">\n\t\t<div class=\"elementor-element elementor-element-19bdeb3 e-con-full e-flex e-con e-child\" data-id=\"19bdeb3\" data-element_type=\"container\" data-e-type=\"container\">\n\t\t\t\t<div class=\"elementor-element elementor-element-7b88308 elementor-widget elementor-widget-text-editor\" data-id=\"7b88308\" data-element_type=\"widget\" data-e-type=\"widget\" data-widget_type=\"text-editor.default\">\n\t\t\t\t<div class=\"elementor-widget-container\">\n\t\t\t\t\t\t\t\t\t<p><strong>\u00ab\u00a0Par cette onction sainte, que le Seigneur en sa grande bont\u00e9 vous r\u00e9conforte par la gr\u00e2ce de l\u2019Esprit-Saint. Ainsi, vous ayant lib\u00e9r\u00e9 de tous p\u00e9ch\u00e9s et de tout mal, qu\u2019il vous sauve et vous rel\u00e8ve\u00a0\u00bb.<\/strong><\/p><p>Le sacrement des malades est donn\u00e9 par l&rsquo;imposition des mains et l&rsquo;onction d&rsquo;huile sainte sur le front et dans les mains de la personne malade, avec les paroles du rituel (voir ci-dessus).<\/p>\t\t\t\t\t\t\t\t<\/div>\n\t\t\t\t<\/div>\n\t\t\t\t<\/div>\n\t\t\t\t\t<\/div>\n\t\t\t\t<\/div>\n\t\t<div class=\"elementor-element elementor-element-5534136 e-flex e-con-boxed e-con e-parent\" data-id=\"5534136\" data-element_type=\"container\" data-e-type=\"container\">\n\t\t\t\t\t<div class=\"e-con-inner\">\n\t\t<div class=\"elementor-element elementor-element-5817f67 e-con-full e-flex e-con e-child\" data-id=\"5817f67\" data-element_type=\"container\" data-e-type=\"container\">\n\t\t\t\t<div class=\"elementor-element elementor-element-262c7cf elementor-widget elementor-widget-heading\" data-id=\"262c7cf\" data-element_type=\"widget\" data-e-type=\"widget\" data-widget_type=\"heading.default\">\n\t\t\t\t<div class=\"elementor-widget-container\">\n\t\t\t\t\t<h2 class=\"elementor-heading-title elementor-size-default\">Qu'est-ce que le sacrement des malades ?<\/h2>\t\t\t\t<\/div>\n\t\t\t\t<\/div>\n\t\t\t\t<\/div>\n\t\t\t\t\t<\/div>\n\t\t\t\t<\/div>\n\t\t<div class=\"elementor-element elementor-element-4c33d31 e-flex e-con-boxed e-con e-parent\" data-id=\"4c33d31\" data-element_type=\"container\" data-e-type=\"container\">\n\t\t\t\t\t<div class=\"e-con-inner\">\n\t\t<div class=\"elementor-element elementor-element-fd83d23 e-con-full e-flex e-con e-child\" data-id=\"fd83d23\" data-element_type=\"container\" data-e-type=\"container\">\n\t\t\t\t<div class=\"elementor-element elementor-element-b0a7ed6 elementor-widget elementor-widget-text-editor\" data-id=\"b0a7ed6\" data-element_type=\"widget\" data-e-type=\"widget\" data-widget_type=\"text-editor.default\">\n\t\t\t\t<div class=\"elementor-widget-container\">\n\t\t\t\t\t\t\t\t\t<p>Le sacrement des malades est le sacrement de la vie et des vivants; il donne la vie m\u00eame de Dieu, et peut-\u00eatre donn\u00e9 plusieurs fois, du moment o\u00f9 il y a une alt\u00e9ration de l&rsquo;\u00e9tat de la sant\u00e9 de la personne malade.<\/p><p>C&rsquo;est ce sens que le concile Vatican II vient affirmer, alors qu&rsquo;autrefois le sacrement des malades, appel\u00e9 \u00ab\u00a0extr\u00eame-onction\u00a0\u00bb, \u00e9tait le sacrement des mourants et \u00e9tait conf\u00e9r\u00e9 aux personnes en fin de vie, \u00e0 l&rsquo;article de la mort, et il ne pouvait \u00eatre administr\u00e9 qu&rsquo;une unique fois.<\/p><p>Ce changement de perspective doit nous lib\u00e9rer de la peur et ne pas alors nous faire h\u00e9siter \u00e0 demander en paroisse ou au sein de l&rsquo;aum\u00f4nerie d&rsquo;h\u00f4pital, pour nous-m\u00eames, ou \u00e0 le proposer \u00e0 des personnes que nous connaissons, ce sacrement de la compassion de Dieu, quand nous en ressentons le besoin. Nous pouvons aussi donner en m\u00eame temps \u00e0 la personne malade la communion, si son \u00e9tat lui permet de la recevoir. En cas d&rsquo;ultime communion, ce serait alors le viatique (\u00ab\u00a0provision pour la route\u00a0\u00bb) qui pr\u00e9pare au passage de la vie terrestre \u00e0 la vie \u00e9ternelle en Dieu.<\/p><p>Le P\u00e8re Alfred Ancel (1898-1984), ancien \u00e9v\u00eaque auxiliaire de Lyon, disait: \u00ab\u00a0Par cette onction, la lumi\u00e8re et la force du Saint-Esprit p\u00e9n\u00e8trent dans nos pens\u00e9es et nos actions\u00a0\u00bb.<br \/>Lumi\u00e8re pour le monde, pour ceux qui sont afflig\u00e9s, lumi\u00e8re du Christ aujourd&rsquo;hui et pour toujours.<\/p>\t\t\t\t\t\t\t\t<\/div>\n\t\t\t\t<\/div>\n\t\t\t\t<\/div>\n\t\t\t\t\t<\/div>\n\t\t\t\t<\/div>\n\t\t<div class=\"elementor-element elementor-element-19a18fa e-flex e-con-boxed e-con e-parent\" data-id=\"19a18fa\" data-element_type=\"container\" data-e-type=\"container\">\n\t\t\t\t\t<div class=\"e-con-inner\">\n\t\t<div class=\"elementor-element elementor-element-722dae2 e-con-full e-flex e-con e-child\" data-id=\"722dae2\" data-element_type=\"container\" data-e-type=\"container\">\n\t\t\t\t<div class=\"elementor-element elementor-element-0c3b719 elementor-widget elementor-widget-heading\" data-id=\"0c3b719\" data-element_type=\"widget\" data-e-type=\"widget\" data-widget_type=\"heading.default\">\n\t\t\t\t<div class=\"elementor-widget-container\">\n\t\t\t\t\t<h2 class=\"elementor-heading-title elementor-size-default\">Comment faire pour recevoir le sacrement des malades ?<\/h2>\t\t\t\t<\/div>\n\t\t\t\t<\/div>\n\t\t\t\t<\/div>\n\t\t\t\t\t<\/div>\n\t\t\t\t<\/div>\n\t\t<div class=\"elementor-element elementor-element-9ca2aa4 e-flex e-con-boxed e-con e-parent\" data-id=\"9ca2aa4\" data-element_type=\"container\" data-e-type=\"container\">\n\t\t\t\t\t<div class=\"e-con-inner\">\n\t\t<div class=\"elementor-element elementor-element-f0c1072 e-con-full e-flex e-con e-child\" data-id=\"f0c1072\" data-element_type=\"container\" data-e-type=\"container\">\n\t\t\t\t<div class=\"elementor-element elementor-element-fec2c4b elementor-widget elementor-widget-text-editor\" data-id=\"fec2c4b\" data-element_type=\"widget\" data-e-type=\"widget\" data-widget_type=\"text-editor.default\">\n\t\t\t\t<div class=\"elementor-widget-container\">\n\t\t\t\t\t\t\t\t\t<p>Une fois dans l&rsquo;ann\u00e9e, au cours de la messe des malades, le sacrement est donn\u00e9 \u00e0 ceux qui le demandent et qui s&rsquo;y sont pr\u00e9par\u00e9s.<\/p><p>Pour faire la demande et la pr\u00e9paration au sacrement des malades :<\/p><ul><li>Appeler le secr\u00e9tariat de la paroisse au : 01 39 11 10 24,\u00a0<\/li><li>Contacter les responsables du Service Evang\u00e9lique des Malades, pour cela aller sur le lien suivant : <a href=\"https:\/\/paroissesaintmartindacheres.fr\/index.php\/service-paroissial-des-malades\/\"><strong>Contacter le SEM<\/strong><\/a><\/li><\/ul>\t\t\t\t\t\t\t\t<\/div>\n\t\t\t\t<\/div>\n\t\t\t\t<\/div>\n\t\t\t\t\t<\/div>\n\t\t\t\t<\/div>\n\t\t\t\t<\/div>\n\t\t","protected":false},"excerpt":{"rendered":"<p>Le sacrement des malades \u00ab\u00a0Si l\u2019un de vous est malade, qu\u2019il fasse appeler les anciens de la communaut\u00e9 qui prieront pour lui en pratiquant une onction d\u2019huile au nom du [&hellip;]<\/p>\n","protected":false},"author":1,"featured_media":0,"parent":0,"menu_order":0,"comment_status":"closed","ping_status":"closed","template":"","meta":{"footnotes":""},"class_list":["post-903","page","type-page","status-publish","hentry","entry"],"_links":{"self":[{"href":"https:\/\/paroissesaintmartindacheres.fr\/index.php\/wp-json\/wp\/v2\/pages\/903","targetHints":{"allow":["GET"]}}],"collection":[{"href":"https:\/\/paroissesaintmartindacheres.fr\/index.php\/wp-json\/wp\/v2\/pages"}],"about":[{"href":"https:\/\/paroissesaintmartindacheres.fr\/index.php\/wp-json\/wp\/v2\/types\/page"}],"author":[{"embeddable":true,"href":"https:\/\/paroissesaintmartindacheres.fr\/index.php\/wp-json\/wp\/v2\/users\/1"}],"replies":[{"embeddable":true,"href":"https:\/\/paroissesaintmartindacheres.fr\/index.php\/wp-json\/wp\/v2\/comments?post=903"}],"version-history":[{"count":37,"href":"https:\/\/paroissesaintmartindacheres.fr\/index.php\/wp-json\/wp\/v2\/pages\/903\/revisions"}],"predecessor-version":[{"id":10637,"href":"https:\/\/paroissesaintmartindacheres.fr\/index.php\/wp-json\/wp\/v2\/pages\/903\/revisions\/10637"}],"wp:attachment":[{"href":"https:\/\/paroissesaintmartindacheres.fr\/index.php\/wp-json\/wp\/v2\/media?parent=903"}],"curies":[{"name":"wp","href":"https:\/\/api.w.org\/{rel}","templated":true}]}}