{"id":899,"date":"2018-04-22T23:20:13","date_gmt":"2018-04-22T21:20:13","guid":{"rendered":"http:\/\/paroissesaintmartindacheres.fr\/?page_id=899"},"modified":"2025-11-07T11:10:59","modified_gmt":"2025-11-07T10:10:59","slug":"sacrement-de-la-reconciliation","status":"publish","type":"page","link":"https:\/\/paroissesaintmartindacheres.fr\/index.php\/sacrement-de-la-reconciliation\/","title":{"rendered":"Sacrement de R\u00e9conciliation"},"content":{"rendered":"\t\t<div data-elementor-type=\"wp-page\" data-elementor-id=\"899\" class=\"elementor elementor-899\">\n\t\t\t\t<div class=\"elementor-element elementor-element-7047043 e-con-full e-flex e-con e-parent\" data-id=\"7047043\" data-element_type=\"container\" data-e-type=\"container\" data-settings=\"{&quot;background_background&quot;:&quot;classic&quot;}\">\n\t\t<div class=\"elementor-element elementor-element-1a24ece e-con-full e-flex e-con e-child\" data-id=\"1a24ece\" data-element_type=\"container\" data-e-type=\"container\">\n\t\t\t\t<div class=\"elementor-element elementor-element-6cc0873 elementor-widget elementor-widget-heading\" data-id=\"6cc0873\" data-element_type=\"widget\" data-e-type=\"widget\" data-widget_type=\"heading.default\">\n\t\t\t\t<div class=\"elementor-widget-container\">\n\t\t\t\t\t<h1 class=\"elementor-heading-title elementor-size-default\">Le sacrement de r\u00e9conciliation : la confession<\/h1>\t\t\t\t<\/div>\n\t\t\t\t<\/div>\n\t\t\t\t<\/div>\n\t\t<div class=\"elementor-element elementor-element-529cf8a e-con-full e-flex e-con e-child\" data-id=\"529cf8a\" data-element_type=\"container\" data-e-type=\"container\" data-settings=\"{&quot;background_background&quot;:&quot;classic&quot;}\">\n\t\t\t\t<\/div>\n\t\t<div class=\"elementor-element elementor-element-29eb7cb e-con-full e-flex e-con e-child\" data-id=\"29eb7cb\" data-element_type=\"container\" data-e-type=\"container\">\n\t\t\t\t<div class=\"elementor-element elementor-element-cb4c526 elementor-widget elementor-widget-text-editor\" data-id=\"cb4c526\" data-element_type=\"widget\" data-e-type=\"widget\" data-widget_type=\"text-editor.default\">\n\t\t\t\t<div class=\"elementor-widget-container\">\n\t\t\t\t\t\t\t\t\t<p>\u00ab\u00a0Confessez donc vos p\u00e9ch\u00e9s les uns aux autres, et priez les uns pour les autres afin d\u2019\u00eatre gu\u00e9ris. La supplication du juste agit avec beaucoup de force.\u00a0\u00bb (Jacques 5,16)<\/p>\t\t\t\t\t\t\t\t<\/div>\n\t\t\t\t<\/div>\n\t\t\t\t<\/div>\n\t\t\t\t<\/div>\n\t\t<div class=\"elementor-element elementor-element-75db4b2 e-flex e-con-boxed e-con e-parent\" data-id=\"75db4b2\" data-element_type=\"container\" data-e-type=\"container\">\n\t\t\t\t\t<div class=\"e-con-inner\">\n\t\t<div class=\"elementor-element elementor-element-3ee71b0 e-con-full e-flex e-con e-child\" data-id=\"3ee71b0\" data-element_type=\"container\" data-e-type=\"container\">\n\t\t\t\t<div class=\"elementor-element elementor-element-8bfb714 elementor-widget elementor-widget-text-editor\" data-id=\"8bfb714\" data-element_type=\"widget\" data-e-type=\"widget\" data-widget_type=\"text-editor.default\">\n\t\t\t\t<div class=\"elementor-widget-container\">\n\t\t\t\t\t\t\t\t\t<p>\u00ab Que Dieu notre P\u00e8re vous montre sa mis\u00e9ricorde : par la mort et la r\u00e9surrection de son Fils il a r\u00e9concili\u00e9 le monde avec lui et il a envoy\u00e9 l\u2019Esprit Saint pour la r\u00e9mission des p\u00e9ch\u00e9s. Par le minist\u00e8re de l\u2019Eglise, qu\u2019il vous donne le pardon et la paix. Et moi, au nom du P\u00e8re et du Fils et du Saint-Esprit, je vous pardonne tous vos p\u00e9ch\u00e9s. \u00bb<\/p><p>C\u2019est par cette parole du rituel que le pr\u00eatre absout le p\u00e9nitent.<\/p>\t\t\t\t\t\t\t\t<\/div>\n\t\t\t\t<\/div>\n\t\t\t\t<\/div>\n\t\t\t\t\t<\/div>\n\t\t\t\t<\/div>\n\t\t<div class=\"elementor-element elementor-element-0d42108 e-flex e-con-boxed e-con e-parent\" data-id=\"0d42108\" data-element_type=\"container\" data-e-type=\"container\">\n\t\t\t\t\t<div class=\"e-con-inner\">\n\t\t<div class=\"elementor-element elementor-element-dd0ecb5 e-con-full e-flex e-con e-child\" data-id=\"dd0ecb5\" data-element_type=\"container\" data-e-type=\"container\">\n\t\t\t\t<div class=\"elementor-element elementor-element-766b72b elementor-widget elementor-widget-heading\" data-id=\"766b72b\" data-element_type=\"widget\" data-e-type=\"widget\" data-widget_type=\"heading.default\">\n\t\t\t\t<div class=\"elementor-widget-container\">\n\t\t\t\t\t<h2 class=\"elementor-heading-title elementor-size-default\">Qu'est ce que la confession ?<\/h2>\t\t\t\t<\/div>\n\t\t\t\t<\/div>\n\t\t\t\t<\/div>\n\t\t\t\t\t<\/div>\n\t\t\t\t<\/div>\n\t\t<div class=\"elementor-element elementor-element-1ea3a7e e-flex e-con-boxed e-con e-parent\" data-id=\"1ea3a7e\" data-element_type=\"container\" data-e-type=\"container\">\n\t\t\t\t\t<div class=\"e-con-inner\">\n\t\t<div class=\"elementor-element elementor-element-78aefa0 e-con-full e-flex e-con e-child\" data-id=\"78aefa0\" data-element_type=\"container\" data-e-type=\"container\">\n\t\t\t\t<div class=\"elementor-element elementor-element-c41806f elementor-widget elementor-widget-text-editor\" data-id=\"c41806f\" data-element_type=\"widget\" data-e-type=\"widget\" data-widget_type=\"text-editor.default\">\n\t\t\t\t<div class=\"elementor-widget-container\">\n\t\t\t\t\t\t\t\t\t<p>Venir se confesser aupr\u00e8s d\u2019un pr\u00eatre, c\u2019est faire une d\u00e9marche de foi, de confiance et d\u2019esp\u00e9rance. C\u2019est Dieu qui donne son pardon, le don au-dessus de tout don. Le sacrement de r\u00e9conciliation est le signe de l\u2019amour infini de Dieu pour tout \u00eatre humain. Il s\u2019engage dans la fid\u00e9lit\u00e9 de son alliance avec nous, et nous venons renouer aupr\u00e8s de Lui les liens rompus avec Lui et avec nos fr\u00e8res et s\u0153urs. Avant de r\u00e9citer une liste interminable de p\u00e9ch\u00e9s, c\u2019est d\u2019abord l\u2019amour du Seigneur que nous venons professer et demander. \u00ab Dieu est plus grand que notre c\u0153ur, et il conna\u00eet toutes choses \u00bb (1Jean3, 20).<\/p><p>Nous avons besoin de son pardon pour pouvoir avancer, pour nous relever, pour ressusciter et ressusciter les hommes et les femmes de notre temps. N\u2019ayons pas peur de Lui, n\u2019ayons pas peur de nous et de nos p\u00e9ch\u00e9s. Il nous attend avec tendresse et patience. Le temps presse. Soyons de v\u00e9ritables disciples du Christ !<\/p>\t\t\t\t\t\t\t\t<\/div>\n\t\t\t\t<\/div>\n\t\t\t\t<\/div>\n\t\t\t\t\t<\/div>\n\t\t\t\t<\/div>\n\t\t<div class=\"elementor-element elementor-element-44b0f08 e-flex e-con-boxed e-con e-parent\" data-id=\"44b0f08\" data-element_type=\"container\" data-e-type=\"container\">\n\t\t\t\t\t<div class=\"e-con-inner\">\n\t\t<div class=\"elementor-element elementor-element-1dd0241 e-con-full e-flex e-con e-child\" data-id=\"1dd0241\" data-element_type=\"container\" data-e-type=\"container\">\n\t\t\t\t<div class=\"elementor-element elementor-element-757fcad elementor-widget elementor-widget-heading\" data-id=\"757fcad\" data-element_type=\"widget\" data-e-type=\"widget\" data-widget_type=\"heading.default\">\n\t\t\t\t<div class=\"elementor-widget-container\">\n\t\t\t\t\t<h2 class=\"elementor-heading-title elementor-size-default\">Comment se confesser ?<\/h2>\t\t\t\t<\/div>\n\t\t\t\t<\/div>\n\t\t\t\t<\/div>\n\t\t\t\t\t<\/div>\n\t\t\t\t<\/div>\n\t\t<div class=\"elementor-element elementor-element-672e91a e-flex e-con-boxed e-con e-parent\" data-id=\"672e91a\" data-element_type=\"container\" data-e-type=\"container\">\n\t\t\t\t\t<div class=\"e-con-inner\">\n\t\t<div class=\"elementor-element elementor-element-32b9e09 e-con-full e-flex e-con e-child\" data-id=\"32b9e09\" data-element_type=\"container\" data-e-type=\"container\">\n\t\t\t\t<div class=\"elementor-element elementor-element-c4408c3 elementor-widget elementor-widget-text-editor\" data-id=\"c4408c3\" data-element_type=\"widget\" data-e-type=\"widget\" data-widget_type=\"text-editor.default\">\n\t\t\t\t<div class=\"elementor-widget-container\">\n\t\t\t\t\t\t\t\t\t<p>Dieu n\u2019a pas besoin que nous parlions beaucoup ni que nous nous justifions. Il attend de nous simplement une d\u00e9marche vraiment humble et sinc\u00e8re. Le pardon du Seigneur, qui est toujours premier, nous engage aussi dans une d\u00e9marche de v\u00e9rit\u00e9 : faire la lumi\u00e8re sur soi pour vivre en enfants de lumi\u00e8re. Le pardon re\u00e7u, nous voulons alors, avec la puissance de l\u2019Esprit Saint, rejeter loin de nous ce qui peut blesser le c\u0153ur de Dieu et mener une vie en coh\u00e9rence avec l\u2019Evangile. Et nous blessons Dieu, lorsque nous blessons nos fr\u00e8res et s\u0153urs. Le p\u00e9ch\u00e9, c\u2019est \u00ab ce qui nous s\u00e9pare de l\u2019amour de Dieu \u00bb.<\/p>\t\t\t\t\t\t\t\t<\/div>\n\t\t\t\t<\/div>\n\t\t\t\t<\/div>\n\t\t\t\t\t<\/div>\n\t\t\t\t<\/div>\n\t\t<div class=\"elementor-element elementor-element-fb6ad22 e-flex e-con-boxed e-con e-parent\" data-id=\"fb6ad22\" data-element_type=\"container\" data-e-type=\"container\">\n\t\t\t\t\t<div class=\"e-con-inner\">\n\t\t<div class=\"elementor-element elementor-element-6f2591b e-con-full e-flex e-con e-child\" data-id=\"6f2591b\" data-element_type=\"container\" data-e-type=\"container\">\n\t\t\t\t<div class=\"elementor-element elementor-element-33db903 elementor-widget elementor-widget-heading\" data-id=\"33db903\" data-element_type=\"widget\" data-e-type=\"widget\" data-widget_type=\"heading.default\">\n\t\t\t\t<div class=\"elementor-widget-container\">\n\t\t\t\t\t<h2 class=\"elementor-heading-title elementor-size-default\">Horaires de confession<\/h2>\t\t\t\t<\/div>\n\t\t\t\t<\/div>\n\t\t\t\t<\/div>\n\t\t\t\t\t<\/div>\n\t\t\t\t<\/div>\n\t\t<div class=\"elementor-element elementor-element-937b95f e-flex e-con-boxed e-con e-parent\" data-id=\"937b95f\" data-element_type=\"container\" data-e-type=\"container\">\n\t\t\t\t\t<div class=\"e-con-inner\">\n\t\t<div class=\"elementor-element elementor-element-a7da508 e-con-full e-flex e-con e-child\" data-id=\"a7da508\" data-element_type=\"container\" data-e-type=\"container\">\n\t\t<div class=\"elementor-element elementor-element-0a6b541 e-con-full e-flex e-con e-child\" data-id=\"0a6b541\" data-element_type=\"container\" data-e-type=\"container\" data-settings=\"{&quot;background_background&quot;:&quot;classic&quot;}\">\n\t\t\t\t<div class=\"elementor-element elementor-element-fe1a518 elementor-widget elementor-widget-text-editor\" data-id=\"fe1a518\" data-element_type=\"widget\" data-e-type=\"widget\" data-widget_type=\"text-editor.default\">\n\t\t\t\t<div class=\"elementor-widget-container\">\n\t\t\t\t\t\t\t\t\t<p>Tous les mercredi de 17h30 \u00e0 18h30<\/p><p>Tous les samedi de 9h20 \u00e0 10h30<\/p><p>Sur rendez-vous avec le pr\u00eatre en appelant le secr\u00e9tariat de la paroisse au\u00a0<strong>01 39 11 10 24<\/strong><\/p>\t\t\t\t\t\t\t\t<\/div>\n\t\t\t\t<\/div>\n\t\t\t\t<\/div>\n\t\t\t\t<div class=\"elementor-element elementor-element-79edfc9 elementor-widget elementor-widget-button\" data-id=\"79edfc9\" data-element_type=\"widget\" data-e-type=\"widget\" data-widget_type=\"button.default\">\n\t\t\t\t<div class=\"elementor-widget-container\">\n\t\t\t\t\t\t\t\t\t<div class=\"elementor-button-wrapper\">\n\t\t\t\t\t<a class=\"elementor-button elementor-button-link elementor-size-sm\" href=\"#\">\n\t\t\t\t\t\t<span class=\"elementor-button-content-wrapper\">\n\t\t\t\t\t\t\t\t\t<span class=\"elementor-button-text\">Contactez-nous pour prendre rendez-vous<\/span>\n\t\t\t\t\t<\/span>\n\t\t\t\t\t<\/a>\n\t\t\t\t<\/div>\n\t\t\t\t\t\t\t\t<\/div>\n\t\t\t\t<\/div>\n\t\t\t\t<\/div>\n\t\t\t\t\t<\/div>\n\t\t\t\t<\/div>\n\t\t\t\t<\/div>\n\t\t","protected":false},"excerpt":{"rendered":"<p>Le sacrement de r\u00e9conciliation : la confession \u00ab\u00a0Confessez donc vos p\u00e9ch\u00e9s les uns aux autres, et priez les uns pour les autres afin d\u2019\u00eatre gu\u00e9ris. La supplication du juste agit [&hellip;]<\/p>\n","protected":false},"author":1,"featured_media":0,"parent":0,"menu_order":0,"comment_status":"closed","ping_status":"closed","template":"","meta":{"footnotes":""},"class_list":["post-899","page","type-page","status-publish","hentry","entry"],"_links":{"self":[{"href":"https:\/\/paroissesaintmartindacheres.fr\/index.php\/wp-json\/wp\/v2\/pages\/899","targetHints":{"allow":["GET"]}}],"collection":[{"href":"https:\/\/paroissesaintmartindacheres.fr\/index.php\/wp-json\/wp\/v2\/pages"}],"about":[{"href":"https:\/\/paroissesaintmartindacheres.fr\/index.php\/wp-json\/wp\/v2\/types\/page"}],"author":[{"embeddable":true,"href":"https:\/\/paroissesaintmartindacheres.fr\/index.php\/wp-json\/wp\/v2\/users\/1"}],"replies":[{"embeddable":true,"href":"https:\/\/paroissesaintmartindacheres.fr\/index.php\/wp-json\/wp\/v2\/comments?post=899"}],"version-history":[{"count":57,"href":"https:\/\/paroissesaintmartindacheres.fr\/index.php\/wp-json\/wp\/v2\/pages\/899\/revisions"}],"predecessor-version":[{"id":196242,"href":"https:\/\/paroissesaintmartindacheres.fr\/index.php\/wp-json\/wp\/v2\/pages\/899\/revisions\/196242"}],"wp:attachment":[{"href":"https:\/\/paroissesaintmartindacheres.fr\/index.php\/wp-json\/wp\/v2\/media?parent=899"}],"curies":[{"name":"wp","href":"https:\/\/api.w.org\/{rel}","templated":true}]}}