{"id":82,"date":"2017-11-19T19:00:43","date_gmt":"2017-11-19T18:00:43","guid":{"rendered":"http:\/\/paroissesaintmartindacheres.fr\/?page_id=82"},"modified":"2026-03-06T10:00:51","modified_gmt":"2026-03-06T09:00:51","slug":"le-centre-saint-jean-xxiii","status":"publish","type":"page","link":"https:\/\/paroissesaintmartindacheres.fr\/index.php\/le-centre-saint-jean-xxiii\/","title":{"rendered":"Le Centre Saint Jean XXIII"},"content":{"rendered":"\t\t<div data-elementor-type=\"wp-page\" data-elementor-id=\"82\" class=\"elementor elementor-82\">\n\t\t\t\t<div class=\"elementor-element elementor-element-4416244 e-flex e-con-boxed e-con e-parent\" data-id=\"4416244\" data-element_type=\"container\" data-e-type=\"container\" data-settings=\"{&quot;background_background&quot;:&quot;classic&quot;}\">\n\t\t\t\t\t<div class=\"e-con-inner\">\n\t\t<div class=\"elementor-element elementor-element-435ea95 e-con-full e-flex e-con e-child\" data-id=\"435ea95\" data-element_type=\"container\" data-e-type=\"container\">\n\t\t\t\t<div class=\"elementor-element elementor-element-f79193c elementor-widget elementor-widget-heading\" data-id=\"f79193c\" data-element_type=\"widget\" data-e-type=\"widget\" data-widget_type=\"heading.default\">\n\t\t\t\t<div class=\"elementor-widget-container\">\n\t\t\t\t\t<h2 class=\"elementor-heading-title elementor-size-default\">Le centre Saint Jean XXIII<\/h2>\t\t\t\t<\/div>\n\t\t\t\t<\/div>\n\t\t\t\t<\/div>\n\t\t\t\t\t<\/div>\n\t\t\t\t<\/div>\n\t\t<div class=\"elementor-element elementor-element-ea0e84b e-flex e-con-boxed e-con e-parent\" data-id=\"ea0e84b\" data-element_type=\"container\" data-e-type=\"container\" data-settings=\"{&quot;background_background&quot;:&quot;classic&quot;}\">\n\t\t\t\t\t<div class=\"e-con-inner\">\n\t\t<div class=\"elementor-element elementor-element-91de2d0 e-con-full e-flex e-con e-child\" data-id=\"91de2d0\" data-element_type=\"container\" data-e-type=\"container\">\n\t\t\t\t<div class=\"elementor-element elementor-element-4b941a5 elementor-widget elementor-widget-text-editor\" data-id=\"4b941a5\" data-element_type=\"widget\" data-e-type=\"widget\" data-widget_type=\"text-editor.default\">\n\t\t\t\t<div class=\"elementor-widget-container\">\n\t\t\t\t\t\t\t\t\t<p>Le centre paroissial Saint Jean XXIII est un b\u00e2timent qui peut recevoir 500 personnes, il dispose d&rsquo;une salle de culte au rez-de-chauss\u00e9e, \u00e0 l&rsquo;\u00e9tage, se trouvent des salles de r\u00e9union, un appartement pouvant h\u00e9berger un pr\u00eatre ou une religieuse si n\u00e9cessaire.<\/p><p>Le centre, qui dispose \u00e9galement d&rsquo;une grande cour et d&rsquo;un garage, est fonctionnel et construit avec astuce sur l&rsquo;ancienne salle paroissiale, il est tr\u00e8s utile \u00e0 la paroisse surtout lors des c\u00e9l\u00e9brations r\u00e9unissant un grand nombre de fid\u00e8les.<\/p>\t\t\t\t\t\t\t\t<\/div>\n\t\t\t\t<\/div>\n\t\t\t\t<\/div>\n\t\t<div class=\"elementor-element elementor-element-7a091d9 e-con-full e-flex e-con e-child\" data-id=\"7a091d9\" data-element_type=\"container\" data-e-type=\"container\" data-settings=\"{&quot;background_background&quot;:&quot;classic&quot;}\">\n\t\t\t\t<div class=\"elementor-element elementor-element-5dd3169 elementor-widget__width-initial elementor-widget elementor-widget-image\" data-id=\"5dd3169\" data-element_type=\"widget\" data-e-type=\"widget\" data-widget_type=\"image.default\">\n\t\t\t\t<div class=\"elementor-widget-container\">\n\t\t\t\t\t\t\t\t\t\t\t\t\t\t\t<img fetchpriority=\"high\" decoding=\"async\" width=\"500\" height=\"364\" src=\"https:\/\/paroissesaintmartindacheres.fr\/wp-content\/uploads\/2025\/03\/Centre-Jean-23-en-2016.webp\" class=\"attachment-large size-large wp-image-10289\" alt=\"\" srcset=\"https:\/\/paroissesaintmartindacheres.fr\/wp-content\/uploads\/2025\/03\/Centre-Jean-23-en-2016.webp 500w, https:\/\/paroissesaintmartindacheres.fr\/wp-content\/uploads\/2025\/03\/Centre-Jean-23-en-2016-300x218.webp 300w\" sizes=\"(max-width: 500px) 100vw, 500px\" \/>\t\t\t\t\t\t\t\t\t\t\t\t\t\t\t<\/div>\n\t\t\t\t<\/div>\n\t\t\t\t<\/div>\n\t\t\t\t\t<\/div>\n\t\t\t\t<\/div>\n\t\t<div class=\"elementor-element elementor-element-272b03e e-flex e-con-boxed e-con e-parent\" data-id=\"272b03e\" data-element_type=\"container\" data-e-type=\"container\">\n\t\t\t\t\t<div class=\"e-con-inner\">\n\t\t<div class=\"elementor-element elementor-element-0beab77 e-con-full e-flex e-con e-child\" data-id=\"0beab77\" data-element_type=\"container\" data-e-type=\"container\">\n\t\t\t\t<div class=\"elementor-element elementor-element-3203862 elementor-widget elementor-widget-heading\" data-id=\"3203862\" data-element_type=\"widget\" data-e-type=\"widget\" data-widget_type=\"heading.default\">\n\t\t\t\t<div class=\"elementor-widget-container\">\n\t\t\t\t\t<h2 class=\"elementor-heading-title elementor-size-default\">Faisons un peu d'histoire<\/h2>\t\t\t\t<\/div>\n\t\t\t\t<\/div>\n\t\t\t\t<\/div>\n\t\t\t\t\t<\/div>\n\t\t\t\t<\/div>\n\t\t<div class=\"elementor-element elementor-element-3bebfd4 e-flex e-con-boxed e-con e-parent\" data-id=\"3bebfd4\" data-element_type=\"container\" data-e-type=\"container\">\n\t\t\t\t\t<div class=\"e-con-inner\">\n\t\t<div class=\"elementor-element elementor-element-6e521dd e-con-full e-flex e-con e-child\" data-id=\"6e521dd\" data-element_type=\"container\" data-e-type=\"container\">\n\t\t\t\t<div class=\"elementor-element elementor-element-5984b62 elementor-widget elementor-widget-text-editor\" data-id=\"5984b62\" data-element_type=\"widget\" data-e-type=\"widget\" data-widget_type=\"text-editor.default\">\n\t\t\t\t<div class=\"elementor-widget-container\">\n\t\t\t\t\t\t\t\t\t<p><br \/>Dans les ann\u00e9es avant 1936 le patrimoine paroissial se composait principalement d\u2019une carri\u00e8re situ\u00e9e \u00e0 la hauteur du 79 rue de Poissy, de la maison des s\u0153urs de St Fran\u00e7ois d\u2019Assise (rue de St Germain) et du terrain correspondant sur lequel sera \u00e9difi\u00e9 en deux \u00e9tapes le futur centre Jean XXIII.<\/p><p>Une association (l\u2019Avenir d&rsquo;Ach\u00e8res) est cr\u00e9\u00e9e en 1929 pour g\u00e9rer ces biens paroissiaux.<\/p><p>Dans cette carri\u00e8re des activit\u00e9s de patronage ont lieu l\u2019\u00e9t\u00e9, un local pour les scouts est construit et certaines c\u00e9l\u00e9brations comme les professions de foi s\u2019y d\u00e9roulent sous la protection de la Vierge Marie (statue rapatri\u00e9e ult\u00e9rieurement \u00e0 l\u2019\u00e9glise Saint Martin).<br \/>La maison des s\u0153urs (rue de St Germain) permet de loger la communaut\u00e9 des s\u0153urs de St Fran\u00e7ois d\u2019Assise. Elles g\u00e9raient la cat\u00e9ch\u00e8se et un dispensaire o\u00f9 elles prodiguaient des soins infirmiers.<\/p><p>Dans les ann\u00e9es 30, l\u2019association \u00abl\u2019Avenir d\u2019Ach\u00e8res\u00bb b\u00e9n\u00e9ficie d\u2019un pr\u00eat sans int\u00e9r\u00eat et envisage la construction d\u2019une salle paroissiale sur le terrain de l\u2019actuel centre Jean XXIII. Les travaux commencent et l\u2019\u00e9difice est termin\u00e9 en 1936. Il est inaugur\u00e9 par l&rsquo;\u00e9v\u00eaque et l\u2019abb\u00e9 Boulanger. Ce 1er b\u00e2timent correspond exactement \u00e0 l\u2019actuelle grande nef du centre Jean XXIII. Il b\u00e9n\u00e9ficie d\u2019un sous-sol, d\u2019une sc\u00e8ne, de coulisses et d\u2019une salle de spectacle. Parall\u00e8lement, une association culturelle est fond\u00e9e (La fraternelle). Des spectacles sont produits et les jeunes de la paroisse y d\u00e9voilent leurs talents artistiques (th\u00e9\u00e2tre, chants et danses). Des Kermesses d\u2019hiver s\u2019y d\u00e9roulent. La SNCF fait don d\u2019un wagon d\u00e9saffect\u00e9 de voyageurs o\u00f9 les s\u0153urs peuvent y dispenser les s\u00e9ances de cat\u00e9ch\u00e8se et o\u00f9 se tient le patronage. Dans le sous-sol de cette salle se trouve le local des scouts. Un garage loge un camion Citro\u00ebn \u00abnez de cochon\u00bb destin\u00e9 \u00e0 assurer le transport des fid\u00e8les et des enfants cat\u00e9chis\u00e9s habitants les fermes de Garenne et des Noyers (situ\u00e9es vers le SIAAP de l\u2019autre c\u00f4t\u00e9 de la nationale 184) pour assister aux offices ou aux s\u00e9ances de cat\u00e9. Cet ensemble concentrait en centre-ville et par tous les temps, toutes les activit\u00e9s de la paroisse.<\/p><p>De 1964 \u00e0 1970 un grand programme de construction de 3500 logements HLM est r\u00e9alis\u00e9 \u00e0 la Barricade, les Champs Villars et les Plantes d\u2019Hennemont. La population s\u2019agrandit, la capacit\u00e9 de l\u2019\u00e9glise St Martin ne suffit plus pour accueillir les fid\u00e8les.<br \/>La d\u00e9cision est prise de vendre la carri\u00e8re et la maison des s\u0153urs pour agrandir le centre Jean 23. La carri\u00e8re est revendue pour y construire de nouveaux logements sociaux et deux pavillons Rue Pierre S\u00e9mard et Georges Bourgoin. La Ville garde la maison des s\u0153urs et y cr\u00e9e une biblioth\u00e8que et des locaux associatifs.<br \/>La construction de l\u2019agrandissement du b\u00e2timent du centre-ville commence en 1969. Il permet d\u2019accueillir 500 personnes, des salles de r\u00e9union et un appartement pour un pr\u00eatre, Cet appartement a \u00e9t\u00e9 par la suite transform\u00e9 en salles de r\u00e9union.<\/p><p>Le centre est inaugur\u00e9 dans sa version actuelle le 18 janvier 1970 et est baptis\u00e9 centre Jean XXIII.\u00a0<\/p>\t\t\t\t\t\t\t\t<\/div>\n\t\t\t\t<\/div>\n\t\t\t\t<\/div>\n\t\t\t\t\t<\/div>\n\t\t\t\t<\/div>\n\t\t<div class=\"elementor-element elementor-element-b3ba62c e-flex e-con-boxed e-con e-parent\" data-id=\"b3ba62c\" data-element_type=\"container\" data-e-type=\"container\">\n\t\t\t\t\t<div class=\"e-con-inner\">\n\t\t<div class=\"elementor-element elementor-element-5556c18 e-con-full e-flex e-con e-child\" data-id=\"5556c18\" data-element_type=\"container\" data-e-type=\"container\">\n\t\t\t\t<div class=\"elementor-element elementor-element-a980fd5 elementor-widget elementor-widget-heading\" data-id=\"a980fd5\" data-element_type=\"widget\" data-e-type=\"widget\" data-widget_type=\"heading.default\">\n\t\t\t\t<div class=\"elementor-widget-container\">\n\t\t\t\t\t<h2 class=\"elementor-heading-title elementor-size-default\">Biographie du pape Jean XXIII<\/h2>\t\t\t\t<\/div>\n\t\t\t\t<\/div>\n\t\t\t\t<\/div>\n\t\t\t\t\t<\/div>\n\t\t\t\t<\/div>\n\t\t<div class=\"elementor-element elementor-element-440ec88 e-flex e-con-boxed e-con e-parent\" data-id=\"440ec88\" data-element_type=\"container\" data-e-type=\"container\" data-settings=\"{&quot;background_background&quot;:&quot;classic&quot;}\">\n\t\t\t\t\t<div class=\"e-con-inner\">\n\t\t<div class=\"elementor-element elementor-element-86088af e-con-full e-flex e-con e-child\" data-id=\"86088af\" data-element_type=\"container\" data-e-type=\"container\">\n\t\t\t\t<div class=\"elementor-element elementor-element-fabb42f elementor-widget elementor-widget-text-editor\" data-id=\"fabb42f\" data-element_type=\"widget\" data-e-type=\"widget\" data-widget_type=\"text-editor.default\">\n\t\t\t\t<div class=\"elementor-widget-container\">\n\t\t\t\t\t\t\t\t\t<p>Saint Jean XXIII, n\u00e9 Angelo Giuseppe Roncalli, est n\u00e9 le 25\/11\/1881, il fut le Pape de l\u2019Eglise Catholique Universelle entre le 4\/11\/58 et le 3 juin 1963. Il est utile de rappeler quelques \u00e9l\u00e9ments biographiques du bon Pape St Jean XXIII.<\/p><p>Fils de m\u00e9tayer agricole dans une famille modeste de 14 enfants dans le nord de l\u2019Italie, d\u00e8s l\u2019\u00e2ge de 14 ans et jusqu\u2019\u00e0 sa mort, il tient ce qu\u2019il appelle son \u00abjournal de l\u2019\u00e2me\u00bb o\u00f9 il recueille les notes de ses retraites et de ses exercices spirituels. Ordonn\u00e9 pr\u00eatre \u00e0 23 ans, il est incorpor\u00e9 11 ans plus tard lors de la 1\u00e8re guerre mondiale dans le service de sant\u00e9 de l\u2019arm\u00e9e royale italienne. Au retour de la guerre, il devient directeur spirituel du s\u00e9minaire de Bergame o\u00f9 il avait fait ses \u00e9tudes de pr\u00eatres. Puis \u00e0 44 ans il est ordonn\u00e9 \u00e9v\u00eaque par Pie XI. Il occupe successivement des fonctions de diplomate du Vatican en Bulgarie, en Turquie, en Gr\u00e8ce puis en France.<\/p><p>Mgr Roncalli observe et commente les nouvelles initiatives pastorales, en particulier la cause des pr\u00eatres ouvriers, m\u00eame si ses convictions personnelles s\u2019y opposent. Mais il doit aussi affronter des questions diplomatiques d\u00e9licates tout en pr\u00e9servant une simplicit\u00e9 \u00e9vang\u00e9lique qui lui est ch\u00e8re<\/p><p>En janvier 1953, date \u00e0 laquelle le pape le nomme Cardinal et, enfin renomm\u00e9 en Italie, il devient Patriarche de Venise.<\/p><p>Le 28 octobre 1958, Angelo Roncalli est \u00e9lu le 261\u00e8me pape de l\u2019\u00c9glise catholique \u00e0 l\u2019\u00e2ge de 76 ans, sous le nom de Jean XXIII, reprenant ainsi un nom abandonn\u00e9 depuis le 14\u00e8me si\u00e8cle. Il est intronis\u00e9 le 4 novembre 1958.<\/p>\t\t\t\t\t\t\t\t<\/div>\n\t\t\t\t<\/div>\n\t\t\t\t<\/div>\n\t\t\t\t\t<\/div>\n\t\t\t\t<\/div>\n\t\t\t\t<\/div>\n\t\t","protected":false},"excerpt":{"rendered":"<p>Le centre Saint Jean XXIII Le centre paroissial Saint Jean XXIII est un b\u00e2timent qui peut recevoir 500 personnes, il dispose d&rsquo;une salle de culte au rez-de-chauss\u00e9e, \u00e0 l&rsquo;\u00e9tage, se [&hellip;]<\/p>\n","protected":false},"author":1,"featured_media":0,"parent":0,"menu_order":0,"comment_status":"closed","ping_status":"closed","template":"","meta":{"footnotes":""},"class_list":["post-82","page","type-page","status-publish","hentry","entry"],"_links":{"self":[{"href":"https:\/\/paroissesaintmartindacheres.fr\/index.php\/wp-json\/wp\/v2\/pages\/82","targetHints":{"allow":["GET"]}}],"collection":[{"href":"https:\/\/paroissesaintmartindacheres.fr\/index.php\/wp-json\/wp\/v2\/pages"}],"about":[{"href":"https:\/\/paroissesaintmartindacheres.fr\/index.php\/wp-json\/wp\/v2\/types\/page"}],"author":[{"embeddable":true,"href":"https:\/\/paroissesaintmartindacheres.fr\/index.php\/wp-json\/wp\/v2\/users\/1"}],"replies":[{"embeddable":true,"href":"https:\/\/paroissesaintmartindacheres.fr\/index.php\/wp-json\/wp\/v2\/comments?post=82"}],"version-history":[{"count":82,"href":"https:\/\/paroissesaintmartindacheres.fr\/index.php\/wp-json\/wp\/v2\/pages\/82\/revisions"}],"predecessor-version":[{"id":251085,"href":"https:\/\/paroissesaintmartindacheres.fr\/index.php\/wp-json\/wp\/v2\/pages\/82\/revisions\/251085"}],"wp:attachment":[{"href":"https:\/\/paroissesaintmartindacheres.fr\/index.php\/wp-json\/wp\/v2\/media?parent=82"}],"curies":[{"name":"wp","href":"https:\/\/api.w.org\/{rel}","templated":true}]}}