{"id":79,"date":"2017-11-19T19:00:14","date_gmt":"2017-11-19T18:00:14","guid":{"rendered":"http:\/\/paroissesaintmartindacheres.fr\/?page_id=79"},"modified":"2025-03-08T00:18:33","modified_gmt":"2025-03-07T23:18:33","slug":"leglise-saint-martin","status":"publish","type":"page","link":"https:\/\/paroissesaintmartindacheres.fr\/index.php\/leglise-saint-martin\/","title":{"rendered":"L&rsquo;Eglise Saint Martin"},"content":{"rendered":"\t\t<div data-elementor-type=\"wp-page\" data-elementor-id=\"79\" class=\"elementor elementor-79\">\n\t\t\t\t<div class=\"elementor-element elementor-element-92c71d6 e-con-full e-flex e-con e-parent\" data-id=\"92c71d6\" data-element_type=\"container\" data-e-type=\"container\" data-settings=\"{&quot;background_background&quot;:&quot;classic&quot;}\">\n\t\t<div class=\"elementor-element elementor-element-2aa12be e-con-full e-flex e-con e-child\" data-id=\"2aa12be\" data-element_type=\"container\" data-e-type=\"container\">\n\t\t\t\t<div class=\"elementor-element elementor-element-b21c341 elementor-widget elementor-widget-heading\" data-id=\"b21c341\" data-element_type=\"widget\" data-e-type=\"widget\" data-widget_type=\"heading.default\">\n\t\t\t\t<div class=\"elementor-widget-container\">\n\t\t\t\t\t<h1 class=\"elementor-heading-title elementor-size-default\">L'\u00e9glise Saint Martin<\/h1>\t\t\t\t<\/div>\n\t\t\t\t<\/div>\n\t\t\t\t<\/div>\n\t\t\t\t<\/div>\n\t\t<div class=\"elementor-element elementor-element-69d0b55 e-flex e-con-boxed e-con e-parent\" data-id=\"69d0b55\" data-element_type=\"container\" data-e-type=\"container\" data-settings=\"{&quot;background_background&quot;:&quot;classic&quot;}\">\n\t\t\t\t\t<div class=\"e-con-inner\">\n\t\t<div class=\"elementor-element elementor-element-f38a577 e-con-full e-flex e-con e-child\" data-id=\"f38a577\" data-element_type=\"container\" data-e-type=\"container\">\n\t\t<div class=\"elementor-element elementor-element-0d6b98a e-con-full e-flex e-con e-child\" data-id=\"0d6b98a\" data-element_type=\"container\" data-e-type=\"container\">\n\t\t\t\t<div class=\"elementor-element elementor-element-5ab0045 elementor-widget__width-initial elementor-widget elementor-widget-text-editor\" data-id=\"5ab0045\" data-element_type=\"widget\" data-e-type=\"widget\" data-widget_type=\"text-editor.default\">\n\t\t\t\t<div class=\"elementor-widget-container\">\n\t\t\t\t\t\t\t\t\t<p>Notre Eglise SAINT MARTIN a \u00e9t\u00e9 construite probablement, entre 1180 et 1212 sur l\u2019emplacement d\u2019une autre. Elle faisait partie du dioc\u00e8se de Chartres.<\/p><p>Le clocher de 27 m\u00e8tres de haut est \u00e9lev\u00e9 au-dessus du ch\u0153ur et soutenu au bas par 4 gros piliers. La premi\u00e8re horloge a \u00e9t\u00e9 install\u00e9e au clocher en 1670.<\/p><p>L\u2019\u00e9glise primitive en choisissant le mod\u00e8le de la basilique civile, va donc privil\u00e9gier l\u2019Ecclesia : l\u2019assembl\u00e9e, la communaut\u00e9.<\/p><p>La premi\u00e8re architecture Chr\u00e9tienne s\u2019inspirera d\u2019un b\u00e2timent la\u00efc romain: la basilique.<\/p><p>L&rsquo;\u00e9glise SAINT MARTIN c\u2019\u00e9tait un \u00e9difice civil \u00e0 usages multiple: tribunal, assembl\u00e9es municipales ou r\u00e9unions publiques.<\/p>\t\t\t\t\t\t\t\t<\/div>\n\t\t\t\t<\/div>\n\t\t\t\t<\/div>\n\t\t\t\t<\/div>\n\t\t<div class=\"elementor-element elementor-element-56dec4d e-con-full e-flex e-con e-child\" data-id=\"56dec4d\" data-element_type=\"container\" data-e-type=\"container\">\n\t\t\t\t<div class=\"elementor-element elementor-element-6263b9e elementor-widget__width-initial elementor-widget elementor-widget-image\" data-id=\"6263b9e\" data-element_type=\"widget\" data-e-type=\"widget\" data-widget_type=\"image.default\">\n\t\t\t\t<div class=\"elementor-widget-container\">\n\t\t\t\t\t\t\t\t\t\t\t\t\t\t\t<img fetchpriority=\"high\" decoding=\"async\" width=\"650\" height=\"726\" src=\"https:\/\/paroissesaintmartindacheres.fr\/wp-content\/uploads\/2025\/03\/Eglise-Saint-Martin-2025.webp\" class=\"attachment-large size-large wp-image-10284\" alt=\"\" srcset=\"https:\/\/paroissesaintmartindacheres.fr\/wp-content\/uploads\/2025\/03\/Eglise-Saint-Martin-2025.webp 650w, https:\/\/paroissesaintmartindacheres.fr\/wp-content\/uploads\/2025\/03\/Eglise-Saint-Martin-2025-269x300.webp 269w\" sizes=\"(max-width: 650px) 100vw, 650px\" \/>\t\t\t\t\t\t\t\t\t\t\t\t\t\t\t<\/div>\n\t\t\t\t<\/div>\n\t\t\t\t<\/div>\n\t\t\t\t\t<\/div>\n\t\t\t\t<\/div>\n\t\t<div class=\"elementor-element elementor-element-ea0ce99 e-flex e-con-boxed e-con e-parent\" data-id=\"ea0ce99\" data-element_type=\"container\" data-e-type=\"container\">\n\t\t\t\t\t<div class=\"e-con-inner\">\n\t\t<div class=\"elementor-element elementor-element-64bc2b4 e-con-full e-flex e-con e-child\" data-id=\"64bc2b4\" data-element_type=\"container\" data-e-type=\"container\">\n\t\t\t\t<div class=\"elementor-element elementor-element-7c01121 elementor-widget elementor-widget-heading\" data-id=\"7c01121\" data-element_type=\"widget\" data-e-type=\"widget\" data-widget_type=\"heading.default\">\n\t\t\t\t<div class=\"elementor-widget-container\">\n\t\t\t\t\t<h2 class=\"elementor-heading-title elementor-size-default\">L\u2019Eglise \u00e0 travers les \u00e2ges<\/h2>\t\t\t\t<\/div>\n\t\t\t\t<\/div>\n\t\t\t\t<\/div>\n\t\t\t\t\t<\/div>\n\t\t\t\t<\/div>\n\t\t<div class=\"elementor-element elementor-element-c04f495 e-flex e-con-boxed e-con e-parent\" data-id=\"c04f495\" data-element_type=\"container\" data-e-type=\"container\">\n\t\t\t\t\t<div class=\"e-con-inner\">\n\t\t<div class=\"elementor-element elementor-element-dc6170d e-con-full e-flex e-con e-child\" data-id=\"dc6170d\" data-element_type=\"container\" data-e-type=\"container\">\n\t\t\t\t<div class=\"elementor-element elementor-element-b556849 elementor-widget elementor-widget-text-editor\" data-id=\"b556849\" data-element_type=\"widget\" data-e-type=\"widget\" data-widget_type=\"text-editor.default\">\n\t\t\t\t<div class=\"elementor-widget-container\">\n\t\t\t\t\t\t\t\t\t<p>Dans les ann\u00e9es 1793-94, L\u2019\u00e9glise et le cimeti\u00e8re d\u2019Ach\u00e8res furent pill\u00e9s : autel, statues, vitraux de l\u2019Eglise,\u00a0 bancs, tout f\u00fbt d\u00e9truit. Dans le ch\u0153ur, il y avait 2 pierres tombales, l\u2019une \u00e0 la m\u00e9moire de Messire de Boisadan, cur\u00e9 de la paroisse (1651-1705) et l\u2019autre de son pr\u00e9d\u00e9cesseur, l\u2019abb\u00e9 Etienne Repussart. Seule la pierre tombale de messire de Boisadan f\u00fbt plus tard retrouv\u00e9e (1867).<br \/>En 1872, la famille Paquet fait don \u00e0 l\u2019\u00e9glise Saint Martin de plusieurs vitraux, dont celui du fond de l\u2019abside qui repr\u00e9sente la crucifixion\u2026 et celui au-dessus de la porte d\u2019entr\u00e9e qui repr\u00e9sente notre Saint Patron Saint Martin.<br \/>En 1873 Ach\u00e8res compte 800 habitants. L\u2019\u00e9glise ne disposant que de 200 places est trop petite. En 1876, on construit un bas-c\u00f4t\u00e9 ou basse nef partant \u00e0 hauteur du ch\u0153ur et aboutissant au presbyt\u00e8re dont l\u2019une des salles allait servir de sacristie.<br \/>Suite \u00e0 la s\u00e9paration de l\u2019\u00e9glise et de l\u2019\u00e9tat en 1905, la commune devient propri\u00e9taire de l\u2019\u00e9difice et du mobilier qu\u2019elle met \u00e0 la disposition du clerg\u00e9 pour l\u2019exercice du culte. Elle entretien l\u2019\u00e9difice et le restaure: l\u2019\u00e9glise Saint Martin fait partie du patrimoine historique de la ville d&rsquo;Ach\u00e8res.\u00a0<\/p>\t\t\t\t\t\t\t\t<\/div>\n\t\t\t\t<\/div>\n\t\t\t\t<\/div>\n\t\t\t\t\t<\/div>\n\t\t\t\t<\/div>\n\t\t<div class=\"elementor-element elementor-element-5955a17 e-flex e-con-boxed e-con e-parent\" data-id=\"5955a17\" data-element_type=\"container\" data-e-type=\"container\">\n\t\t\t\t\t<div class=\"e-con-inner\">\n\t\t<div class=\"elementor-element elementor-element-95c13e0 e-con-full e-flex e-con e-child\" data-id=\"95c13e0\" data-element_type=\"container\" data-e-type=\"container\">\n\t\t\t\t<div class=\"elementor-element elementor-element-700a777 elementor-widget elementor-widget-image\" data-id=\"700a777\" data-element_type=\"widget\" data-e-type=\"widget\" data-widget_type=\"image.default\">\n\t\t\t\t<div class=\"elementor-widget-container\">\n\t\t\t\t\t\t\t\t\t\t\t\t\t\t\t<img decoding=\"async\" width=\"800\" height=\"492\" src=\"https:\/\/paroissesaintmartindacheres.fr\/wp-content\/uploads\/2025\/03\/Histoire-de-Saint-Martin.webp\" class=\"attachment-large size-large wp-image-10285\" alt=\"\" srcset=\"https:\/\/paroissesaintmartindacheres.fr\/wp-content\/uploads\/2025\/03\/Histoire-de-Saint-Martin.webp 800w, https:\/\/paroissesaintmartindacheres.fr\/wp-content\/uploads\/2025\/03\/Histoire-de-Saint-Martin-300x185.webp 300w, https:\/\/paroissesaintmartindacheres.fr\/wp-content\/uploads\/2025\/03\/Histoire-de-Saint-Martin-768x472.webp 768w\" sizes=\"(max-width: 800px) 100vw, 800px\" \/>\t\t\t\t\t\t\t\t\t\t\t\t\t\t\t<\/div>\n\t\t\t\t<\/div>\n\t\t\t\t<\/div>\n\t\t\t\t\t<\/div>\n\t\t\t\t<\/div>\n\t\t<div class=\"elementor-element elementor-element-45525a5 e-flex e-con-boxed e-con e-parent\" data-id=\"45525a5\" data-element_type=\"container\" data-e-type=\"container\">\n\t\t\t\t\t<div class=\"e-con-inner\">\n\t\t<div class=\"elementor-element elementor-element-b6f07e0 e-con-full e-flex e-con e-child\" data-id=\"b6f07e0\" data-element_type=\"container\" data-e-type=\"container\">\n\t\t\t\t<div class=\"elementor-element elementor-element-1f4b832 elementor-widget elementor-widget-heading\" data-id=\"1f4b832\" data-element_type=\"widget\" data-e-type=\"widget\" data-widget_type=\"heading.default\">\n\t\t\t\t<div class=\"elementor-widget-container\">\n\t\t\t\t\t<h2 class=\"elementor-heading-title elementor-size-default\">Saint Martin d\u2019Ach\u00e8res aujourd\u2019hui<\/h2>\t\t\t\t<\/div>\n\t\t\t\t<\/div>\n\t\t\t\t<\/div>\n\t\t\t\t\t<\/div>\n\t\t\t\t<\/div>\n\t\t<div class=\"elementor-element elementor-element-58ebdbb e-flex e-con-boxed e-con e-parent\" data-id=\"58ebdbb\" data-element_type=\"container\" data-e-type=\"container\">\n\t\t\t\t\t<div class=\"e-con-inner\">\n\t\t<div class=\"elementor-element elementor-element-98e609b e-con-full e-flex e-con e-child\" data-id=\"98e609b\" data-element_type=\"container\" data-e-type=\"container\">\n\t\t\t\t<div class=\"elementor-element elementor-element-7d2a54a elementor-widget elementor-widget-text-editor\" data-id=\"7d2a54a\" data-element_type=\"widget\" data-e-type=\"widget\" data-widget_type=\"text-editor.default\">\n\t\t\t\t<div class=\"elementor-widget-container\">\n\t\t\t\t\t\t\t\t\t<p>En 1965, Ach\u00e8res compte d\u00e9sormais 10000 habitants, l\u2019\u00e9glise Saint Martin devient encore une fois trop petite. Le centre JEAN XXIII est alors construit avec une chapelle pouvant contenir 500 fid\u00e8les. Le centre JEAN XXIII est un espace d\u2019aspect modulaire permettant \u00e0 la fois les rassemblements communautaires, des salles de cat\u00e9chismes et de r\u00e9union. Il offre en plus la possibilit\u00e9 de loger un pr\u00eatre ou une religieuse.<br \/>A l\u2019occasion de la comm\u00e9moration des 800 ans de l\u2019\u00e9glise en 1980, les paroissiens permettent par leurs dons la restauration des vitraux.<br \/>L\u2019arriv\u00e9e en septembre 1996 d\u2019un nouveau cur\u00e9 Jean-Louis ROUIX marque un redynamise des activit\u00e9s de la paroisse. C\u00e9l\u00e9brations de l\u2019ann\u00e9e Martinienne, participation aux Journ\u00e9es Mondiales de la Jeunesse, cr\u00e9ation de l\u2019aum\u00f4nerie des coll\u00e9giens d\u2019Ach\u00e8res sont autant de challenges que le nouveau cur\u00e9 a eu \u00e0 relever avec l\u2019aide des membres du relai liturgique et autres b\u00e9n\u00e9voles.<br \/>En Novembre 1997 l\u2019\u00e9glise est ferm\u00e9e pour 6 mois afin de permettre de grands travaux de chauffage par le sol. \u00e0 la r\u00e9ouverture en Avril 1998, Monseigneur Jean-Charles THOMAS, \u00e9v\u00eaque de Versailles a inaugur\u00e9 les nouvelles installations en pr\u00e9sence des autorit\u00e9s municipales.<\/p>\t\t\t\t\t\t\t\t<\/div>\n\t\t\t\t<\/div>\n\t\t\t\t<\/div>\n\t\t\t\t\t<\/div>\n\t\t\t\t<\/div>\n\t\t\t\t<\/div>\n\t\t","protected":false},"excerpt":{"rendered":"<p>L&rsquo;\u00e9glise Saint Martin Notre Eglise SAINT MARTIN a \u00e9t\u00e9 construite probablement, entre 1180 et 1212 sur l\u2019emplacement d\u2019une autre. Elle faisait partie du dioc\u00e8se de Chartres. Le clocher de 27 [&hellip;]<\/p>\n","protected":false},"author":1,"featured_media":0,"parent":0,"menu_order":0,"comment_status":"closed","ping_status":"closed","template":"","meta":{"footnotes":""},"class_list":["post-79","page","type-page","status-publish","hentry","entry"],"_links":{"self":[{"href":"https:\/\/paroissesaintmartindacheres.fr\/index.php\/wp-json\/wp\/v2\/pages\/79","targetHints":{"allow":["GET"]}}],"collection":[{"href":"https:\/\/paroissesaintmartindacheres.fr\/index.php\/wp-json\/wp\/v2\/pages"}],"about":[{"href":"https:\/\/paroissesaintmartindacheres.fr\/index.php\/wp-json\/wp\/v2\/types\/page"}],"author":[{"embeddable":true,"href":"https:\/\/paroissesaintmartindacheres.fr\/index.php\/wp-json\/wp\/v2\/users\/1"}],"replies":[{"embeddable":true,"href":"https:\/\/paroissesaintmartindacheres.fr\/index.php\/wp-json\/wp\/v2\/comments?post=79"}],"version-history":[{"count":101,"href":"https:\/\/paroissesaintmartindacheres.fr\/index.php\/wp-json\/wp\/v2\/pages\/79\/revisions"}],"predecessor-version":[{"id":10569,"href":"https:\/\/paroissesaintmartindacheres.fr\/index.php\/wp-json\/wp\/v2\/pages\/79\/revisions\/10569"}],"wp:attachment":[{"href":"https:\/\/paroissesaintmartindacheres.fr\/index.php\/wp-json\/wp\/v2\/media?parent=79"}],"curies":[{"name":"wp","href":"https:\/\/api.w.org\/{rel}","templated":true}]}}