{"id":5827,"date":"2024-10-13T21:52:02","date_gmt":"2024-10-13T19:52:02","guid":{"rendered":"http:\/\/paroissesaintmartindacheres.fr\/?page_id=5827"},"modified":"2025-03-08T01:07:24","modified_gmt":"2025-03-08T00:07:24","slug":"pelerinages","status":"publish","type":"page","link":"https:\/\/paroissesaintmartindacheres.fr\/index.php\/pelerinages\/","title":{"rendered":"P\u00e8lerinages"},"content":{"rendered":"\t\t<div data-elementor-type=\"wp-page\" data-elementor-id=\"5827\" class=\"elementor elementor-5827\">\n\t\t\t\t<div class=\"elementor-element elementor-element-a7bc2a2 e-con-full e-flex e-con e-parent\" data-id=\"a7bc2a2\" data-element_type=\"container\" data-e-type=\"container\" data-settings=\"{&quot;background_background&quot;:&quot;classic&quot;}\">\n\t\t<div class=\"elementor-element elementor-element-3b7311b e-con-full e-flex e-con e-child\" data-id=\"3b7311b\" data-element_type=\"container\" data-e-type=\"container\">\n\t\t\t\t<div class=\"elementor-element elementor-element-15ecf8a elementor-widget elementor-widget-heading\" data-id=\"15ecf8a\" data-element_type=\"widget\" data-e-type=\"widget\" data-widget_type=\"heading.default\">\n\t\t\t\t<div class=\"elementor-widget-container\">\n\t\t\t\t\t<h2 class=\"elementor-heading-title elementor-size-default\">Les p\u00e9l\u00e9rinages<\/h2>\t\t\t\t<\/div>\n\t\t\t\t<\/div>\n\t\t\t\t<\/div>\n\t\t<div class=\"elementor-element elementor-element-b6b781e e-con-full e-flex e-con e-child\" data-id=\"b6b781e\" data-element_type=\"container\" data-e-type=\"container\" data-settings=\"{&quot;background_background&quot;:&quot;classic&quot;}\">\n\t\t\t\t<\/div>\n\t\t<div class=\"elementor-element elementor-element-9ebbfb7 e-con-full e-flex e-con e-child\" data-id=\"9ebbfb7\" data-element_type=\"container\" data-e-type=\"container\">\n\t\t\t\t<div class=\"elementor-element elementor-element-39a3be9 elementor-widget elementor-widget-text-editor\" data-id=\"39a3be9\" data-element_type=\"widget\" data-e-type=\"widget\" data-widget_type=\"text-editor.default\">\n\t\t\t\t<div class=\"elementor-widget-container\">\n\t\t\t\t\t\t\t\t\t<p>Chaque ann\u00e9e, les parents de J\u00e9sus se rendaient \u00e0 J\u00e9rusalem pour la f\u00eate de la P\u00e2que. Quand il eut douze ans, ils mont\u00e8rent en p\u00e8lerinage suivant la coutume. (Lc 2, 41-42)<\/p>\t\t\t\t\t\t\t\t<\/div>\n\t\t\t\t<\/div>\n\t\t\t\t<\/div>\n\t\t\t\t<\/div>\n\t\t<div class=\"elementor-element elementor-element-d6ac850 e-flex e-con-boxed e-con e-parent\" data-id=\"d6ac850\" data-element_type=\"container\" data-e-type=\"container\">\n\t\t\t\t\t<div class=\"e-con-inner\">\n\t\t<div class=\"elementor-element elementor-element-b27c2b4 e-con-full e-flex e-con e-child\" data-id=\"b27c2b4\" data-element_type=\"container\" data-e-type=\"container\">\n\t\t\t\t<div class=\"elementor-element elementor-element-6082d49 elementor-widget elementor-widget-text-editor\" data-id=\"6082d49\" data-element_type=\"widget\" data-e-type=\"widget\" data-widget_type=\"text-editor.default\">\n\t\t\t\t<div class=\"elementor-widget-container\">\n\t\t\t\t\t\t\t\t\t<p>Le but vers lequel tend l\u2019itin\u00e9raire parcourut par le p\u00e8lerin est tout d\u2019abord la tente de la rencontre avec Dieu. (\u2026) Dans le p\u00e8lerinage, l\u2019homme reconna\u00eet que \u00ab\u00a0par sa naissance il est appel\u00e9 au dialogue avec Dieu\u00a0\u00bb, et \u00e0 travers celui-ci il est donc aid\u00e9 \u00e0 red\u00e9couvrir que, pour \u00ab\u00a0rester dans l\u2019intimit\u00e9 de Dieu\u00a0\u00bb, le chemin qui lui est offert est le Christ, le Verbe fait chair.\u00a0 (In.\u00a0<i>Le p\u00e8lerinage dans le grand Jubil\u00e9 de l\u2019An 2000<\/i>, Jean Paul II, Cit\u00e9 du Vatican, 25 avril 1998)<\/p>\t\t\t\t\t\t\t\t<\/div>\n\t\t\t\t<\/div>\n\t\t\t\t<\/div>\n\t\t\t\t\t<\/div>\n\t\t\t\t<\/div>\n\t\t<div class=\"elementor-element elementor-element-31ef209 e-flex e-con-boxed e-con e-parent\" data-id=\"31ef209\" data-element_type=\"container\" data-e-type=\"container\">\n\t\t\t\t\t<div class=\"e-con-inner\">\n\t\t<div class=\"elementor-element elementor-element-9a297fd e-con-full e-flex e-con e-child\" data-id=\"9a297fd\" data-element_type=\"container\" data-e-type=\"container\">\n\t\t\t\t<div class=\"elementor-element elementor-element-bf1b89f elementor-widget elementor-widget-text-editor\" data-id=\"bf1b89f\" data-element_type=\"widget\" data-e-type=\"widget\" data-widget_type=\"text-editor.default\">\n\t\t\t\t<div class=\"elementor-widget-container\">\n\t\t\t\t\t\t\t\t\t<p>Les p\u00e8lerinages pr\u00e9sent\u00e9s ci-dessous sont organis\u00e9s chaque ann\u00e9e dans notre paroisse.\u00a0<\/p>\t\t\t\t\t\t\t\t<\/div>\n\t\t\t\t<\/div>\n\t\t\t\t<\/div>\n\t\t\t\t\t<\/div>\n\t\t\t\t<\/div>\n\t\t<div class=\"elementor-element elementor-element-41746a7 e-flex e-con-boxed e-con e-parent\" data-id=\"41746a7\" data-element_type=\"container\" data-e-type=\"container\">\n\t\t\t\t\t<div class=\"e-con-inner\">\n\t\t\t\t<div class=\"elementor-element elementor-element-90bb237 e-n-tabs-mobile elementor-widget elementor-widget-n-tabs\" data-id=\"90bb237\" data-element_type=\"widget\" data-e-type=\"widget\" data-settings=\"{&quot;tabs_justify_horizontal&quot;:&quot;end&quot;,&quot;horizontal_scroll&quot;:&quot;disable&quot;}\" data-widget_type=\"nested-tabs.default\">\n\t\t\t\t<div class=\"elementor-widget-container\">\n\t\t\t\t\t\t\t<div class=\"e-n-tabs\" data-widget-number=\"151761463\" aria-label=\"Onglets. Ouvrez des \u00e9l\u00e9ments avec Entrer ou Espace, fermez-les avec Echape et naviguez \u00e0 l&#039;aide des touches fl\u00e9ch\u00e9es.\">\n\t\t\t<div class=\"e-n-tabs-heading\" role=\"tablist\">\n\t\t\t\t\t<button id=\"e-n-tab-title-1517614631\" data-tab-title-id=\"e-n-tab-title-1517614631\" class=\"e-n-tab-title\" aria-selected=\"true\" data-tab-index=\"1\" role=\"tab\" tabindex=\"0\" aria-controls=\"e-n-tab-content-1517614631\" style=\"--n-tabs-title-order: 1;\">\n\t\t\t\t\t\t<span class=\"e-n-tab-title-text\">\n\t\t\t\tP\u00e8lerinage des p\u00e8res de famille\t\t\t<\/span>\n\t\t<\/button>\n\t\t\t\t<button id=\"e-n-tab-title-1517614632\" data-tab-title-id=\"e-n-tab-title-1517614632\" class=\"e-n-tab-title\" aria-selected=\"false\" data-tab-index=\"2\" role=\"tab\" tabindex=\"-1\" aria-controls=\"e-n-tab-content-1517614632\" style=\"--n-tabs-title-order: 2;\">\n\t\t\t\t\t\t<span class=\"e-n-tab-title-text\">\n\t\t\t\tP\u00e8lerinage \u00e0 Lourdes\t\t\t<\/span>\n\t\t<\/button>\n\t\t\t\t<button id=\"e-n-tab-title-1517614633\" data-tab-title-id=\"e-n-tab-title-1517614633\" class=\"e-n-tab-title\" aria-selected=\"false\" data-tab-index=\"3\" role=\"tab\" tabindex=\"-1\" aria-controls=\"e-n-tab-content-1517614633\" style=\"--n-tabs-title-order: 3;\">\n\t\t\t\t\t\t<span class=\"e-n-tab-title-text\">\n\t\t\t\tP\u00e8lerinage \u00e0 Notre Dame de la Mer\t\t\t<\/span>\n\t\t<\/button>\n\t\t\t\t\t<\/div>\n\t\t\t<div class=\"e-n-tabs-content\">\n\t\t\t\t<div id=\"e-n-tab-content-1517614631\" role=\"tabpanel\" aria-labelledby=\"e-n-tab-title-1517614631\" data-tab-index=\"1\" style=\"--n-tabs-title-order: 1;\" class=\"e-active elementor-element elementor-element-e1bf803 e-con-full e-flex e-con e-child\" data-id=\"e1bf803\" data-element_type=\"container\" data-e-type=\"container\">\n\t\t<div class=\"elementor-element elementor-element-7be4d89 e-flex e-con-boxed e-con e-child\" data-id=\"7be4d89\" data-element_type=\"container\" data-e-type=\"container\">\n\t\t\t\t\t<div class=\"e-con-inner\">\n\t\t\t\t<div class=\"elementor-element elementor-element-e5d76a0 elementor-widget elementor-widget-text-editor\" data-id=\"e5d76a0\" data-element_type=\"widget\" data-e-type=\"widget\" data-widget_type=\"text-editor.default\">\n\t\t\t\t<div class=\"elementor-widget-container\">\n\t\t\t\t\t\t\t\t\t<p>Chaque ann\u00e9e, les P\u00e8res de Famille d\u2019Ach\u00e8res sont fraternellement convi\u00e9s \u00e0 participer au P\u00e8lerinage des p\u00e8res de famille de V\u00e9zelay qui se tient sur un week-end de vendredi \u00e0 dimanche.<\/p>\n<p><!-- \/wp:paragraph --><!-- wp:paragraph --><\/p>\n<p>Ce p\u00e8lerinage s\u2019inscrit dans un mouvement plus large de p\u00e8lerinages de p\u00e8res \u00e0 travers toute la France, mouvement initi\u00e9 \u00e0 l\u2019origine par celui de Cotignac.<\/p>\n<p><!-- \/wp:paragraph --><!-- wp:paragraph --><\/p>\n<p>Avec les P\u00e8res de Famille de Chambourcy, d\u2019Orgeval et de Morainvilliers nous cheminons sur les chemins du Morvan, une vingtaine de kilom\u00e8tres par jour, le vendredi et le samedi, \u00e0 travers campagne et for\u00eats.<\/p>\n<p><!-- \/wp:paragraph --><!-- wp:paragraph --><\/p>\n<p>Pendant la marche, nous partageons pri\u00e8res, r\u00e9flexions, \u00e9changes fraternels, repas conviviaux dans un cadre spirituel chr\u00e9tien.<\/p>\n<p><!-- \/wp:paragraph --><!-- wp:paragraph --><\/p>\n<p>Nous sommes un groupe d\u2019hommes d\u2019Ach\u00e8res, de tous \u00e2ges et situations familiales (avec ou sans enfant, fianc\u00e9s, mari\u00e9s ou non, s\u00e9par\u00e9s, divorc\u00e9s, remari\u00e9s, veufs, \u2026 et m\u00eame c\u00e9libataires),<\/p>\n<p><!-- \/wp:paragraph --><!-- wp:paragraph --><\/p>\n<p>Notre esprit de groupe se caract\u00e9rise par :<\/p>\n<p><!-- \/wp:paragraph --><!-- wp:paragraph --><\/p>\n<p>1- l\u2019absence de jugement (en particulier au niveau spirituel ou religieux et au niveau de la situation familiale),<\/p>\n<p><!-- \/wp:paragraph --><!-- wp:paragraph --><\/p>\n<p>2- l\u2019accueil de tous (quels que soient les \u00e2ges, milieux, situations professionnelles),<\/p>\n<p><!-- \/wp:paragraph --><!-- wp:paragraph --><\/p>\n<p>3- la libert\u00e9 et l\u2019absence de formalisme,<\/p>\n<p><!-- \/wp:paragraph --><!-- wp:paragraph --><\/p>\n<p>4- un authentique questionnement sur la place de Dieu dans nos vies d\u2019homme.<\/p>\n<p><!-- \/wp:paragraph --><!-- wp:paragraph --><\/p>\n<p>Participation aux frais : 75 \u20ac<\/p>\n<p><!-- \/wp:paragraph --><!-- wp:paragraph --><\/p>\n<p>Pour plus de d\u00e9tails contactez :<\/p>\n<p><!-- \/wp:paragraph --><!-- wp:paragraph --><\/p>\n<p>Philippe Le Roux : <a href=\"tel:06%2030%2038%2074%2097\">06 30 38 74 97<\/a><\/p>\n<p><!-- \/wp:paragraph --><!-- wp:paragraph --><\/p>\n<p>Jean-Bernard Chamant : <a href=\"tel:07%2063%2034%2061%2050\">07 63 34 61 50<\/a><\/p>\n<p><!-- \/wp:paragraph --><!-- wp:paragraph --><\/p>\n<p>Patrick Mariage : <a href=\"tel:06%2064%2003%2026%2083\">06 64 03 26 83<\/a><\/p>\n<p><!-- \/wp:paragraph --><!-- wp:paragraph --><\/p>\n<p>Bernard Cordier : <a href=\"tel:06%2019%2061%2026%2054\">06 19 61 26 54<\/a><\/p>\t\t\t\t\t\t\t\t<\/div>\n\t\t\t\t<\/div>\n\t\t\t\t\t<\/div>\n\t\t\t\t<\/div>\n\t\t\t\t<\/div>\n\t\t<div id=\"e-n-tab-content-1517614632\" role=\"tabpanel\" aria-labelledby=\"e-n-tab-title-1517614632\" data-tab-index=\"2\" style=\"--n-tabs-title-order: 2;\" class=\" elementor-element elementor-element-b456578 e-con-full e-flex e-con e-child\" data-id=\"b456578\" data-element_type=\"container\" data-e-type=\"container\">\n\t\t<div class=\"elementor-element elementor-element-0591aef e-flex e-con-boxed e-con e-child\" data-id=\"0591aef\" data-element_type=\"container\" data-e-type=\"container\">\n\t\t\t\t\t<div class=\"e-con-inner\">\n\t\t\t\t<div class=\"elementor-element elementor-element-55bbb09 elementor-widget elementor-widget-text-editor\" data-id=\"55bbb09\" data-element_type=\"widget\" data-e-type=\"widget\" data-widget_type=\"text-editor.default\">\n\t\t\t\t<div class=\"elementor-widget-container\">\n\t\t\t\t\t\t\t\t\t<p>Un p\u00e8lerinage \u00e0 Lourdes est un temps de gr\u00e2ce.<\/p>\n<p><!-- \/wp:paragraph --><!-- wp:paragraph --><\/p>\n<p>Tous les ans nous profitons de l\u2019organisation du p\u00e8lerinage de notre dioc\u00e8se. Nos jeunes du coll\u00e8ge sont aussi invit\u00e9s \u00e0 y aller avec leurs groupes d\u2019aum\u00f4nerie ou leurs \u00e9coles catholiques.<br \/>A Lourdes, tout est pens\u00e9 pour les personnes malades ou fragiles : si leur sant\u00e9 le n\u00e9cessite, elles<br \/>peuvent loger \u00e0 l\u2019Accueil Notre-Dame, juste \u00e0 c\u00f4t\u00e9 de la grotte, qui comporte tout un \u00e9quipement<br \/>hospitalier.<br \/>Vous pouvez choisir d\u2019aller en p\u00e8lerinage en vous mettant au service des personnes malades : vous<br \/>serez alors <strong>hospitalier<\/strong>. Pour d\u00e9couvrir l\u2019<strong>Hospitalit\u00e9 dioc\u00e9saine<\/strong> et ses hospitaliers :<\/p>\n<p><!-- \/wp:paragraph --><!-- wp:paragraph --><\/p>\n<p><strong>www.hospitalite-yvelines.org \/ 01.39.24.08.38<\/strong><\/p>\n<p><!-- \/wp:paragraph --><!-- wp:paragraph --><\/p>\n<p>Pour tout renseignements : <strong>pelerinages@catholique78.fr \u2013 01 30 97 67 61 (lundi, mardi, jeudi \u2013 le matin)<\/strong><\/p>\n<p><!-- \/wp:paragraph --><!-- wp:list {\"ordered\":true} --><\/p>\n<p>\u00a0<\/p>\t\t\t\t\t\t\t\t<\/div>\n\t\t\t\t<\/div>\n\t\t\t\t\t<\/div>\n\t\t\t\t<\/div>\n\t\t\t\t<\/div>\n\t\t<div id=\"e-n-tab-content-1517614633\" role=\"tabpanel\" aria-labelledby=\"e-n-tab-title-1517614633\" data-tab-index=\"3\" style=\"--n-tabs-title-order: 3;\" class=\" elementor-element elementor-element-028302a e-con-full e-flex e-con e-child\" data-id=\"028302a\" data-element_type=\"container\" data-e-type=\"container\">\n\t\t<div class=\"elementor-element elementor-element-030724d e-flex e-con-boxed e-con e-child\" data-id=\"030724d\" data-element_type=\"container\" data-e-type=\"container\">\n\t\t\t\t\t<div class=\"e-con-inner\">\n\t\t\t\t<div class=\"elementor-element elementor-element-bcfd254 elementor-widget elementor-widget-text-editor\" data-id=\"bcfd254\" data-element_type=\"widget\" data-e-type=\"widget\" data-widget_type=\"text-editor.default\">\n\t\t\t\t<div class=\"elementor-widget-container\">\n\t\t\t\t\t\t\t\t\t<p>Avec notre \u00e9v\u00eaque, Mgr Crepy, au Sanctuaire de Notre-Dame de la Mer, dans les Yvelines. Se rassembler en dioc\u00e8se pour f\u00eater Marie : C\u00e9l\u00e9brer la messe de l\u2019Assomption, prier le chapelet., chanter les v\u00eapres de la Vierge Marie.<\/p>\n<p><!-- \/wp:paragraph --><!-- wp:paragraph --><\/p>\n<p>CONTACT et INSCRIPTION dans notre paroisse aupr\u00e8s de <strong>Joseph ADENKA &#8211; 06.62.23.01.25<\/strong><\/p>\t\t\t\t\t\t\t\t<\/div>\n\t\t\t\t<\/div>\n\t\t\t\t\t<\/div>\n\t\t\t\t<\/div>\n\t\t\t\t<\/div>\n\t\t\t\t\t<\/div>\n\t\t<\/div>\n\t\t\t\t\t\t<\/div>\n\t\t\t\t<\/div>\n\t\t\t\t\t<\/div>\n\t\t\t\t<\/div>\n\t\t\t\t<\/div>\n\t\t","protected":false},"excerpt":{"rendered":"<p>Les p\u00e9l\u00e9rinages Chaque ann\u00e9e, les parents de J\u00e9sus se rendaient \u00e0 J\u00e9rusalem pour la f\u00eate de la P\u00e2que. Quand il eut douze ans, ils mont\u00e8rent en p\u00e8lerinage suivant la coutume. [&hellip;]<\/p>\n","protected":false},"author":8,"featured_media":0,"parent":0,"menu_order":0,"comment_status":"closed","ping_status":"closed","template":"","meta":{"footnotes":""},"class_list":["post-5827","page","type-page","status-publish","hentry","entry"],"_links":{"self":[{"href":"https:\/\/paroissesaintmartindacheres.fr\/index.php\/wp-json\/wp\/v2\/pages\/5827","targetHints":{"allow":["GET"]}}],"collection":[{"href":"https:\/\/paroissesaintmartindacheres.fr\/index.php\/wp-json\/wp\/v2\/pages"}],"about":[{"href":"https:\/\/paroissesaintmartindacheres.fr\/index.php\/wp-json\/wp\/v2\/types\/page"}],"author":[{"embeddable":true,"href":"https:\/\/paroissesaintmartindacheres.fr\/index.php\/wp-json\/wp\/v2\/users\/8"}],"replies":[{"embeddable":true,"href":"https:\/\/paroissesaintmartindacheres.fr\/index.php\/wp-json\/wp\/v2\/comments?post=5827"}],"version-history":[{"count":80,"href":"https:\/\/paroissesaintmartindacheres.fr\/index.php\/wp-json\/wp\/v2\/pages\/5827\/revisions"}],"predecessor-version":[{"id":10616,"href":"https:\/\/paroissesaintmartindacheres.fr\/index.php\/wp-json\/wp\/v2\/pages\/5827\/revisions\/10616"}],"wp:attachment":[{"href":"https:\/\/paroissesaintmartindacheres.fr\/index.php\/wp-json\/wp\/v2\/media?parent=5827"}],"curies":[{"name":"wp","href":"https:\/\/api.w.org\/{rel}","templated":true}]}}