{"id":5820,"date":"2024-10-13T20:45:46","date_gmt":"2024-10-13T18:45:46","guid":{"rendered":"http:\/\/paroissesaintmartindacheres.fr\/?page_id=5820"},"modified":"2025-03-08T01:06:18","modified_gmt":"2025-03-08T00:06:18","slug":"chapelet","status":"publish","type":"page","link":"https:\/\/paroissesaintmartindacheres.fr\/index.php\/chapelet\/","title":{"rendered":"Le chapelet"},"content":{"rendered":"\t\t<div data-elementor-type=\"wp-page\" data-elementor-id=\"5820\" class=\"elementor elementor-5820\">\n\t\t\t\t<div class=\"elementor-element elementor-element-5c739d6 e-con-full e-flex e-con e-parent\" data-id=\"5c739d6\" data-element_type=\"container\" data-e-type=\"container\" data-settings=\"{&quot;background_background&quot;:&quot;classic&quot;}\">\n\t\t<div class=\"elementor-element elementor-element-142f887 e-con-full e-flex e-con e-child\" data-id=\"142f887\" data-element_type=\"container\" data-e-type=\"container\">\n\t\t\t\t<div class=\"elementor-element elementor-element-d52813f elementor-widget elementor-widget-heading\" data-id=\"d52813f\" data-element_type=\"widget\" data-e-type=\"widget\" data-widget_type=\"heading.default\">\n\t\t\t\t<div class=\"elementor-widget-container\">\n\t\t\t\t\t<h1 class=\"elementor-heading-title elementor-size-default\">La pri\u00e8re du Rosaire<\/h1>\t\t\t\t<\/div>\n\t\t\t\t<\/div>\n\t\t\t\t<\/div>\n\t\t<div class=\"elementor-element elementor-element-6a78fef e-con-full e-flex e-con e-child\" data-id=\"6a78fef\" data-element_type=\"container\" data-e-type=\"container\" data-settings=\"{&quot;background_background&quot;:&quot;classic&quot;}\">\n\t\t\t\t<\/div>\n\t\t<div class=\"elementor-element elementor-element-69712b4 e-con-full e-flex e-con e-child\" data-id=\"69712b4\" data-element_type=\"container\" data-e-type=\"container\">\n\t\t\t\t<div class=\"elementor-element elementor-element-152885e elementor-widget elementor-widget-text-editor\" data-id=\"152885e\" data-element_type=\"widget\" data-e-type=\"widget\" data-widget_type=\"text-editor.default\">\n\t\t\t\t<div class=\"elementor-widget-container\">\n\t\t\t\t\t\t\t\t\t<p>\u00ab Le rosaire est ma pri\u00e8re pr\u00e9f\u00e9r\u00e9e. C&rsquo;est une pri\u00e8re merveilleuse. Merveilleuse de simplicit\u00e9 et de profondeur. R\u00e9citer le rosaire n&rsquo;est rien d&rsquo;autre que contempler avec Marie le visage du Christ. \u00bb (<strong>saint Jean-Paul II<\/strong>)<\/p>\t\t\t\t\t\t\t\t<\/div>\n\t\t\t\t<\/div>\n\t\t\t\t<\/div>\n\t\t\t\t<\/div>\n\t\t<div class=\"elementor-element elementor-element-3ac1617 e-flex e-con-boxed e-con e-parent\" data-id=\"3ac1617\" data-element_type=\"container\" data-e-type=\"container\">\n\t\t\t\t\t<div class=\"e-con-inner\">\n\t\t<div class=\"elementor-element elementor-element-55286a2 e-con-full e-flex e-con e-child\" data-id=\"55286a2\" data-element_type=\"container\" data-e-type=\"container\">\n\t\t\t\t<div class=\"elementor-element elementor-element-9a9225c elementor-widget elementor-widget-text-editor\" data-id=\"9a9225c\" data-element_type=\"widget\" data-e-type=\"widget\" data-widget_type=\"text-editor.default\">\n\t\t\t\t<div class=\"elementor-widget-container\">\n\t\t\t\t\t\t\t\t\t<p>Le rosaire est une pri\u00e8re r\u00e9cit\u00e9e en <strong>quatre chapelets\u00a0<\/strong>(initialement 3 provenant du <strong>psautier de Marie<\/strong>, le quatri\u00e8me a \u00e9t\u00e9 ajout\u00e9 en 2002 par le pape Jean Paul II avec l\u2019adjonction des myst\u00e8res lumineux). Elle nous permet de revenir sur <strong>les grands \u00e9v\u00e9nements\u00a0de la vie du Christ<\/strong> (appel\u00e9s Myst\u00e8res) et de les accueillir dans notre c\u0153ur, comme le fit sa Sainte M\u00e8re.<\/p>\t\t\t\t\t\t\t\t<\/div>\n\t\t\t\t<\/div>\n\t\t\t\t<\/div>\n\t\t\t\t\t<\/div>\n\t\t\t\t<\/div>\n\t\t<div class=\"elementor-element elementor-element-d4a5fc2 e-flex e-con-boxed e-con e-parent\" data-id=\"d4a5fc2\" data-element_type=\"container\" data-e-type=\"container\">\n\t\t\t\t\t<div class=\"e-con-inner\">\n\t\t<div class=\"elementor-element elementor-element-8871464 e-con-full e-flex e-con e-child\" data-id=\"8871464\" data-element_type=\"container\" data-e-type=\"container\">\n\t\t\t\t<div class=\"elementor-element elementor-element-d7d8fc1 elementor-widget elementor-widget-heading\" data-id=\"d7d8fc1\" data-element_type=\"widget\" data-e-type=\"widget\" data-widget_type=\"heading.default\">\n\t\t\t\t<div class=\"elementor-widget-container\">\n\t\t\t\t\t<h2 class=\"elementor-heading-title elementor-size-default\">Temps de pri\u00e8re du Rosaire<\/h2>\t\t\t\t<\/div>\n\t\t\t\t<\/div>\n\t\t\t\t<\/div>\n\t\t\t\t\t<\/div>\n\t\t\t\t<\/div>\n\t\t<div class=\"elementor-element elementor-element-d21c5b0 e-flex e-con-boxed e-con e-parent\" data-id=\"d21c5b0\" data-element_type=\"container\" data-e-type=\"container\">\n\t\t\t\t\t<div class=\"e-con-inner\">\n\t\t<div class=\"elementor-element elementor-element-3f73940 e-con-full e-flex e-con e-child\" data-id=\"3f73940\" data-element_type=\"container\" data-e-type=\"container\">\n\t\t\t\t<div class=\"elementor-element elementor-element-15fba94 elementor-widget elementor-widget-text-editor\" data-id=\"15fba94\" data-element_type=\"widget\" data-e-type=\"widget\" data-widget_type=\"text-editor.default\">\n\t\t\t\t<div class=\"elementor-widget-container\">\n\t\t\t\t\t\t\t\t\t<p>Le rosaire est pri\u00e9 dans notre paroisse<strong> tous les mardi \u00e0 17h45<\/strong>, venez nous rejoindre, nous vous attendons nombreux !<\/p>\t\t\t\t\t\t\t\t<\/div>\n\t\t\t\t<\/div>\n\t\t\t\t<\/div>\n\t\t\t\t\t<\/div>\n\t\t\t\t<\/div>\n\t\t\t\t<\/div>\n\t\t","protected":false},"excerpt":{"rendered":"<p>La pri\u00e8re du Rosaire \u00ab Le rosaire est ma pri\u00e8re pr\u00e9f\u00e9r\u00e9e. C&rsquo;est une pri\u00e8re merveilleuse. Merveilleuse de simplicit\u00e9 et de profondeur. R\u00e9citer le rosaire n&rsquo;est rien d&rsquo;autre que contempler avec [&hellip;]<\/p>\n","protected":false},"author":8,"featured_media":0,"parent":0,"menu_order":0,"comment_status":"closed","ping_status":"closed","template":"","meta":{"footnotes":""},"class_list":["post-5820","page","type-page","status-publish","hentry","entry"],"_links":{"self":[{"href":"https:\/\/paroissesaintmartindacheres.fr\/index.php\/wp-json\/wp\/v2\/pages\/5820","targetHints":{"allow":["GET"]}}],"collection":[{"href":"https:\/\/paroissesaintmartindacheres.fr\/index.php\/wp-json\/wp\/v2\/pages"}],"about":[{"href":"https:\/\/paroissesaintmartindacheres.fr\/index.php\/wp-json\/wp\/v2\/types\/page"}],"author":[{"embeddable":true,"href":"https:\/\/paroissesaintmartindacheres.fr\/index.php\/wp-json\/wp\/v2\/users\/8"}],"replies":[{"embeddable":true,"href":"https:\/\/paroissesaintmartindacheres.fr\/index.php\/wp-json\/wp\/v2\/comments?post=5820"}],"version-history":[{"count":32,"href":"https:\/\/paroissesaintmartindacheres.fr\/index.php\/wp-json\/wp\/v2\/pages\/5820\/revisions"}],"predecessor-version":[{"id":10613,"href":"https:\/\/paroissesaintmartindacheres.fr\/index.php\/wp-json\/wp\/v2\/pages\/5820\/revisions\/10613"}],"wp:attachment":[{"href":"https:\/\/paroissesaintmartindacheres.fr\/index.php\/wp-json\/wp\/v2\/media?parent=5820"}],"curies":[{"name":"wp","href":"https:\/\/api.w.org\/{rel}","templated":true}]}}