{"id":5816,"date":"2024-10-13T20:39:58","date_gmt":"2024-10-13T18:39:58","guid":{"rendered":"http:\/\/paroissesaintmartindacheres.fr\/?page_id=5816"},"modified":"2025-03-08T01:08:43","modified_gmt":"2025-03-08T00:08:43","slug":"preparation-des-obseques","status":"publish","type":"page","link":"https:\/\/paroissesaintmartindacheres.fr\/index.php\/preparation-des-obseques\/","title":{"rendered":"Pr\u00e9paration des obs\u00e8ques"},"content":{"rendered":"\t\t<div data-elementor-type=\"wp-page\" data-elementor-id=\"5816\" class=\"elementor elementor-5816\">\n\t\t\t\t<div class=\"elementor-element elementor-element-2d916f0 e-flex e-con-boxed e-con e-parent\" data-id=\"2d916f0\" data-element_type=\"container\" data-e-type=\"container\" data-settings=\"{&quot;background_background&quot;:&quot;classic&quot;}\">\n\t\t\t\t\t<div class=\"e-con-inner\">\n\t\t<div class=\"elementor-element elementor-element-332de4a e-con-full e-flex e-con e-child\" data-id=\"332de4a\" data-element_type=\"container\" data-e-type=\"container\">\n\t\t\t\t<div class=\"elementor-element elementor-element-f8ca076 elementor-widget elementor-widget-heading\" data-id=\"f8ca076\" data-element_type=\"widget\" data-e-type=\"widget\" data-widget_type=\"heading.default\">\n\t\t\t\t<div class=\"elementor-widget-container\">\n\t\t\t\t\t<h1 class=\"elementor-heading-title elementor-size-default\">La pr\u00e9paration des obs\u00e8ques<\/h1>\t\t\t\t<\/div>\n\t\t\t\t<\/div>\n\t\t\t\t<\/div>\n\t\t<div class=\"elementor-element elementor-element-0eb10d8 e-con-full e-flex e-con e-child\" data-id=\"0eb10d8\" data-element_type=\"container\" data-e-type=\"container\" data-settings=\"{&quot;background_background&quot;:&quot;classic&quot;}\">\n\t\t\t\t<\/div>\n\t\t<div class=\"elementor-element elementor-element-8650422 e-con-full e-flex e-con e-child\" data-id=\"8650422\" data-element_type=\"container\" data-e-type=\"container\">\n\t\t\t\t<div class=\"elementor-element elementor-element-53bb24a elementor-widget elementor-widget-text-editor\" data-id=\"53bb24a\" data-element_type=\"widget\" data-e-type=\"widget\" data-widget_type=\"text-editor.default\">\n\t\t\t\t<div class=\"elementor-widget-container\">\n\t\t\t\t\t\t\t\t\t<p>\u00a0J\u00e9sus lui dit : \u00ab Moi, je suis la r\u00e9surrection et la vie. Celui qui croit en moi, m\u00eame s\u2019il meurt, vivra; quiconque vit et croit en moi ne mourra jamais. Crois-tu cela ? \u00bb (Jn 11, 25-26)<\/p>\t\t\t\t\t\t\t\t<\/div>\n\t\t\t\t<\/div>\n\t\t\t\t<\/div>\n\t\t\t\t\t<\/div>\n\t\t\t\t<\/div>\n\t\t<div class=\"elementor-element elementor-element-ea7502f e-flex e-con-boxed e-con e-parent\" data-id=\"ea7502f\" data-element_type=\"container\" data-e-type=\"container\">\n\t\t\t\t\t<div class=\"e-con-inner\">\n\t\t<div class=\"elementor-element elementor-element-4e56ad1 e-con-full e-flex e-con e-child\" data-id=\"4e56ad1\" data-element_type=\"container\" data-e-type=\"container\">\n\t\t\t\t<div class=\"elementor-element elementor-element-c409570 elementor-widget elementor-widget-text-editor\" data-id=\"c409570\" data-element_type=\"widget\" data-e-type=\"widget\" data-widget_type=\"text-editor.default\">\n\t\t\t\t<div class=\"elementor-widget-container\">\n\t\t\t\t\t\t\t\t\t<p>Le chr\u00e9tien croit que, par sa mort et sa r\u00e9surrection, le Christ a vaincu la mort. D\u00e9sormais, la\u00a0<strong>mort<\/strong> n\u2019est plus une fin mais, avec J\u00e9sus ressuscit\u00e9, un passage vers la vie \u00e9ternelle. La conviction de cette victoire n\u2019att\u00e9nue en rien la souffrance de la s\u00e9paration, mais elle transforme la relation que nous avons avec le d\u00e9funt, dans l\u2019esp\u00e9rance.<\/p>\t\t\t\t\t\t\t\t<\/div>\n\t\t\t\t<\/div>\n\t\t\t\t<\/div>\n\t\t\t\t\t<\/div>\n\t\t\t\t<\/div>\n\t\t<div class=\"elementor-element elementor-element-1fdbcbf e-flex e-con-boxed e-con e-parent\" data-id=\"1fdbcbf\" data-element_type=\"container\" data-e-type=\"container\">\n\t\t\t\t\t<div class=\"e-con-inner\">\n\t\t<div class=\"elementor-element elementor-element-6262a3f e-con-full e-flex e-con e-child\" data-id=\"6262a3f\" data-element_type=\"container\" data-e-type=\"container\">\n\t\t\t\t<div class=\"elementor-element elementor-element-35815a4 elementor-widget elementor-widget-heading\" data-id=\"35815a4\" data-element_type=\"widget\" data-e-type=\"widget\" data-widget_type=\"heading.default\">\n\t\t\t\t<div class=\"elementor-widget-container\">\n\t\t\t\t\t<h2 class=\"elementor-heading-title elementor-size-default\">L'importance des obs\u00e8ques catholiques<\/h2>\t\t\t\t<\/div>\n\t\t\t\t<\/div>\n\t\t\t\t<\/div>\n\t\t\t\t\t<\/div>\n\t\t\t\t<\/div>\n\t\t<div class=\"elementor-element elementor-element-80a570b e-flex e-con-boxed e-con e-parent\" data-id=\"80a570b\" data-element_type=\"container\" data-e-type=\"container\">\n\t\t\t\t\t<div class=\"e-con-inner\">\n\t\t<div class=\"elementor-element elementor-element-0076329 e-con-full e-flex e-con e-child\" data-id=\"0076329\" data-element_type=\"container\" data-e-type=\"container\">\n\t\t\t\t<div class=\"elementor-element elementor-element-69d51cd elementor-widget elementor-widget-text-editor\" data-id=\"69d51cd\" data-element_type=\"widget\" data-e-type=\"widget\" data-widget_type=\"text-editor.default\">\n\t\t\t\t<div class=\"elementor-widget-container\">\n\t\t\t\t\t\t\t\t\t<p>Les obs\u00e8ques catholiques sont un culte qui m\u00eale des paroles et des actions rituelles. Il s\u2019adresse donc \u00e0 toute la personne, \u00e2me et corps, \u00e0 son intelligence, \u00e0 sa m\u00e9moire et \u00e0 sa sensibilit\u00e9.\u00a0<\/p>\n<p>La c\u00e9r\u00e9monie catholique des fun\u00e9railles a pour but de rendre hommage au d\u00e9funt et de prier pour lui. Elle est l\u2019occasion du rassemblement de sa famille et de ses amis, parfois de retrouvailles et m\u00eame de r\u00e9conciliation. Elle aide les uns et les autres \u00e0 commencer le deuil avec un regard d\u2019esp\u00e9rance.<\/p>\n<p><!-- \/wp:paragraph --><!-- wp:paragraph --><\/p>\n<p><em>\u00ab\u00a0Garde mon \u00e2me dans la Paix, pr\u00e8s de Toi Seigneur!\u00a0\u00bb<\/em><br \/><em>(Psaume 4)<\/em><\/p>\t\t\t\t\t\t\t\t<\/div>\n\t\t\t\t<\/div>\n\t\t\t\t<\/div>\n\t\t\t\t\t<\/div>\n\t\t\t\t<\/div>\n\t\t<div class=\"elementor-element elementor-element-321034b e-flex e-con-boxed e-con e-parent\" data-id=\"321034b\" data-element_type=\"container\" data-e-type=\"container\">\n\t\t\t\t\t<div class=\"e-con-inner\">\n\t\t<div class=\"elementor-element elementor-element-6ba3ca4 e-con-full e-flex e-con e-child\" data-id=\"6ba3ca4\" data-element_type=\"container\" data-e-type=\"container\">\n\t\t\t\t<div class=\"elementor-element elementor-element-9f50ae4 elementor-widget elementor-widget-heading\" data-id=\"9f50ae4\" data-element_type=\"widget\" data-e-type=\"widget\" data-widget_type=\"heading.default\">\n\t\t\t\t<div class=\"elementor-widget-container\">\n\t\t\t\t\t<h2 class=\"elementor-heading-title elementor-size-default\">L'organisation des obs\u00e8ques<\/h2>\t\t\t\t<\/div>\n\t\t\t\t<\/div>\n\t\t\t\t<\/div>\n\t\t\t\t\t<\/div>\n\t\t\t\t<\/div>\n\t\t<div class=\"elementor-element elementor-element-b39784a e-flex e-con-boxed e-con e-parent\" data-id=\"b39784a\" data-element_type=\"container\" data-e-type=\"container\">\n\t\t\t\t\t<div class=\"e-con-inner\">\n\t\t<div class=\"elementor-element elementor-element-40e3890 e-con-full e-flex e-con e-child\" data-id=\"40e3890\" data-element_type=\"container\" data-e-type=\"container\">\n\t\t\t\t<div class=\"elementor-element elementor-element-8308f35 elementor-widget elementor-widget-text-editor\" data-id=\"8308f35\" data-element_type=\"widget\" data-e-type=\"widget\" data-widget_type=\"text-editor.default\">\n\t\t\t\t<div class=\"elementor-widget-container\">\n\t\t\t\t\t\t\t\t\t<p>Lorsqu&rsquo;une personne d\u00e9c\u00e8de, la premi\u00e8re d\u00e9marche de la famille est de prendre contact avec les pompes fun\u00e8bres. Les pompes fun\u00e8bres demandent alors \u00e0 la famille si elle souhaite une c\u00e9r\u00e9monie religieuse. Si la r\u00e9ponse est oui, les pompes fun\u00e8bres t\u00e9l\u00e9phonent alors \u00e0 la paroisse pour conna\u00eetre les disponibilit\u00e9s pour une c\u00e9r\u00e9monie \u00e0 l\u2019Eglise.<\/p>\n<p><!-- \/wp:paragraph --><!-- wp:paragraph --><\/p>\n<p>Dans la paroisse, c&rsquo;est l&rsquo;Equipe d&rsquo;Accompagnement des Familles en Deuil (EAFD) qui est charg\u00e9e d\u2019accueillir et d\u2019accompagner les familles \u00e9prouv\u00e9es ainsi que d\u2019organiser avec elles la c\u00e9l\u00e9bration des obs\u00e8ques.<\/p>\n<p><!-- \/wp:paragraph --><!-- wp:paragraph --><\/p>\n<p>Cette \u00e9quipe est pr\u00e9sente pour\u00a0:<\/p>\n<p><!-- \/wp:paragraph --><!-- wp:list --><\/p>\n<ul><!-- wp:list-item -->\n<li>Accueillir et \u00e9couter la famille en deuil.<\/li>\n<!-- \/wp:list-item --><!-- wp:list-item -->\n<li>Faire part \u00e0 la famille \u00e9prouv\u00e9e de la sympathie de la communaut\u00e9 paroissiale.<\/li>\n<!-- \/wp:list-item --><!-- wp:list-item -->\n<li>B\u00e2tir la c\u00e9l\u00e9bration des obs\u00e8ques en tenant compte de la personnalit\u00e9 du d\u00e9funt.<\/li>\n<!-- \/wp:list-item --><!-- wp:list-item -->\n<li>Favoriser la participation de la famille \u00e0 la c\u00e9l\u00e9bration.<\/li>\n<!-- \/wp:list-item --><!-- wp:list-item -->\n<li>Suivre la famille \u00e0 l\u2019occasion de la messe c\u00e9l\u00e9br\u00e9e le dimanche et au moment de la Toussaint.<\/li>\n<!-- \/wp:list-item --><\/ul>\n<p><!-- \/wp:list --><!-- wp:paragraph --><\/p>\t\t\t\t\t\t\t\t<\/div>\n\t\t\t\t<\/div>\n\t\t\t\t<div class=\"elementor-element elementor-element-e8f021c elementor-widget elementor-widget-text-editor\" data-id=\"e8f021c\" data-element_type=\"widget\" data-e-type=\"widget\" data-widget_type=\"text-editor.default\">\n\t\t\t\t<div class=\"elementor-widget-container\">\n\t\t\t\t\t\t\t\t\t<p><strong>Contact du responsable de l&rsquo;Equipe d&rsquo;Accompagnement des Familles en Deuil : <\/strong><\/p>\n<p><!-- \/wp:paragraph --><!-- wp:paragraph --><\/p>\n<p><strong>G\u00e9rard Rochemont 06 88 23 16 40<\/strong><\/p>\t\t\t\t\t\t\t\t<\/div>\n\t\t\t\t<\/div>\n\t\t\t\t<\/div>\n\t\t\t\t\t<\/div>\n\t\t\t\t<\/div>\n\t\t\t\t<\/div>\n\t\t","protected":false},"excerpt":{"rendered":"<p>La pr\u00e9paration des obs\u00e8ques \u00a0J\u00e9sus lui dit : \u00ab Moi, je suis la r\u00e9surrection et la vie. Celui qui croit en moi, m\u00eame s\u2019il meurt, vivra; quiconque vit et croit [&hellip;]<\/p>\n","protected":false},"author":8,"featured_media":0,"parent":0,"menu_order":0,"comment_status":"closed","ping_status":"closed","template":"","meta":{"footnotes":""},"class_list":["post-5816","page","type-page","status-publish","hentry","entry"],"_links":{"self":[{"href":"https:\/\/paroissesaintmartindacheres.fr\/index.php\/wp-json\/wp\/v2\/pages\/5816","targetHints":{"allow":["GET"]}}],"collection":[{"href":"https:\/\/paroissesaintmartindacheres.fr\/index.php\/wp-json\/wp\/v2\/pages"}],"about":[{"href":"https:\/\/paroissesaintmartindacheres.fr\/index.php\/wp-json\/wp\/v2\/types\/page"}],"author":[{"embeddable":true,"href":"https:\/\/paroissesaintmartindacheres.fr\/index.php\/wp-json\/wp\/v2\/users\/8"}],"replies":[{"embeddable":true,"href":"https:\/\/paroissesaintmartindacheres.fr\/index.php\/wp-json\/wp\/v2\/comments?post=5816"}],"version-history":[{"count":33,"href":"https:\/\/paroissesaintmartindacheres.fr\/index.php\/wp-json\/wp\/v2\/pages\/5816\/revisions"}],"predecessor-version":[{"id":10619,"href":"https:\/\/paroissesaintmartindacheres.fr\/index.php\/wp-json\/wp\/v2\/pages\/5816\/revisions\/10619"}],"wp:attachment":[{"href":"https:\/\/paroissesaintmartindacheres.fr\/index.php\/wp-json\/wp\/v2\/media?parent=5816"}],"curies":[{"name":"wp","href":"https:\/\/api.w.org\/{rel}","templated":true}]}}