{"id":5793,"date":"2024-10-12T17:03:29","date_gmt":"2024-10-12T15:03:29","guid":{"rendered":"http:\/\/paroissesaintmartindacheres.fr\/?page_id=5793"},"modified":"2025-03-04T18:26:00","modified_gmt":"2025-03-04T17:26:00","slug":"servants-de-messe","status":"publish","type":"page","link":"https:\/\/paroissesaintmartindacheres.fr\/index.php\/servants-de-messe\/","title":{"rendered":"Servants de messe"},"content":{"rendered":"\t\t<div data-elementor-type=\"wp-page\" data-elementor-id=\"5793\" class=\"elementor elementor-5793\">\n\t\t\t\t<div class=\"elementor-element elementor-element-33365f0 e-con-full e-flex e-con e-parent\" data-id=\"33365f0\" data-element_type=\"container\" data-e-type=\"container\" data-settings=\"{&quot;background_background&quot;:&quot;classic&quot;}\">\n\t\t<div class=\"elementor-element elementor-element-3721af5 e-con-full e-flex e-con e-child\" data-id=\"3721af5\" data-element_type=\"container\" data-e-type=\"container\" data-settings=\"{&quot;background_background&quot;:&quot;classic&quot;}\">\n\t\t\t\t<div class=\"elementor-element elementor-element-a12f6bc elementor-widget elementor-widget-heading\" data-id=\"a12f6bc\" data-element_type=\"widget\" data-e-type=\"widget\" data-widget_type=\"heading.default\">\n\t\t\t\t<div class=\"elementor-widget-container\">\n\t\t\t\t\t<h1 class=\"elementor-heading-title elementor-size-default\">Les servants de messe<\/h1>\t\t\t\t<\/div>\n\t\t\t\t<\/div>\n\t\t\t\t<\/div>\n\t\t\t\t<\/div>\n\t\t<div class=\"elementor-element elementor-element-627484e e-flex e-con-boxed e-con e-parent\" data-id=\"627484e\" data-element_type=\"container\" data-e-type=\"container\">\n\t\t\t\t\t<div class=\"e-con-inner\">\n\t\t<div class=\"elementor-element elementor-element-44a35c5 e-con-full e-flex e-con e-child\" data-id=\"44a35c5\" data-element_type=\"container\" data-e-type=\"container\">\n\t\t\t\t<div class=\"elementor-element elementor-element-16011aa elementor-widget elementor-widget-text-editor\" data-id=\"16011aa\" data-element_type=\"widget\" data-e-type=\"widget\" data-widget_type=\"text-editor.default\">\n\t\t\t\t<div class=\"elementor-widget-container\">\n\t\t\t\t\t\t\t\t\t<p>Le r\u00f4le des servants d&rsquo;autel est important dans la liturgie car\u00a0 ils se mettent non seulement au service du pr\u00eatre qui pr\u00e9side mais aussi au service de la pri\u00e8re communautaire : remplir avec c\u0153ur ce service pour aider les chr\u00e9tiens \u00e0 mieux prier, \u00e0 int\u00e9rioriser les rites c\u2019est une mission d\u2019Eglise tout \u00e0 fait n\u00e9cessaire.\u00a0<\/p>\t\t\t\t\t\t\t\t<\/div>\n\t\t\t\t<\/div>\n\t\t\t\t<\/div>\n\t\t\t\t\t<\/div>\n\t\t\t\t<\/div>\n\t\t<div class=\"elementor-element elementor-element-f069008 e-flex e-con-boxed e-con e-parent\" data-id=\"f069008\" data-element_type=\"container\" data-e-type=\"container\">\n\t\t\t\t\t<div class=\"e-con-inner\">\n\t\t<div class=\"elementor-element elementor-element-14d5657 e-con-full e-flex e-con e-child\" data-id=\"14d5657\" data-element_type=\"container\" data-e-type=\"container\">\n\t\t\t\t<div class=\"elementor-element elementor-element-da18c91 elementor-widget elementor-widget-heading\" data-id=\"da18c91\" data-element_type=\"widget\" data-e-type=\"widget\" data-widget_type=\"heading.default\">\n\t\t\t\t<div class=\"elementor-widget-container\">\n\t\t\t\t\t<h2 class=\"elementor-heading-title elementor-size-default\">Que signifie \u00eatre servent de messe ou enfant de ch\u0153ur ?<\/h2>\t\t\t\t<\/div>\n\t\t\t\t<\/div>\n\t\t\t\t<\/div>\n\t\t\t\t\t<\/div>\n\t\t\t\t<\/div>\n\t\t<div class=\"elementor-element elementor-element-d6950c3 e-flex e-con-boxed e-con e-parent\" data-id=\"d6950c3\" data-element_type=\"container\" data-e-type=\"container\">\n\t\t\t\t\t<div class=\"e-con-inner\">\n\t\t<div class=\"elementor-element elementor-element-17b3704 e-con-full e-flex e-con e-child\" data-id=\"17b3704\" data-element_type=\"container\" data-e-type=\"container\">\n\t\t\t\t<div class=\"elementor-element elementor-element-663d9d6 elementor-widget elementor-widget-text-editor\" data-id=\"663d9d6\" data-element_type=\"widget\" data-e-type=\"widget\" data-widget_type=\"text-editor.default\">\n\t\t\t\t<div class=\"elementor-widget-container\">\n\t\t\t\t\t\t\t\t\t<p>C&rsquo;est une\u00a0<strong>mission<\/strong>\u00a0au service de la\u00a0<strong>pri\u00e8re<\/strong>\u00a0de l\u2019ensemble de la communaut\u00e9 des fid\u00e8les.<\/p>\n<p><!-- \/wp:paragraph --><!-- wp:paragraph --><\/p>\n<p>C&rsquo;est l&rsquo;occasion d&rsquo;approfondir ta Foi en \u00e9tant <strong>serviteur<\/strong>\u00a0comme J\u00e9sus l\u2019a \u00e9t\u00e9 durant sa vie terrestre.<\/p>\n<p><!-- \/wp:paragraph --><!-- wp:paragraph --><\/p>\n<p>C&rsquo;est un engagement \u00e0 se mettre au service de la communaut\u00e9 paroissiale en l\u2019aidant \u00e0 mieux participer \u00e0 la liturgie.<\/p>\t\t\t\t\t\t\t\t<\/div>\n\t\t\t\t<\/div>\n\t\t\t\t<\/div>\n\t\t\t\t\t<\/div>\n\t\t\t\t<\/div>\n\t\t<div class=\"elementor-element elementor-element-952b1e6 e-flex e-con-boxed e-con e-parent\" data-id=\"952b1e6\" data-element_type=\"container\" data-e-type=\"container\">\n\t\t\t\t\t<div class=\"e-con-inner\">\n\t\t<div class=\"elementor-element elementor-element-e4afc86 e-con-full e-flex e-con e-child\" data-id=\"e4afc86\" data-element_type=\"container\" data-e-type=\"container\">\n\t\t\t\t<div class=\"elementor-element elementor-element-3beb428 elementor-widget elementor-widget-heading\" data-id=\"3beb428\" data-element_type=\"widget\" data-e-type=\"widget\" data-widget_type=\"heading.default\">\n\t\t\t\t<div class=\"elementor-widget-container\">\n\t\t\t\t\t<h2 class=\"elementor-heading-title elementor-size-default\">Comment faire partie des servants de messe ?<\/h2>\t\t\t\t<\/div>\n\t\t\t\t<\/div>\n\t\t\t\t<\/div>\n\t\t\t\t\t<\/div>\n\t\t\t\t<\/div>\n\t\t<div class=\"elementor-element elementor-element-3ba48b7 e-flex e-con-boxed e-con e-parent\" data-id=\"3ba48b7\" data-element_type=\"container\" data-e-type=\"container\">\n\t\t\t\t\t<div class=\"e-con-inner\">\n\t\t<div class=\"elementor-element elementor-element-d4e8cd8 e-con-full e-flex e-con e-child\" data-id=\"d4e8cd8\" data-element_type=\"container\" data-e-type=\"container\">\n\t\t\t\t<div class=\"elementor-element elementor-element-e927c06 elementor-widget elementor-widget-text-editor\" data-id=\"e927c06\" data-element_type=\"widget\" data-e-type=\"widget\" data-widget_type=\"text-editor.default\">\n\t\t\t\t<div class=\"elementor-widget-container\">\n\t\t\t\t\t\t\t\t\t<p>Si vous souhaitez que votre enfant fasse partie des servants de messe, vous pouvez prendre contact avec le cur\u00e9 de la paroisse en appelant le<strong> secr\u00e9tariat au 01 39 11 10 24<\/strong>.<\/p>\t\t\t\t\t\t\t\t<\/div>\n\t\t\t\t<\/div>\n\t\t\t\t<\/div>\n\t\t\t\t\t<\/div>\n\t\t\t\t<\/div>\n\t\t\t\t<\/div>\n\t\t","protected":false},"excerpt":{"rendered":"<p>Les servants de messe Le r\u00f4le des servants d&rsquo;autel est important dans la liturgie car\u00a0 ils se mettent non seulement au service du pr\u00eatre qui pr\u00e9side mais aussi au service [&hellip;]<\/p>\n","protected":false},"author":8,"featured_media":0,"parent":0,"menu_order":0,"comment_status":"closed","ping_status":"closed","template":"","meta":{"footnotes":""},"class_list":["post-5793","page","type-page","status-publish","hentry","entry"],"_links":{"self":[{"href":"https:\/\/paroissesaintmartindacheres.fr\/index.php\/wp-json\/wp\/v2\/pages\/5793","targetHints":{"allow":["GET"]}}],"collection":[{"href":"https:\/\/paroissesaintmartindacheres.fr\/index.php\/wp-json\/wp\/v2\/pages"}],"about":[{"href":"https:\/\/paroissesaintmartindacheres.fr\/index.php\/wp-json\/wp\/v2\/types\/page"}],"author":[{"embeddable":true,"href":"https:\/\/paroissesaintmartindacheres.fr\/index.php\/wp-json\/wp\/v2\/users\/8"}],"replies":[{"embeddable":true,"href":"https:\/\/paroissesaintmartindacheres.fr\/index.php\/wp-json\/wp\/v2\/comments?post=5793"}],"version-history":[{"count":31,"href":"https:\/\/paroissesaintmartindacheres.fr\/index.php\/wp-json\/wp\/v2\/pages\/5793\/revisions"}],"predecessor-version":[{"id":10429,"href":"https:\/\/paroissesaintmartindacheres.fr\/index.php\/wp-json\/wp\/v2\/pages\/5793\/revisions\/10429"}],"wp:attachment":[{"href":"https:\/\/paroissesaintmartindacheres.fr\/index.php\/wp-json\/wp\/v2\/media?parent=5793"}],"curies":[{"name":"wp","href":"https:\/\/api.w.org\/{rel}","templated":true}]}}