{"id":5691,"date":"2024-10-01T17:29:05","date_gmt":"2024-10-01T15:29:05","guid":{"rendered":"http:\/\/paroissesaintmartindacheres.fr\/?page_id=5691"},"modified":"2025-09-01T20:23:45","modified_gmt":"2025-09-01T18:23:45","slug":"pretres-et-diacres","status":"publish","type":"page","link":"https:\/\/paroissesaintmartindacheres.fr\/index.php\/pretres-et-diacres\/","title":{"rendered":"Pr\u00eatres"},"content":{"rendered":"\t\t<div data-elementor-type=\"wp-page\" data-elementor-id=\"5691\" class=\"elementor elementor-5691\">\n\t\t\t\t<div class=\"elementor-element elementor-element-8204c2c e-flex e-con-boxed e-con e-parent\" data-id=\"8204c2c\" data-element_type=\"container\" data-e-type=\"container\" data-settings=\"{&quot;background_background&quot;:&quot;classic&quot;}\">\n\t\t\t\t\t<div class=\"e-con-inner\">\n\t\t<div class=\"elementor-element elementor-element-5fd833c e-con-full e-flex e-con e-child\" data-id=\"5fd833c\" data-element_type=\"container\" data-e-type=\"container\">\n\t\t\t\t<div class=\"elementor-element elementor-element-b023cc6 elementor-widget elementor-widget-heading\" data-id=\"b023cc6\" data-element_type=\"widget\" data-e-type=\"widget\" data-widget_type=\"heading.default\">\n\t\t\t\t<div class=\"elementor-widget-container\">\n\t\t\t\t\t<h2 class=\"elementor-heading-title elementor-size-default\">P\u00e8re Isidore Ndayamdaje<\/h2>\t\t\t\t<\/div>\n\t\t\t\t<\/div>\n\t\t\t\t<div class=\"elementor-element elementor-element-4b9df87 elementor-widget elementor-widget-heading\" data-id=\"4b9df87\" data-element_type=\"widget\" data-e-type=\"widget\" data-widget_type=\"heading.default\">\n\t\t\t\t<div class=\"elementor-widget-container\">\n\t\t\t\t\t<h2 class=\"elementor-heading-title elementor-size-default\">Cur\u00e9 de la paroisse<\/h2>\t\t\t\t<\/div>\n\t\t\t\t<\/div>\n\t\t\t\t<\/div>\n\t\t\t\t\t<\/div>\n\t\t\t\t<\/div>\n\t\t<div class=\"elementor-element elementor-element-8022f61 e-flex e-con-boxed e-con e-parent\" data-id=\"8022f61\" data-element_type=\"container\" data-e-type=\"container\">\n\t\t\t\t\t<div class=\"e-con-inner\">\n\t\t<div class=\"elementor-element elementor-element-718e503 e-con-full e-flex e-con e-child\" data-id=\"718e503\" data-element_type=\"container\" data-e-type=\"container\">\n\t\t\t\t<div class=\"elementor-element elementor-element-6c1ff94 elementor-widget elementor-widget-image\" data-id=\"6c1ff94\" data-element_type=\"widget\" data-e-type=\"widget\" data-widget_type=\"image.default\">\n\t\t\t\t<div class=\"elementor-widget-container\">\n\t\t\t\t\t\t\t\t\t\t\t\t\t\t\t<img fetchpriority=\"high\" decoding=\"async\" width=\"375\" height=\"570\" src=\"https:\/\/paroissesaintmartindacheres.fr\/wp-content\/uploads\/2025\/03\/Presentation-Cure-2025.webp\" class=\"attachment-large size-large wp-image-10276\" alt=\"\" srcset=\"https:\/\/paroissesaintmartindacheres.fr\/wp-content\/uploads\/2025\/03\/Presentation-Cure-2025.webp 375w, https:\/\/paroissesaintmartindacheres.fr\/wp-content\/uploads\/2025\/03\/Presentation-Cure-2025-197x300.webp 197w\" sizes=\"(max-width: 375px) 100vw, 375px\" \/>\t\t\t\t\t\t\t\t\t\t\t\t\t\t\t<\/div>\n\t\t\t\t<\/div>\n\t\t\t\t<\/div>\n\t\t<div class=\"elementor-element elementor-element-8efde37 e-con-full e-flex e-con e-child\" data-id=\"8efde37\" data-element_type=\"container\" data-e-type=\"container\">\n\t\t\t\t<div class=\"elementor-element elementor-element-415126d elementor-widget elementor-widget-text-editor\" data-id=\"415126d\" data-element_type=\"widget\" data-e-type=\"widget\" data-widget_type=\"text-editor.default\">\n\t\t\t\t<div class=\"elementor-widget-container\">\n\t\t\t\t\t\t\t\t\t<p>Le P\u00e8re Isidore Ndayambaje a \u00e9t\u00e9 nomm\u00e9 cur\u00e9 d&rsquo;Ach\u00e8res \u00e0 partir du 01 septembre 2024.<\/p>\n<p><!-- \/wp:paragraph --><!-- wp:paragraph --><\/p>\n<p>Il a \u00e9t\u00e9 install\u00e9 officiellement dans sa fonction le 29 septembre 2024 par le repr\u00e9sentant du dioc\u00e8se de Versailles.<\/p>\n<p>Ordonn\u00e9 le 31 juillet 2003, il est pr\u00eatre dioc\u00e9sain depuis 20 ans.<\/p>\n<p><!-- \/wp:paragraph --><!-- wp:paragraph --><\/p>\n<p>Avant d&rsquo;\u00eatre affect\u00e9 \u00e0 la paroisse d&rsquo;Ach\u00e8res, il a servi dans le groupement paroissial de Maisons-Laffitte et Mesnil-le-Roi, de 2021 \u00e0 2024. D&rsquo;abord comme Pr\u00eatre \u00e9tudiant \u00e0 l&rsquo;Institut Catholique puis comme vicaire paroissial.<\/p>\n<p><!-- \/wp:paragraph --><!-- wp:paragraph --><\/p>\n<p>De 2004 \u00e0 2021 il a servi dans son pays le RWANDA en \u00e9tant successivement vicaire, puis cur\u00e9 de la paroisse Notre Dame de la Merci de Rwamiko (2004-2005), cur\u00e9 de la paroisse Saint Jean Baptiste de Burehe (2010-2015), responsable de la pastorale de la famille et Directeur Dioc\u00e9sain de l&rsquo;enseignement catholique au Dioc\u00e8se de Byumba (2017-2021).<\/p>\n<p><!-- \/wp:paragraph --><!-- wp:paragraph --><\/p>\t\t\t\t\t\t\t\t<\/div>\n\t\t\t\t<\/div>\n\t\t\t\t<\/div>\n\t\t\t\t\t<\/div>\n\t\t\t\t<\/div>\n\t\t<div class=\"elementor-element elementor-element-94c23ff e-flex e-con-boxed e-con e-parent\" data-id=\"94c23ff\" data-element_type=\"container\" data-e-type=\"container\" data-settings=\"{&quot;background_background&quot;:&quot;classic&quot;}\">\n\t\t\t\t\t<div class=\"e-con-inner\">\n\t\t<div class=\"elementor-element elementor-element-2c7a570 e-con-full e-flex e-con e-child\" data-id=\"2c7a570\" data-element_type=\"container\" data-e-type=\"container\">\n\t\t\t\t<div class=\"elementor-element elementor-element-6846e4d elementor-widget elementor-widget-heading\" data-id=\"6846e4d\" data-element_type=\"widget\" data-e-type=\"widget\" data-widget_type=\"heading.default\">\n\t\t\t\t<div class=\"elementor-widget-container\">\n\t\t\t\t\t<h2 class=\"elementor-heading-title elementor-size-default\">Le mot d'accueil du Cur\u00e9<\/h2>\t\t\t\t<\/div>\n\t\t\t\t<\/div>\n\t\t\t\t<\/div>\n\t\t\t\t\t<\/div>\n\t\t\t\t<\/div>\n\t\t<div class=\"elementor-element elementor-element-3d4aeed e-flex e-con-boxed e-con e-parent\" data-id=\"3d4aeed\" data-element_type=\"container\" data-e-type=\"container\" data-settings=\"{&quot;background_background&quot;:&quot;classic&quot;}\">\n\t\t\t\t\t<div class=\"e-con-inner\">\n\t\t<div class=\"elementor-element elementor-element-881dd0f e-con-full e-flex e-con e-child\" data-id=\"881dd0f\" data-element_type=\"container\" data-e-type=\"container\">\n\t\t\t\t<div class=\"elementor-element elementor-element-dcc8c1d elementor-widget elementor-widget-text-editor\" data-id=\"dcc8c1d\" data-element_type=\"widget\" data-e-type=\"widget\" data-widget_type=\"text-editor.default\">\n\t\t\t\t<div class=\"elementor-widget-container\">\n\t\t\t\t\t\t\t\t\t<div class=\"elementor-element elementor-element-5a50771 e-flex e-con-boxed e-con e-parent e-lazyloaded\" data-id=\"5a50771\" data-element_type=\"container\">\n<div class=\"e-con-inner\">\n<div class=\"elementor-element elementor-element-4b5a491 e-con-full e-flex e-con e-child\" data-id=\"4b5a491\" data-element_type=\"container\">\n<div class=\"elementor-element elementor-element-e059f3f elementor-widget elementor-widget-text-editor\" data-id=\"e059f3f\" data-element_type=\"widget\" data-widget_type=\"text-editor.default\">\n<div class=\"elementor-widget-container\">\n<div class=\"t pg-1m0 pg-1x5 pg-1h4 pg-1y6 pg-1ff2 pg-1fs1 pg-1fc0 pg-1sc0 pg-1ls0 pg-1ws0\">Chers amis, paroissiens et visiteurs de passage dans la paroisse et sur ce site, Bienvenue \u00e0 tous !!<\/div>\n<div>\u00a0<\/div>\n<div class=\"t pg-1m0 pg-1x5 pg-1h5 pg-1y9 pg-1ff3 pg-1fs1 pg-1fc0 pg-1sc0 pg-1ls0 pg-1ws0\">La paroisse Saint Martin d\u2019Ach\u00e8res est une des paroisses du Dioc\u00e8se de Versailles. Depuis plus de 800 ans, la bonne Nouvelle du salut y est annonc\u00e9e ! Comme une\u00a0graine de moutarde, la communaut\u00e9 des croyants continue \u00e0 grandir pour devenir un grand arbre o\u00f9 les oiseaux de tous les horizons peuvent venir s\u2019abriter.<\/div>\n<div class=\"t pg-1m0 pg-1x5 pg-1h5 pg-1yd pg-1ff3 pg-1fs1 pg-1fc0 pg-1sc0 pg-1ls0 pg-1ws0\">La communaut\u00e9 paroissiale se mobilise, apr\u00e8s l\u2019Eucharistie, pour continuer la mission d\u2019annoncer l\u2019Evangile pour que ceux qui croient accueillent le bapt\u00eame et deviennent ainsi enfants de Dieu !\u00a0 Unis autour du Christ, le cur\u00e9 et ses collaborateurs s\u2019organisent pour servir tous ceux qui frappent \u00e0 la porte !<\/div>\n<div class=\"t pg-1m0 pg-1x5 pg-1h5 pg-1yd pg-1ff3 pg-1fs1 pg-1fc0 pg-1sc0 pg-1ls0 pg-1ws0\">Nous vous invitons \u00e0 naviguer sur le site paroissial, pour trouver toutes informations utiles sur les diff\u00e9rents services, pour suivre notre actualit\u00e9, ou r\u00e9pondre \u00e0 votre besoin d\u2019une rencontre, ou d\u2019un accompagnement.<\/div>\n<\/div>\n<\/div>\n<\/div>\n<\/div>\n<\/div>\t\t\t\t\t\t\t\t<\/div>\n\t\t\t\t<\/div>\n\t\t<div class=\"elementor-element elementor-element-55ea47c e-con-full e-flex e-con e-child\" data-id=\"55ea47c\" data-element_type=\"container\" data-e-type=\"container\">\n\t\t<div class=\"elementor-element elementor-element-1fdad62 e-con-full e-flex e-con e-child\" data-id=\"1fdad62\" data-element_type=\"container\" data-e-type=\"container\" data-settings=\"{&quot;background_background&quot;:&quot;classic&quot;}\">\n\t\t\t\t<div class=\"elementor-element elementor-element-83058d8 elementor-widget__width-initial elementor-widget elementor-widget-text-editor\" data-id=\"83058d8\" data-element_type=\"widget\" data-e-type=\"widget\" data-widget_type=\"text-editor.default\">\n\t\t\t\t<div class=\"elementor-widget-container\">\n\t\t\t\t\t\t\t\t\t<div class=\"elementor-element elementor-element-4af3ebf e-flex e-con-boxed e-con e-parent e-lazyloaded\" data-id=\"4af3ebf\" data-element_type=\"container\">\n<div class=\"e-con-inner\">\n<div class=\"elementor-element elementor-element-aeac5cd e-con-full e-flex e-con e-child\" data-id=\"aeac5cd\" data-element_type=\"container\">\n<div class=\"elementor-element elementor-element-8f7b0d5 e-con-full e-flex e-con e-child\" data-id=\"8f7b0d5\" data-element_type=\"container\" data-settings=\"{&quot;background_background&quot;:&quot;classic&quot;}\">\n<div class=\"elementor-element elementor-element-7d8364b elementor-widget elementor-widget-text-editor\" data-id=\"7d8364b\" data-element_type=\"widget\" data-widget_type=\"text-editor.default\">\n<div class=\"elementor-widget-container\">\n<div class=\"t pg-1m0 pg-1x1 pg-1h3 pg-1y2 pg-1ff1 pg-1fs0 pg-1fc0 pg-1sc0 pg-1ls0 pg-1ws0\"><strong>\u00abJe ne prie pas seulement pour ceux qui sont l\u00e0, mais encore pour ceux qui, gr\u00e2ce \u00e0 leur parole, croiront en moi. <\/strong><strong>Que tous soient un, comme toi, P\u00e8re, tu es en moi, et moi en toi. \u00bb<\/strong><\/div>\n<div class=\"t pg-1m0 pg-1x4 pg-1h3 pg-1y5 pg-1ff1 pg-1fs0 pg-1fc0 pg-1sc0 pg-1ls0 pg-1ws0\"><strong>(Jn 17,20-21)<\/strong><\/div>\n<\/div>\n<\/div>\n<\/div>\n<\/div>\n<\/div>\n<\/div>\t\t\t\t\t\t\t\t<\/div>\n\t\t\t\t<\/div>\n\t\t\t\t<\/div>\n\t\t\t\t<\/div>\n\t\t\t\t<\/div>\n\t\t\t\t\t<\/div>\n\t\t\t\t<\/div>\n\t\t<div class=\"elementor-element elementor-element-684fef7 e-flex e-con-boxed e-con e-parent\" data-id=\"684fef7\" data-element_type=\"container\" data-e-type=\"container\">\n\t\t\t\t\t<div class=\"e-con-inner\">\n\t\t<div class=\"elementor-element elementor-element-b286271 e-con-full e-flex e-con e-child\" data-id=\"b286271\" data-element_type=\"container\" data-e-type=\"container\">\n\t\t\t\t<div class=\"elementor-element elementor-element-d99ebac elementor-widget elementor-widget-heading\" data-id=\"d99ebac\" data-element_type=\"widget\" data-e-type=\"widget\" data-widget_type=\"heading.default\">\n\t\t\t\t<div class=\"elementor-widget-container\">\n\t\t\t\t\t<h2 class=\"elementor-heading-title elementor-size-default\">Rencontrer le pr\u00eatre<\/h2>\t\t\t\t<\/div>\n\t\t\t\t<\/div>\n\t\t\t\t<\/div>\n\t\t\t\t\t<\/div>\n\t\t\t\t<\/div>\n\t\t<div class=\"elementor-element elementor-element-7b577e0 e-flex e-con-boxed e-con e-parent\" data-id=\"7b577e0\" data-element_type=\"container\" data-e-type=\"container\">\n\t\t\t\t\t<div class=\"e-con-inner\">\n\t\t<div class=\"elementor-element elementor-element-e43654a e-con-full e-flex e-con e-child\" data-id=\"e43654a\" data-element_type=\"container\" data-e-type=\"container\">\n\t\t<div class=\"elementor-element elementor-element-3279396 e-con-full e-flex e-con e-child\" data-id=\"3279396\" data-element_type=\"container\" data-e-type=\"container\">\n\t\t\t\t<div class=\"elementor-element elementor-element-e2c5626 elementor-widget elementor-widget-text-editor\" data-id=\"e2c5626\" data-element_type=\"widget\" data-e-type=\"widget\" data-widget_type=\"text-editor.default\">\n\t\t\t\t<div class=\"elementor-widget-container\">\n\t\t\t\t\t\t\t\t\t<p>Le P\u00e8re Isidore est disponible <strong>le mercredi de 17h<\/strong>\u00a0<strong>\u00e0 18h30<\/strong>\u00a0pour vous accueillir, vous \u00e9couter, vous accompagner ou encore pour <strong>les confessions.<\/strong><\/p>\n<p><!-- \/wp:paragraph --><!-- wp:paragraph --><\/p>\n<p>Pour rencontrer le cur\u00e9 en dehors de ce cr\u00e9neau :<\/p>\n<ul>\n<li>Contacter le secr\u00e9tariat de la paroisse\u00a0<\/li>\n<li>Envoyer un message \u00e0 l&rsquo;adresse suivante :\u00a0<\/li>\n<\/ul>\t\t\t\t\t\t\t\t<\/div>\n\t\t\t\t<\/div>\n\t\t\t\t<div class=\"elementor-element elementor-element-cfadf4d elementor-widget elementor-widget-text-editor\" data-id=\"cfadf4d\" data-element_type=\"widget\" data-e-type=\"widget\" data-widget_type=\"text-editor.default\">\n\t\t\t\t<div class=\"elementor-widget-container\">\n\t\t\t\t\t\t\t\t\t<p><strong>isidore.ndayambaje@catholique78.fr<\/strong><\/p>\t\t\t\t\t\t\t\t<\/div>\n\t\t\t\t<\/div>\n\t\t\t\t<\/div>\n\t\t<div class=\"elementor-element elementor-element-c22ead6 e-con-full e-flex e-con e-child\" data-id=\"c22ead6\" data-element_type=\"container\" data-e-type=\"container\">\n\t\t<div class=\"elementor-element elementor-element-c084213 e-con-full e-flex e-con e-child\" data-id=\"c084213\" data-element_type=\"container\" data-e-type=\"container\" data-settings=\"{&quot;animation&quot;:&quot;none&quot;,&quot;animation_delay&quot;:100,&quot;background_background&quot;:&quot;classic&quot;}\">\n\t\t\t\t<div class=\"elementor-element elementor-element-69f91d7 elementor-position-inline-start elementor-view-default elementor-mobile-position-block-start elementor-widget elementor-widget-icon-box\" data-id=\"69f91d7\" data-element_type=\"widget\" data-e-type=\"widget\" data-widget_type=\"icon-box.default\">\n\t\t\t\t<div class=\"elementor-widget-container\">\n\t\t\t\t\t\t\t<div class=\"elementor-icon-box-wrapper\">\n\n\t\t\t\t\t\t<div class=\"elementor-icon-box-icon\">\n\t\t\t\t<span  class=\"elementor-icon\">\n\t\t\t\t<i aria-hidden=\"true\" class=\"icon icon-phone\"><\/i>\t\t\t\t<\/span>\n\t\t\t<\/div>\n\t\t\t\n\t\t\t\t\t\t<div class=\"elementor-icon-box-content\">\n\n\t\t\t\t\n\t\t\t\t\t\t\t\t\t<p class=\"elementor-icon-box-description\">\n\t\t\t\t\t\t01 39 11 10 24\t\t\t\t\t<\/p>\n\t\t\t\t\n\t\t\t<\/div>\n\t\t\t\n\t\t<\/div>\n\t\t\t\t\t\t<\/div>\n\t\t\t\t<\/div>\n\t\t\t\t<div class=\"elementor-element elementor-element-a38f261 elementor-position-inline-start elementor-view-default elementor-mobile-position-block-start elementor-widget elementor-widget-icon-box\" data-id=\"a38f261\" data-element_type=\"widget\" data-e-type=\"widget\" data-widget_type=\"icon-box.default\">\n\t\t\t\t<div class=\"elementor-widget-container\">\n\t\t\t\t\t\t\t<div class=\"elementor-icon-box-wrapper\">\n\n\t\t\t\t\t\t<div class=\"elementor-icon-box-icon\">\n\t\t\t\t<span  class=\"elementor-icon\">\n\t\t\t\t<svg aria-hidden=\"true\" class=\"e-font-icon-svg e-far-envelope-open\" viewBox=\"0 0 512 512\" xmlns=\"http:\/\/www.w3.org\/2000\/svg\"><path d=\"M494.586 164.516c-4.697-3.883-111.723-89.95-135.251-108.657C337.231 38.191 299.437 0 256 0c-43.205 0-80.636 37.717-103.335 55.859-24.463 19.45-131.07 105.195-135.15 108.549A48.004 48.004 0 0 0 0 201.485V464c0 26.51 21.49 48 48 48h416c26.51 0 48-21.49 48-48V201.509a48 48 0 0 0-17.414-36.993zM464 458a6 6 0 0 1-6 6H54a6 6 0 0 1-6-6V204.347c0-1.813.816-3.526 2.226-4.665 15.87-12.814 108.793-87.554 132.364-106.293C200.755 78.88 232.398 48 256 48c23.693 0 55.857 31.369 73.41 45.389 23.573 18.741 116.503 93.493 132.366 106.316a5.99 5.99 0 0 1 2.224 4.663V458zm-31.991-187.704c4.249 5.159 3.465 12.795-1.745 16.981-28.975 23.283-59.274 47.597-70.929 56.863C336.636 362.283 299.205 400 256 400c-43.452 0-81.287-38.237-103.335-55.86-11.279-8.967-41.744-33.413-70.927-56.865-5.21-4.187-5.993-11.822-1.745-16.981l15.258-18.528c4.178-5.073 11.657-5.843 16.779-1.726 28.618 23.001 58.566 47.035 70.56 56.571C200.143 320.631 232.307 352 256 352c23.602 0 55.246-30.88 73.41-45.389 11.994-9.535 41.944-33.57 70.563-56.568 5.122-4.116 12.601-3.346 16.778 1.727l15.258 18.526z\"><\/path><\/svg>\t\t\t\t<\/span>\n\t\t\t<\/div>\n\t\t\t\n\t\t\t\t\t\t<div class=\"elementor-icon-box-content\">\n\n\t\t\t\t\n\t\t\t\t\t\t\t\t\t<p class=\"elementor-icon-box-description\">\n\t\t\t\t\t\tparoisse-stmartin-acheres@orange.fr\t\t\t\t\t<\/p>\n\t\t\t\t\n\t\t\t<\/div>\n\t\t\t\n\t\t<\/div>\n\t\t\t\t\t\t<\/div>\n\t\t\t\t<\/div>\n\t\t\t\t<div class=\"elementor-element elementor-element-091bb98 elementor-widget__width-initial elementor-widget elementor-widget-text-editor\" data-id=\"091bb98\" data-element_type=\"widget\" data-e-type=\"widget\" data-widget_type=\"text-editor.default\">\n\t\t\t\t<div class=\"elementor-widget-container\">\n\t\t\t\t\t\t\t\t\t<p>Adresse : 8 Avenue de Stalingrad, 78260 Ach\u00e8res<\/p>\n<p>L&rsquo;accueil du secr\u00e9tariat est ouvert <strong>les mercredi et samedi de 9h30 \u00e0 11h30<\/strong><\/p>\n<p>Pour contacter la paroisse directement en ligne :<\/p>\t\t\t\t\t\t\t\t<\/div>\n\t\t\t\t<\/div>\n\t\t\t\t<div class=\"elementor-element elementor-element-bbd0a22 elementor-align-center elementor-widget elementor-widget-button\" data-id=\"bbd0a22\" data-element_type=\"widget\" data-e-type=\"widget\" data-widget_type=\"button.default\">\n\t\t\t\t<div class=\"elementor-widget-container\">\n\t\t\t\t\t\t\t\t\t<div class=\"elementor-button-wrapper\">\n\t\t\t\t\t<a class=\"elementor-button elementor-button-link elementor-size-sm\" href=\"https:\/\/paroissesaintmartindacheres.fr\/index.php\/contact-2\/\">\n\t\t\t\t\t\t<span class=\"elementor-button-content-wrapper\">\n\t\t\t\t\t\t\t\t\t<span class=\"elementor-button-text\">Envoyer un message<\/span>\n\t\t\t\t\t<\/span>\n\t\t\t\t\t<\/a>\n\t\t\t\t<\/div>\n\t\t\t\t\t\t\t\t<\/div>\n\t\t\t\t<\/div>\n\t\t\t\t<\/div>\n\t\t\t\t<\/div>\n\t\t\t\t<\/div>\n\t\t\t\t\t<\/div>\n\t\t\t\t<\/div>\n\t\t\t\t<\/div>\n\t\t","protected":false},"excerpt":{"rendered":"<p>P\u00e8re Isidore Ndayamdaje Cur\u00e9 de la paroisse Le P\u00e8re Isidore Ndayambaje a \u00e9t\u00e9 nomm\u00e9 cur\u00e9 d&rsquo;Ach\u00e8res \u00e0 partir du 01 septembre 2024. Il a \u00e9t\u00e9 install\u00e9 officiellement dans sa fonction [&hellip;]<\/p>\n","protected":false},"author":8,"featured_media":0,"parent":0,"menu_order":0,"comment_status":"closed","ping_status":"closed","template":"","meta":{"footnotes":""},"class_list":["post-5691","page","type-page","status-publish","hentry","entry"],"_links":{"self":[{"href":"https:\/\/paroissesaintmartindacheres.fr\/index.php\/wp-json\/wp\/v2\/pages\/5691","targetHints":{"allow":["GET"]}}],"collection":[{"href":"https:\/\/paroissesaintmartindacheres.fr\/index.php\/wp-json\/wp\/v2\/pages"}],"about":[{"href":"https:\/\/paroissesaintmartindacheres.fr\/index.php\/wp-json\/wp\/v2\/types\/page"}],"author":[{"embeddable":true,"href":"https:\/\/paroissesaintmartindacheres.fr\/index.php\/wp-json\/wp\/v2\/users\/8"}],"replies":[{"embeddable":true,"href":"https:\/\/paroissesaintmartindacheres.fr\/index.php\/wp-json\/wp\/v2\/comments?post=5691"}],"version-history":[{"count":125,"href":"https:\/\/paroissesaintmartindacheres.fr\/index.php\/wp-json\/wp\/v2\/pages\/5691\/revisions"}],"predecessor-version":[{"id":148946,"href":"https:\/\/paroissesaintmartindacheres.fr\/index.php\/wp-json\/wp\/v2\/pages\/5691\/revisions\/148946"}],"wp:attachment":[{"href":"https:\/\/paroissesaintmartindacheres.fr\/index.php\/wp-json\/wp\/v2\/media?parent=5691"}],"curies":[{"name":"wp","href":"https:\/\/api.w.org\/{rel}","templated":true}]}}