{"id":51189,"date":"2025-04-24T13:33:52","date_gmt":"2025-04-24T11:33:52","guid":{"rendered":"https:\/\/paroissesaintmartindacheres.fr\/?page_id=51189"},"modified":"2025-04-24T13:50:53","modified_gmt":"2025-04-24T11:50:53","slug":"priere-pour-le-pape-francois","status":"publish","type":"page","link":"https:\/\/paroissesaintmartindacheres.fr\/index.php\/priere-pour-le-pape-francois\/","title":{"rendered":"Pri\u00e8re pour le pape Fran\u00e7ois"},"content":{"rendered":"\t\t<div data-elementor-type=\"wp-page\" data-elementor-id=\"51189\" class=\"elementor elementor-51189\">\n\t\t\t\t<div class=\"elementor-element elementor-element-fb94af3 e-flex e-con-boxed e-con e-parent\" data-id=\"fb94af3\" data-element_type=\"container\" data-e-type=\"container\">\n\t\t\t\t\t<div class=\"e-con-inner\">\n\t\t<div class=\"elementor-element elementor-element-672b7d2 e-con-full e-flex e-con e-child\" data-id=\"672b7d2\" data-element_type=\"container\" data-e-type=\"container\" data-settings=\"{&quot;background_background&quot;:&quot;classic&quot;}\">\n\t\t\t\t<div class=\"elementor-element elementor-element-11ff891 elementor-widget elementor-widget-heading\" data-id=\"11ff891\" data-element_type=\"widget\" data-e-type=\"widget\" data-widget_type=\"heading.default\">\n\t\t\t\t<div class=\"elementor-widget-container\">\n\t\t\t\t\t<h2 class=\"elementor-heading-title elementor-size-default\">Pri\u00e8re pour le Pape Fran\u00e7ois<\/h2>\t\t\t\t<\/div>\n\t\t\t\t<\/div>\n\t\t\t\t<\/div>\n\t\t\t\t\t<\/div>\n\t\t\t\t<\/div>\n\t\t<div class=\"elementor-element elementor-element-fd0daf1 e-flex e-con-boxed e-con e-parent\" data-id=\"fd0daf1\" data-element_type=\"container\" data-e-type=\"container\">\n\t\t\t\t\t<div class=\"e-con-inner\">\n\t\t<div class=\"elementor-element elementor-element-d76e027 e-con-full e-flex e-con e-child\" data-id=\"d76e027\" data-element_type=\"container\" data-e-type=\"container\">\n\t\t\t\t<div class=\"elementor-element elementor-element-953b137 elementor-widget elementor-widget-text-editor\" data-id=\"953b137\" data-element_type=\"widget\" data-e-type=\"widget\" data-widget_type=\"text-editor.default\">\n\t\t\t\t<div class=\"elementor-widget-container\">\n\t\t\t\t\t\t\t\t\t<p>Dieu, notre P\u00e8re,<\/p><p>Nous te prions pour le repos de l&rsquo;\u00e2me de ton fid\u00e8le serviteur, le pape Fran\u00e7ois.<\/p><p>Il a conduit ton Eglise avec amour et un grand d\u00e9vouement.<\/p><p>Que son \u0153uvre continue \u00e0 porter du fruit parmi nous.<\/p><p>Permets que de nombreuses personnes puissent avoir part \u00e0 la joie de l&rsquo;Evangile qu&rsquo;il a annonc\u00e9 avec passion.<\/p><p>Nous te prions :<\/p><p>Accueille-le dans ta maison car il a mis toute son esp\u00e9rance en J\u00e9sus, le Seigneur ressuscit\u00e9, qui vit avec toi pour les siecles des si\u00e8cles.\u00a0<\/p><p>Amen\u00a0<\/p>\t\t\t\t\t\t\t\t<\/div>\n\t\t\t\t<\/div>\n\t\t\t\t<\/div>\n\t\t\t\t\t<\/div>\n\t\t\t\t<\/div>\n\t\t\t\t<\/div>\n\t\t","protected":false},"excerpt":{"rendered":"<p>Pri\u00e8re pour le Pape Fran\u00e7ois Dieu, notre P\u00e8re, Nous te prions pour le repos de l&rsquo;\u00e2me de ton fid\u00e8le serviteur, le pape Fran\u00e7ois. Il a conduit ton Eglise avec amour [&hellip;]<\/p>\n","protected":false},"author":8,"featured_media":0,"parent":0,"menu_order":0,"comment_status":"closed","ping_status":"closed","template":"","meta":{"footnotes":""},"class_list":["post-51189","page","type-page","status-publish","hentry","entry"],"_links":{"self":[{"href":"https:\/\/paroissesaintmartindacheres.fr\/index.php\/wp-json\/wp\/v2\/pages\/51189","targetHints":{"allow":["GET"]}}],"collection":[{"href":"https:\/\/paroissesaintmartindacheres.fr\/index.php\/wp-json\/wp\/v2\/pages"}],"about":[{"href":"https:\/\/paroissesaintmartindacheres.fr\/index.php\/wp-json\/wp\/v2\/types\/page"}],"author":[{"embeddable":true,"href":"https:\/\/paroissesaintmartindacheres.fr\/index.php\/wp-json\/wp\/v2\/users\/8"}],"replies":[{"embeddable":true,"href":"https:\/\/paroissesaintmartindacheres.fr\/index.php\/wp-json\/wp\/v2\/comments?post=51189"}],"version-history":[{"count":10,"href":"https:\/\/paroissesaintmartindacheres.fr\/index.php\/wp-json\/wp\/v2\/pages\/51189\/revisions"}],"predecessor-version":[{"id":51225,"href":"https:\/\/paroissesaintmartindacheres.fr\/index.php\/wp-json\/wp\/v2\/pages\/51189\/revisions\/51225"}],"wp:attachment":[{"href":"https:\/\/paroissesaintmartindacheres.fr\/index.php\/wp-json\/wp\/v2\/media?parent=51189"}],"curies":[{"name":"wp","href":"https:\/\/api.w.org\/{rel}","templated":true}]}}