{"id":5097,"date":"2024-10-03T14:48:54","date_gmt":"2024-10-03T12:48:54","guid":{"rendered":"http:\/\/paroissesaintmartindacheres.fr\/?page_id=5097"},"modified":"2025-10-20T13:23:19","modified_gmt":"2025-10-20T11:23:19","slug":"les-saint-martin-pecheurs","status":"publish","type":"page","link":"https:\/\/paroissesaintmartindacheres.fr\/index.php\/les-saint-martin-pecheurs\/","title":{"rendered":"Les Saint-Martin-P\u00eacheurs"},"content":{"rendered":"\t\t<div data-elementor-type=\"wp-page\" data-elementor-id=\"5097\" class=\"elementor elementor-5097\">\n\t\t\t\t<div class=\"elementor-element elementor-element-b1d9968 e-con-full e-flex e-con e-parent\" data-id=\"b1d9968\" data-element_type=\"container\" data-e-type=\"container\" data-settings=\"{&quot;background_background&quot;:&quot;classic&quot;}\">\n\t\t<div class=\"elementor-element elementor-element-227e48f e-con-full e-flex e-con e-child\" data-id=\"227e48f\" data-element_type=\"container\" data-e-type=\"container\" data-settings=\"{&quot;background_background&quot;:&quot;classic&quot;}\">\n\t\t\t\t<div class=\"elementor-element elementor-element-7bdbd86 elementor-widget elementor-widget-heading\" data-id=\"7bdbd86\" data-element_type=\"widget\" data-e-type=\"widget\" data-widget_type=\"heading.default\">\n\t\t\t\t<div class=\"elementor-widget-container\">\n\t\t\t\t\t<h2 class=\"elementor-heading-title elementor-size-default\">Les Saints Martins P\u00eacheurs<\/h2>\t\t\t\t<\/div>\n\t\t\t\t<\/div>\n\t\t\t\t<\/div>\n\t\t\t\t<\/div>\n\t\t<div class=\"elementor-element elementor-element-5a04371 e-flex e-con-boxed e-con e-parent\" data-id=\"5a04371\" data-element_type=\"container\" data-e-type=\"container\">\n\t\t\t\t\t<div class=\"e-con-inner\">\n\t\t<div class=\"elementor-element elementor-element-8a587b7 e-con-full e-flex e-con e-child\" data-id=\"8a587b7\" data-element_type=\"container\" data-e-type=\"container\">\n\t\t\t\t<div class=\"elementor-element elementor-element-6a6efda elementor-widget elementor-widget-text-editor\" data-id=\"6a6efda\" data-element_type=\"widget\" data-e-type=\"widget\" data-widget_type=\"text-editor.default\">\n\t\t\t\t<div class=\"elementor-widget-container\">\n\t\t\t\t\t\t\t\t\t<p>En place depuis une quinzaine d\u2019ann\u00e9es, la troupe des Saints Martins P\u00eacheurs est une troupe de chanteurs\/chanteuses\/musiciens\/lecteurs.<\/p>\t\t\t\t\t\t\t\t<\/div>\n\t\t\t\t<\/div>\n\t\t\t\t<\/div>\n\t\t\t\t\t<\/div>\n\t\t\t\t<\/div>\n\t\t<div class=\"elementor-element elementor-element-3fdca37 e-flex e-con-boxed e-con e-parent\" data-id=\"3fdca37\" data-element_type=\"container\" data-e-type=\"container\">\n\t\t\t\t\t<div class=\"e-con-inner\">\n\t\t<div class=\"elementor-element elementor-element-ab487d3 e-con-full e-flex e-con e-child\" data-id=\"ab487d3\" data-element_type=\"container\" data-e-type=\"container\">\n\t\t\t\t<div class=\"elementor-element elementor-element-e2a2036 elementor-widget elementor-widget-heading\" data-id=\"e2a2036\" data-element_type=\"widget\" data-e-type=\"widget\" data-widget_type=\"heading.default\">\n\t\t\t\t<div class=\"elementor-widget-container\">\n\t\t\t\t\t<h2 class=\"elementor-heading-title elementor-size-default\">Notre mission<\/h2>\t\t\t\t<\/div>\n\t\t\t\t<\/div>\n\t\t\t\t<\/div>\n\t\t\t\t\t<\/div>\n\t\t\t\t<\/div>\n\t\t<div class=\"elementor-element elementor-element-1d5b670 e-flex e-con-boxed e-con e-parent\" data-id=\"1d5b670\" data-element_type=\"container\" data-e-type=\"container\">\n\t\t\t\t\t<div class=\"e-con-inner\">\n\t\t<div class=\"elementor-element elementor-element-f2e151c e-con-full e-flex e-con e-child\" data-id=\"f2e151c\" data-element_type=\"container\" data-e-type=\"container\">\n\t\t\t\t<div class=\"elementor-element elementor-element-c83b526 elementor-widget elementor-widget-text-editor\" data-id=\"c83b526\" data-element_type=\"widget\" data-e-type=\"widget\" data-widget_type=\"text-editor.default\">\n\t\t\t\t<div class=\"elementor-widget-container\">\n\t\t\t\t\t\t\t\t\t<p>La troupe a pour vocation d\u2019\u00eatre ouverte\u00a0:<\/p>\n<p><!-- \/wp:paragraph --><!-- wp:list --><\/p>\n<ul><!-- wp:list-item -->\n<li>A tout musiciens<\/li>\n<!-- \/wp:list-item --><!-- wp:list-item -->\n<li>A toutes les personnes passionn\u00e9es par le chant<\/li>\n<!-- \/wp:list-item --><!-- wp:list-item -->\n<li>A toutes les personnes aimant l&rsquo;art de la lecture et de la com\u00e9die<\/li>\n<\/ul>\n<p>Nous cr\u00e9ons des spectacles musicaux autour de grandes figures du Christianisme sous la forme de r\u00e9cits et de chansons aussi bien religieuses que pop\/rocks\u2026<\/p>\n<p><!-- \/wp:paragraph --><!-- wp:paragraph --><\/p>\n<p>Nous avons fait les spectacles suivants :<\/p>\n<p><!-- \/wp:paragraph --><!-- wp:list --><\/p>\n<ul><!-- wp:list-item -->\n<li>Sainte Th\u00e9r\u00e8se<\/li>\n<!-- \/wp:list-item --><!-- wp:list-item -->\n<li>Sainte Bernadette<\/li>\n<!-- \/wp:list-item --><!-- wp:list-item -->\n<li>Saint Fran\u00e7ois d&rsquo;Assise<\/li>\n<!-- \/wp:list-item --><!-- wp:list-item -->\n<li>Saint Jean au travers de son \u00e9vangile<\/li>\n<!-- \/wp:list-item --><!-- wp:list-item -->\n<li>J\u00e9sus raconte J\u00e9sus\u00a0\u00bb puis \u00ab\u00a0La Couronne\u00a0\u00bb (spectacle en deux parties)<\/li>\n<!-- \/wp:list-item --><\/ul>\n<p><!-- \/wp:list --><!-- wp:paragraph --><\/p>\t\t\t\t\t\t\t\t<\/div>\n\t\t\t\t<\/div>\n\t\t\t\t<\/div>\n\t\t\t\t\t<\/div>\n\t\t\t\t<\/div>\n\t\t<div class=\"elementor-element elementor-element-5731160 e-flex e-con-boxed e-con e-parent\" data-id=\"5731160\" data-element_type=\"container\" data-e-type=\"container\">\n\t\t\t\t\t<div class=\"e-con-inner\">\n\t\t<div class=\"elementor-element elementor-element-f000626 e-con-full e-flex e-con e-child\" data-id=\"f000626\" data-element_type=\"container\" data-e-type=\"container\">\n\t\t\t\t<div class=\"elementor-element elementor-element-87c6468 elementor-widget elementor-widget-heading\" data-id=\"87c6468\" data-element_type=\"widget\" data-e-type=\"widget\" data-widget_type=\"heading.default\">\n\t\t\t\t<div class=\"elementor-widget-container\">\n\t\t\t\t\t<h2 class=\"elementor-heading-title elementor-size-default\">Comment nous rejoindre ?<\/h2>\t\t\t\t<\/div>\n\t\t\t\t<\/div>\n\t\t\t\t<\/div>\n\t\t\t\t\t<\/div>\n\t\t\t\t<\/div>\n\t\t<div class=\"elementor-element elementor-element-a793945 e-flex e-con-boxed e-con e-parent\" data-id=\"a793945\" data-element_type=\"container\" data-e-type=\"container\">\n\t\t\t\t\t<div class=\"e-con-inner\">\n\t\t<div class=\"elementor-element elementor-element-d9442d1 e-con-full e-flex e-con e-child\" data-id=\"d9442d1\" data-element_type=\"container\" data-e-type=\"container\">\n\t\t\t\t<div class=\"elementor-element elementor-element-9234326 elementor-widget elementor-widget-text-editor\" data-id=\"9234326\" data-element_type=\"widget\" data-e-type=\"widget\" data-widget_type=\"text-editor.default\">\n\t\t\t\t<div class=\"elementor-widget-container\">\n\t\t\t\t\t\t\t\t\t<p><!-- \/wp:paragraph --><!-- wp:paragraph --><\/p>\n<p>\u00ab Pensant se mettre au service du Seigneur, tu d\u00e9couvriras que le Seigneur te sers \u00e0 travers la joie que tu re\u00e7ois ! \u00bb<\/p>\n<p><!-- \/wp:paragraph --><!-- wp:paragraph --><\/p>\t\t\t\t\t\t\t\t<\/div>\n\t\t\t\t<\/div>\n\t\t\t\t<div class=\"elementor-element elementor-element-c842e6f elementor-widget elementor-widget-text-editor\" data-id=\"c842e6f\" data-element_type=\"widget\" data-e-type=\"widget\" data-widget_type=\"text-editor.default\">\n\t\t\t\t<div class=\"elementor-widget-container\">\n\t\t\t\t\t\t\t\t\t<p><strong>Les r\u00e9p\u00e9titions ont lieu le lundi soir \u00e0 l\u2019\u00e9glise St Martin<\/strong>.<\/p>\n<p><!-- \/wp:paragraph --><!-- wp:paragraph --><\/p>\n<p><!-- \/wp:paragraph --><!-- wp:paragraph --><\/p>\n<p>Restant ouvert \u00e0 toutes et \u00e0 tous, nous v\u00e9hiculons la foi chr\u00e9tienne catholique.<\/p>\n<p><!-- \/wp:paragraph --><!-- wp:paragraph --><\/p>\n<p>Responsables de la troupe :<\/p>\n<p><!-- \/wp:paragraph --><!-- wp:paragraph --><\/p>\n<p><strong>Debay Fran\u00e7ois 0686937461 et Jovial Sandra 0651945252<\/strong><\/p>\t\t\t\t\t\t\t\t<\/div>\n\t\t\t\t<\/div>\n\t\t\t\t<\/div>\n\t\t\t\t\t<\/div>\n\t\t\t\t<\/div>\n\t\t\t\t<\/div>\n\t\t","protected":false},"excerpt":{"rendered":"<p>Les Saints Martins P\u00eacheurs En place depuis une quinzaine d\u2019ann\u00e9es, la troupe des Saints Martins P\u00eacheurs est une troupe de chanteurs\/chanteuses\/musiciens\/lecteurs. Notre mission La troupe a pour vocation d\u2019\u00eatre ouverte\u00a0: [&hellip;]<\/p>\n","protected":false},"author":1,"featured_media":0,"parent":0,"menu_order":0,"comment_status":"closed","ping_status":"closed","template":"","meta":{"footnotes":""},"class_list":["post-5097","page","type-page","status-publish","hentry","entry"],"_links":{"self":[{"href":"https:\/\/paroissesaintmartindacheres.fr\/index.php\/wp-json\/wp\/v2\/pages\/5097","targetHints":{"allow":["GET"]}}],"collection":[{"href":"https:\/\/paroissesaintmartindacheres.fr\/index.php\/wp-json\/wp\/v2\/pages"}],"about":[{"href":"https:\/\/paroissesaintmartindacheres.fr\/index.php\/wp-json\/wp\/v2\/types\/page"}],"author":[{"embeddable":true,"href":"https:\/\/paroissesaintmartindacheres.fr\/index.php\/wp-json\/wp\/v2\/users\/1"}],"replies":[{"embeddable":true,"href":"https:\/\/paroissesaintmartindacheres.fr\/index.php\/wp-json\/wp\/v2\/comments?post=5097"}],"version-history":[{"count":41,"href":"https:\/\/paroissesaintmartindacheres.fr\/index.php\/wp-json\/wp\/v2\/pages\/5097\/revisions"}],"predecessor-version":[{"id":181378,"href":"https:\/\/paroissesaintmartindacheres.fr\/index.php\/wp-json\/wp\/v2\/pages\/5097\/revisions\/181378"}],"wp:attachment":[{"href":"https:\/\/paroissesaintmartindacheres.fr\/index.php\/wp-json\/wp\/v2\/media?parent=5097"}],"curies":[{"name":"wp","href":"https:\/\/api.w.org\/{rel}","templated":true}]}}