{"id":3283,"date":"2020-01-18T16:53:43","date_gmt":"2020-01-18T15:53:43","guid":{"rendered":"http:\/\/paroissesaintmartindacheres.fr\/?page_id=3283"},"modified":"2026-04-14T11:08:11","modified_gmt":"2026-04-14T09:08:11","slug":"feuilles-de-messe","status":"publish","type":"page","link":"https:\/\/paroissesaintmartindacheres.fr\/index.php\/feuilles-de-messe\/","title":{"rendered":"Feuilles de messe"},"content":{"rendered":"\t\t<div data-elementor-type=\"wp-page\" data-elementor-id=\"3283\" class=\"elementor elementor-3283\">\n\t\t\t\t<div class=\"elementor-element elementor-element-12a7691 e-flex e-con-boxed e-con e-parent\" data-id=\"12a7691\" data-element_type=\"container\" data-e-type=\"container\" data-settings=\"{&quot;background_background&quot;:&quot;classic&quot;}\">\n\t\t\t\t\t<div class=\"e-con-inner\">\n\t\t<div class=\"elementor-element elementor-element-5b788fd e-con-full e-flex e-con e-child\" data-id=\"5b788fd\" data-element_type=\"container\" data-e-type=\"container\">\n\t\t\t\t<div class=\"elementor-element elementor-element-d85ae94 elementor-widget elementor-widget-heading\" data-id=\"d85ae94\" data-element_type=\"widget\" data-e-type=\"widget\" data-widget_type=\"heading.default\">\n\t\t\t\t<div class=\"elementor-widget-container\">\n\t\t\t\t\t<h1 class=\"elementor-heading-title elementor-size-default\">Feuillets de chant et annonces paroissiales<\/h1>\t\t\t\t<\/div>\n\t\t\t\t<\/div>\n\t\t\t\t<\/div>\n\t\t\t\t\t<\/div>\n\t\t\t\t<\/div>\n\t\t<div class=\"elementor-element elementor-element-61ae2e3 e-flex e-con-boxed e-con e-parent\" data-id=\"61ae2e3\" data-element_type=\"container\" data-e-type=\"container\">\n\t\t\t\t\t<div class=\"e-con-inner\">\n\t\t<div class=\"elementor-element elementor-element-77ca2e7 e-con-full e-flex e-con e-child\" data-id=\"77ca2e7\" data-element_type=\"container\" data-e-type=\"container\">\n\t\t\t\t<div class=\"elementor-element elementor-element-cf43059 elementor-widget elementor-widget-text-editor\" data-id=\"cf43059\" data-element_type=\"widget\" data-e-type=\"widget\" data-widget_type=\"text-editor.default\">\n\t\t\t\t<div class=\"elementor-widget-container\">\n\t\t\t\t\t\t\t\t\t<p><strong>2\u00e8me dimanche de P\u00e2ques &#8211; Dimanche de la mis\u00e9ricorde divine \u2013 ann\u00e9e A<\/strong><\/p><p><a href=\"https:\/\/paroissesaintmartindacheres.fr\/wp-content\/uploads\/2026\/04\/Messe-du-12-avril-2026_Divine-Misericorde.pdf\">Messe du dimanche 12 avril 2026<\/a><\/p>\t\t\t\t\t\t\t\t<\/div>\n\t\t\t\t<\/div>\n\t\t\t\t<\/div>\n\t\t\t\t\t<\/div>\n\t\t\t\t<\/div>\n\t\t\t\t<\/div>\n\t\t","protected":false},"excerpt":{"rendered":"<p>Feuillets de chant et annonces paroissiales 2\u00e8me dimanche de P\u00e2ques &#8211; Dimanche de la mis\u00e9ricorde divine \u2013 ann\u00e9e A Messe du dimanche 12 avril 2026<\/p>\n","protected":false},"author":1,"featured_media":0,"parent":0,"menu_order":0,"comment_status":"closed","ping_status":"closed","template":"","meta":{"footnotes":""},"class_list":["post-3283","page","type-page","status-publish","hentry","entry"],"_links":{"self":[{"href":"https:\/\/paroissesaintmartindacheres.fr\/index.php\/wp-json\/wp\/v2\/pages\/3283","targetHints":{"allow":["GET"]}}],"collection":[{"href":"https:\/\/paroissesaintmartindacheres.fr\/index.php\/wp-json\/wp\/v2\/pages"}],"about":[{"href":"https:\/\/paroissesaintmartindacheres.fr\/index.php\/wp-json\/wp\/v2\/types\/page"}],"author":[{"embeddable":true,"href":"https:\/\/paroissesaintmartindacheres.fr\/index.php\/wp-json\/wp\/v2\/users\/1"}],"replies":[{"embeddable":true,"href":"https:\/\/paroissesaintmartindacheres.fr\/index.php\/wp-json\/wp\/v2\/comments?post=3283"}],"version-history":[{"count":629,"href":"https:\/\/paroissesaintmartindacheres.fr\/index.php\/wp-json\/wp\/v2\/pages\/3283\/revisions"}],"predecessor-version":[{"id":261143,"href":"https:\/\/paroissesaintmartindacheres.fr\/index.php\/wp-json\/wp\/v2\/pages\/3283\/revisions\/261143"}],"wp:attachment":[{"href":"https:\/\/paroissesaintmartindacheres.fr\/index.php\/wp-json\/wp\/v2\/media?parent=3283"}],"curies":[{"name":"wp","href":"https:\/\/api.w.org\/{rel}","templated":true}]}}