{"id":147,"date":"2017-11-19T19:18:26","date_gmt":"2017-11-19T18:18:26","guid":{"rendered":"http:\/\/paroissesaintmartindacheres.fr\/?page_id=147"},"modified":"2025-03-08T01:03:32","modified_gmt":"2025-03-08T00:03:32","slug":"contacts","status":"publish","type":"page","link":"https:\/\/paroissesaintmartindacheres.fr\/index.php\/contacts\/","title":{"rendered":"L&rsquo;\u00e9quipe liturgique"},"content":{"rendered":"\t\t<div data-elementor-type=\"wp-page\" data-elementor-id=\"147\" class=\"elementor elementor-147\">\n\t\t\t\t<div class=\"elementor-element elementor-element-cdf9ad4 e-flex e-con-boxed e-con e-parent\" data-id=\"cdf9ad4\" data-element_type=\"container\" data-e-type=\"container\" data-settings=\"{&quot;background_background&quot;:&quot;classic&quot;}\">\n\t\t\t\t\t<div class=\"e-con-inner\">\n\t\t<div class=\"elementor-element elementor-element-274da88 e-con-full e-flex e-con e-child\" data-id=\"274da88\" data-element_type=\"container\" data-e-type=\"container\" data-settings=\"{&quot;background_background&quot;:&quot;classic&quot;}\">\n\t\t\t\t<div class=\"elementor-element elementor-element-37b9dbb elementor-widget elementor-widget-heading\" data-id=\"37b9dbb\" data-element_type=\"widget\" data-e-type=\"widget\" data-widget_type=\"heading.default\">\n\t\t\t\t<div class=\"elementor-widget-container\">\n\t\t\t\t\t<h1 class=\"elementor-heading-title elementor-size-default\">L'\u00e9quipe liturgique<\/h1>\t\t\t\t<\/div>\n\t\t\t\t<\/div>\n\t\t\t\t<\/div>\n\t\t\t\t\t<\/div>\n\t\t\t\t<\/div>\n\t\t<div class=\"elementor-element elementor-element-186b832 e-flex e-con-boxed e-con e-parent\" data-id=\"186b832\" data-element_type=\"container\" data-e-type=\"container\">\n\t\t\t\t\t<div class=\"e-con-inner\">\n\t\t<div class=\"elementor-element elementor-element-5e2fc44 e-con-full e-flex e-con e-child\" data-id=\"5e2fc44\" data-element_type=\"container\" data-e-type=\"container\">\n\t\t\t\t<div class=\"elementor-element elementor-element-381d8fa elementor-widget elementor-widget-text-editor\" data-id=\"381d8fa\" data-element_type=\"widget\" data-e-type=\"widget\" data-widget_type=\"text-editor.default\">\n\t\t\t\t<div class=\"elementor-widget-container\">\n\t\t\t\t\t\t\t\t\t<p>Les \u00e9quipes liturgiques ont pour mission, avec le pr\u00eatre, d\u2019\u00eatre des acteurs \u00e0 part enti\u00e8re de la c\u00e9l\u00e9bration liturgique qui est toujours, rappelons le, la c\u00e9l\u00e9bration de la parole de J\u00e9sus et de son Eucharistie ainsi que de sa mort et de sa r\u00e9surrection. Dans notre paroisse, l&rsquo;\u00e9quipe liturgique est une petite \u00e9quipe d&rsquo;une douzaine de personnes (qui ne demande qu&rsquo;\u00e0 s&rsquo;agrandir) autour du Cur\u00e9.<\/p>\t\t\t\t\t\t\t\t<\/div>\n\t\t\t\t<\/div>\n\t\t\t\t<\/div>\n\t\t\t\t\t<\/div>\n\t\t\t\t<\/div>\n\t\t<div class=\"elementor-element elementor-element-34e8e16 e-flex e-con-boxed e-con e-parent\" data-id=\"34e8e16\" data-element_type=\"container\" data-e-type=\"container\">\n\t\t\t\t\t<div class=\"e-con-inner\">\n\t\t<div class=\"elementor-element elementor-element-dff6a86 e-con-full e-flex e-con e-child\" data-id=\"dff6a86\" data-element_type=\"container\" data-e-type=\"container\">\n\t\t\t\t<div class=\"elementor-element elementor-element-09569c7 elementor-widget elementor-widget-heading\" data-id=\"09569c7\" data-element_type=\"widget\" data-e-type=\"widget\" data-widget_type=\"heading.default\">\n\t\t\t\t<div class=\"elementor-widget-container\">\n\t\t\t\t\t<h2 class=\"elementor-heading-title elementor-size-default\">La pr\u00e9paration des c\u00e9l\u00e9brations<\/h2>\t\t\t\t<\/div>\n\t\t\t\t<\/div>\n\t\t\t\t<\/div>\n\t\t\t\t\t<\/div>\n\t\t\t\t<\/div>\n\t\t<div class=\"elementor-element elementor-element-c8f0621 e-flex e-con-boxed e-con e-parent\" data-id=\"c8f0621\" data-element_type=\"container\" data-e-type=\"container\">\n\t\t\t\t\t<div class=\"e-con-inner\">\n\t\t<div class=\"elementor-element elementor-element-6695905 e-con-full e-flex e-con e-child\" data-id=\"6695905\" data-element_type=\"container\" data-e-type=\"container\">\n\t\t\t\t<div class=\"elementor-element elementor-element-828deed elementor-widget elementor-widget-text-editor\" data-id=\"828deed\" data-element_type=\"widget\" data-e-type=\"widget\" data-widget_type=\"text-editor.default\">\n\t\t\t\t<div class=\"elementor-widget-container\">\n\t\t\t\t\t\t\t\t\t<p>L&rsquo;\u00e9quipe liturgique se r\u00e9uni environ cinq fois dans l&rsquo;ann\u00e9e, afin de pr\u00e9parer le calendrier d&rsquo;attribution des c\u00e9l\u00e9brations pour les semaines \u00e0 venir, et proposer, ensemble, des actions particuli\u00e8res, notamment pour l&rsquo;Avent et le Car\u00eame.<\/p><p>Chaque week-end, un petit groupe de 2 ou 3 personnes est charg\u00e9 de pr\u00e9parer la messe du dimanche.<\/p><p>Nous choisissons (en lien avec les animateurs de chant), les chants appropri\u00e9s en fonction du temps liturgique, des textes du jour. Nous r\u00e9digeons les intentions de pri\u00e8res universelles et\/ou p\u00e9nitentielles, ainsi que le texte d&rsquo;accueil de l&rsquo;assembl\u00e9e.<\/p><p>L&rsquo;\u00e9quipe \u00e9voque les probl\u00e8mes \u00e9ventuels rencontr\u00e9s durant les c\u00e9l\u00e9brations, et les solutions \u00e0 apporter pour une meilleure coordination de tous les acteurs, dans le respect de la liturgie et des souhaits du Cur\u00e9.<\/p>\t\t\t\t\t\t\t\t<\/div>\n\t\t\t\t<\/div>\n\t\t\t\t<\/div>\n\t\t\t\t\t<\/div>\n\t\t\t\t<\/div>\n\t\t<div class=\"elementor-element elementor-element-eac13d9 e-flex e-con-boxed e-con e-parent\" data-id=\"eac13d9\" data-element_type=\"container\" data-e-type=\"container\">\n\t\t\t\t\t<div class=\"e-con-inner\">\n\t\t<div class=\"elementor-element elementor-element-8905e9c e-con-full e-flex e-con e-child\" data-id=\"8905e9c\" data-element_type=\"container\" data-e-type=\"container\">\n\t\t\t\t<div class=\"elementor-element elementor-element-36ef66f elementor-widget elementor-widget-heading\" data-id=\"36ef66f\" data-element_type=\"widget\" data-e-type=\"widget\" data-widget_type=\"heading.default\">\n\t\t\t\t<div class=\"elementor-widget-container\">\n\t\t\t\t\t<h2 class=\"elementor-heading-title elementor-size-default\">Notre action pendant la c\u00e9l\u00e9bration<\/h2>\t\t\t\t<\/div>\n\t\t\t\t<\/div>\n\t\t\t\t<\/div>\n\t\t\t\t\t<\/div>\n\t\t\t\t<\/div>\n\t\t<div class=\"elementor-element elementor-element-dd88d23 e-flex e-con-boxed e-con e-parent\" data-id=\"dd88d23\" data-element_type=\"container\" data-e-type=\"container\">\n\t\t\t\t\t<div class=\"e-con-inner\">\n\t\t\t\t<div class=\"elementor-element elementor-element-2068806 elementor-widget elementor-widget-text-editor\" data-id=\"2068806\" data-element_type=\"widget\" data-e-type=\"widget\" data-widget_type=\"text-editor.default\">\n\t\t\t\t<div class=\"elementor-widget-container\">\n\t\t\t\t\t\t\t\t\t<p>Les jours de messe, nous nous effor\u00e7ons d&rsquo;arriver 30mn avant le d\u00e9but de la c\u00e9l\u00e9bration, afin de choisir les diff\u00e9rents acteurs (lecteurs, qu\u00eateurs, offrandes). L&rsquo;animateur chant peut aussi faire r\u00e9p\u00e9ter les chants, avec les musiciens pr\u00e9sents et l&rsquo;assembl\u00e9e d\u00e9j\u00e0 en place.<\/p><p>Notre objectif serait de \u00ab\u00a0piocher\u00a0\u00bb dans les paroissiens plus ou moins impliqu\u00e9s dans l&rsquo;Eglise, les personnes qui pourraient venir nous rejoindre, ne serait-ce que pour une pr\u00e9paration, afin de voir en quoi cela consiste et surtout le bienfait que cela nous apporte de servir ainsi le Seigneur.<\/p>\t\t\t\t\t\t\t\t<\/div>\n\t\t\t\t<\/div>\n\t\t\t\t\t<\/div>\n\t\t\t\t<\/div>\n\t\t<div class=\"elementor-element elementor-element-f12f6e3 e-flex e-con-boxed e-con e-parent\" data-id=\"f12f6e3\" data-element_type=\"container\" data-e-type=\"container\">\n\t\t\t\t\t<div class=\"e-con-inner\">\n\t\t<div class=\"elementor-element elementor-element-4a6ed23 e-con-full e-flex e-con e-child\" data-id=\"4a6ed23\" data-element_type=\"container\" data-e-type=\"container\">\n\t\t\t\t<div class=\"elementor-element elementor-element-8752530 elementor-widget elementor-widget-heading\" data-id=\"8752530\" data-element_type=\"widget\" data-e-type=\"widget\" data-widget_type=\"heading.default\">\n\t\t\t\t<div class=\"elementor-widget-container\">\n\t\t\t\t\t<h2 class=\"elementor-heading-title elementor-size-default\">Responsables de l'\u00e9quipe lithurgique<\/h2>\t\t\t\t<\/div>\n\t\t\t\t<\/div>\n\t\t\t\t<\/div>\n\t\t\t\t\t<\/div>\n\t\t\t\t<\/div>\n\t\t<div class=\"elementor-element elementor-element-291cb7c e-flex e-con-boxed e-con e-parent\" data-id=\"291cb7c\" data-element_type=\"container\" data-e-type=\"container\">\n\t\t\t\t\t<div class=\"e-con-inner\">\n\t\t<div class=\"elementor-element elementor-element-a77049b e-con-full e-flex e-con e-child\" data-id=\"a77049b\" data-element_type=\"container\" data-e-type=\"container\">\n\t\t\t\t<div class=\"elementor-element elementor-element-2853a81 elementor-widget elementor-widget-text-editor\" data-id=\"2853a81\" data-element_type=\"widget\" data-e-type=\"widget\" data-widget_type=\"text-editor.default\">\n\t\t\t\t<div class=\"elementor-widget-container\">\n\t\t\t\t\t\t\t\t\t<p>Les responsables du groupe sont :<\/p><p><strong>Irina MARISIKY<\/strong>\u00a0 \u00a0(07 55 22 58 62)\u00a0 et <strong>Sandra JOVIAL<\/strong>\u00a0 (06 51 94 52 52)<\/p><p>Les r\u00e9unions ont lieu au centre Jean XXIII, un jeudi soir, \u00e0 20h30.<\/p>\t\t\t\t\t\t\t\t<\/div>\n\t\t\t\t<\/div>\n\t\t\t\t<\/div>\n\t\t\t\t\t<\/div>\n\t\t\t\t<\/div>\n\t\t\t\t<\/div>\n\t\t","protected":false},"excerpt":{"rendered":"<p>L&rsquo;\u00e9quipe liturgique Les \u00e9quipes liturgiques ont pour mission, avec le pr\u00eatre, d\u2019\u00eatre des acteurs \u00e0 part enti\u00e8re de la c\u00e9l\u00e9bration liturgique qui est toujours, rappelons le, la c\u00e9l\u00e9bration de la [&hellip;]<\/p>\n","protected":false},"author":1,"featured_media":0,"parent":0,"menu_order":0,"comment_status":"closed","ping_status":"closed","template":"","meta":{"footnotes":""},"class_list":["post-147","page","type-page","status-publish","hentry","entry"],"_links":{"self":[{"href":"https:\/\/paroissesaintmartindacheres.fr\/index.php\/wp-json\/wp\/v2\/pages\/147","targetHints":{"allow":["GET"]}}],"collection":[{"href":"https:\/\/paroissesaintmartindacheres.fr\/index.php\/wp-json\/wp\/v2\/pages"}],"about":[{"href":"https:\/\/paroissesaintmartindacheres.fr\/index.php\/wp-json\/wp\/v2\/types\/page"}],"author":[{"embeddable":true,"href":"https:\/\/paroissesaintmartindacheres.fr\/index.php\/wp-json\/wp\/v2\/users\/1"}],"replies":[{"embeddable":true,"href":"https:\/\/paroissesaintmartindacheres.fr\/index.php\/wp-json\/wp\/v2\/comments?post=147"}],"version-history":[{"count":51,"href":"https:\/\/paroissesaintmartindacheres.fr\/index.php\/wp-json\/wp\/v2\/pages\/147\/revisions"}],"predecessor-version":[{"id":10610,"href":"https:\/\/paroissesaintmartindacheres.fr\/index.php\/wp-json\/wp\/v2\/pages\/147\/revisions\/10610"}],"wp:attachment":[{"href":"https:\/\/paroissesaintmartindacheres.fr\/index.php\/wp-json\/wp\/v2\/media?parent=147"}],"curies":[{"name":"wp","href":"https:\/\/api.w.org\/{rel}","templated":true}]}}