{"id":126,"date":"2017-11-19T19:10:43","date_gmt":"2017-11-19T18:10:43","guid":{"rendered":"http:\/\/paroissesaintmartindacheres.fr\/?page_id=126"},"modified":"2025-03-08T00:52:44","modified_gmt":"2025-03-07T23:52:44","slug":"aumonerie","status":"publish","type":"page","link":"https:\/\/paroissesaintmartindacheres.fr\/index.php\/aumonerie\/","title":{"rendered":"Aum\u00f4nerie"},"content":{"rendered":"\t\t<div data-elementor-type=\"wp-page\" data-elementor-id=\"126\" class=\"elementor elementor-126\">\n\t\t\t\t<div class=\"elementor-element elementor-element-2d88c04 e-flex e-con-boxed e-con e-parent\" data-id=\"2d88c04\" data-element_type=\"container\" data-e-type=\"container\" data-settings=\"{&quot;background_background&quot;:&quot;classic&quot;}\">\n\t\t\t\t\t<div class=\"e-con-inner\">\n\t\t<div class=\"elementor-element elementor-element-da7f117 e-con-full e-flex e-con e-child\" data-id=\"da7f117\" data-element_type=\"container\" data-e-type=\"container\" data-settings=\"{&quot;background_background&quot;:&quot;classic&quot;}\">\n\t\t\t\t<div class=\"elementor-element elementor-element-ef05383 elementor-widget elementor-widget-heading\" data-id=\"ef05383\" data-element_type=\"widget\" data-e-type=\"widget\" data-widget_type=\"heading.default\">\n\t\t\t\t<div class=\"elementor-widget-container\">\n\t\t\t\t\t<h1 class=\"elementor-heading-title elementor-size-default\">L'Aum\u00f4nerie <\/h1>\t\t\t\t<\/div>\n\t\t\t\t<\/div>\n\t\t\t\t<\/div>\n\t\t\t\t\t<\/div>\n\t\t\t\t<\/div>\n\t\t<div class=\"elementor-element elementor-element-1175211 e-flex e-con-boxed e-con e-parent\" data-id=\"1175211\" data-element_type=\"container\" data-e-type=\"container\">\n\t\t\t\t\t<div class=\"e-con-inner\">\n\t\t<div class=\"elementor-element elementor-element-1dfd2f5 e-con-full e-flex e-con e-child\" data-id=\"1dfd2f5\" data-element_type=\"container\" data-e-type=\"container\">\n\t\t\t\t<div class=\"elementor-element elementor-element-13b6ad4 elementor-widget elementor-widget-text-editor\" data-id=\"13b6ad4\" data-element_type=\"widget\" data-e-type=\"widget\" data-widget_type=\"text-editor.default\">\n\t\t\t\t<div class=\"elementor-widget-container\">\n\t\t\t\t\t\t\t\t\t<p><strong>L\u2019Aum\u00f4nerie de l\u2019Enseignement Public<\/strong> (<strong>AEP<\/strong>) est une association au service de l\u2019\u00e9vang\u00e9lisation des jeunes et de la transmission de la foi. Avant tout un espace de parole et d&rsquo;\u00e9coute, l&rsquo;aum\u00f4nerie propose une exp\u00e9rience de la vie en groupe, en Eglise, o\u00f9 partage, \u00e9change, ouverture d&rsquo;esprit et tol\u00e9rance sont les ma\u00eetres mots.<\/p>\t\t\t\t\t\t\t\t<\/div>\n\t\t\t\t<\/div>\n\t\t\t\t<\/div>\n\t\t\t\t\t<\/div>\n\t\t\t\t<\/div>\n\t\t<div class=\"elementor-element elementor-element-6427b94 e-flex e-con-boxed e-con e-parent\" data-id=\"6427b94\" data-element_type=\"container\" data-e-type=\"container\">\n\t\t\t\t\t<div class=\"e-con-inner\">\n\t\t<div class=\"elementor-element elementor-element-89c63ce e-con-full e-flex e-con e-child\" data-id=\"89c63ce\" data-element_type=\"container\" data-e-type=\"container\">\n\t\t\t\t<div class=\"elementor-element elementor-element-fb16ca2 elementor-widget elementor-widget-heading\" data-id=\"fb16ca2\" data-element_type=\"widget\" data-e-type=\"widget\" data-widget_type=\"heading.default\">\n\t\t\t\t<div class=\"elementor-widget-container\">\n\t\t\t\t\t<h2 class=\"elementor-heading-title elementor-size-default\">Inscription \u00e0 l'aum\u00f4nerie<\/h2>\t\t\t\t<\/div>\n\t\t\t\t<\/div>\n\t\t\t\t<\/div>\n\t\t\t\t\t<\/div>\n\t\t\t\t<\/div>\n\t\t<div class=\"elementor-element elementor-element-8b5773f e-flex e-con-boxed e-con e-parent\" data-id=\"8b5773f\" data-element_type=\"container\" data-e-type=\"container\">\n\t\t\t\t\t<div class=\"e-con-inner\">\n\t\t<div class=\"elementor-element elementor-element-0730ec5 e-con-full e-flex e-con e-child\" data-id=\"0730ec5\" data-element_type=\"container\" data-e-type=\"container\">\n\t\t\t\t<div class=\"elementor-element elementor-element-f16ad49 elementor-widget elementor-widget-text-editor\" data-id=\"f16ad49\" data-element_type=\"widget\" data-e-type=\"widget\" data-widget_type=\"text-editor.default\">\n\t\t\t\t<div class=\"elementor-widget-container\">\n\t\t\t\t\t\t\t\t\t<p><strong>Tous les jeunes, de 11 ans \u00e0 18 ans,<\/strong> peuvent s\u2019inscrire dans un groupe. Les inscriptions se font g\u00e9n\u00e9ralement en d\u00e9but d\u2019ann\u00e9e scolaire mais peuvent se faire \u00e9galement en cours d\u2019ann\u00e9e.\u00a0<\/p>\t\t\t\t\t\t\t\t<\/div>\n\t\t\t\t<\/div>\n\t\t\t\t<\/div>\n\t\t\t\t\t<\/div>\n\t\t\t\t<\/div>\n\t\t<div class=\"elementor-element elementor-element-0a18e5e e-flex e-con-boxed e-con e-parent\" data-id=\"0a18e5e\" data-element_type=\"container\" data-e-type=\"container\" data-settings=\"{&quot;background_background&quot;:&quot;classic&quot;}\">\n\t\t\t\t\t<div class=\"e-con-inner\">\n\t\t<div class=\"elementor-element elementor-element-b471605 e-con-full e-flex e-con e-child\" data-id=\"b471605\" data-element_type=\"container\" data-e-type=\"container\">\n\t\t\t\t<div class=\"elementor-element elementor-element-2678f56 elementor-widget elementor-widget-heading\" data-id=\"2678f56\" data-element_type=\"widget\" data-e-type=\"widget\" data-widget_type=\"heading.default\">\n\t\t\t\t<div class=\"elementor-widget-container\">\n\t\t\t\t\t<h2 class=\"elementor-heading-title elementor-size-default\">Activit\u00e9s propos\u00e9es<\/h2>\t\t\t\t<\/div>\n\t\t\t\t<\/div>\n\t\t\t\t<\/div>\n\t\t\t\t\t<\/div>\n\t\t\t\t<\/div>\n\t\t<div class=\"elementor-element elementor-element-aa2836d e-flex e-con-boxed e-con e-parent\" data-id=\"aa2836d\" data-element_type=\"container\" data-e-type=\"container\" data-settings=\"{&quot;background_background&quot;:&quot;classic&quot;}\">\n\t\t\t\t\t<div class=\"e-con-inner\">\n\t\t<div class=\"elementor-element elementor-element-28207be e-con-full e-flex e-con e-child\" data-id=\"28207be\" data-element_type=\"container\" data-e-type=\"container\">\n\t\t\t\t<div class=\"elementor-element elementor-element-ead8192 elementor-widget elementor-widget-text-editor\" data-id=\"ead8192\" data-element_type=\"widget\" data-e-type=\"widget\" data-widget_type=\"text-editor.default\">\n\t\t\t\t<div class=\"elementor-widget-container\">\n\t\t\t\t\t\t\t\t\t<p>L\u2019aum\u00f4nerie propose aux jeunes qui ont envie de d\u00e9couvrir ou approfondir la Foi chr\u00e9tienne plusieurs activit\u00e9s en fonction de leur groupe.<\/p><p>Tout au long de l&rsquo;ann\u00e9e, ils auront des moments de lecture de la Bible, de r\u00e9flexion, de pri\u00e8re, de partage.<\/p><p>L\u2019aum\u00f4nerie accompagne \u00e9galement les jeunes qui d\u00e9sirent recevoir les sacrements de l&rsquo;initiation chr\u00e9tienne (bapt\u00eame, premi\u00e8re communion, confirmation)<\/p><p>Pour en savoir plus, visiter le site d\u00e9di\u00e9 :<strong> <a href=\"https:\/\/jeunes-vocations.catholique.fr\/ados\/\" target=\"_blank\" rel=\"noopener\">Aum\u00f4nerie de l&rsquo;Enseignement Public<\/a><\/strong><\/p>\t\t\t\t\t\t\t\t<\/div>\n\t\t\t\t<\/div>\n\t\t\t\t<\/div>\n\t\t\t\t\t<\/div>\n\t\t\t\t<\/div>\n\t\t<div class=\"elementor-element elementor-element-c61523d e-flex e-con-boxed e-con e-parent\" data-id=\"c61523d\" data-element_type=\"container\" data-e-type=\"container\">\n\t\t\t\t\t<div class=\"e-con-inner\">\n\t\t<div class=\"elementor-element elementor-element-67bf509 e-con-full e-flex e-con e-child\" data-id=\"67bf509\" data-element_type=\"container\" data-e-type=\"container\">\n\t\t\t\t<div class=\"elementor-element elementor-element-99afe49 elementor-widget elementor-widget-heading\" data-id=\"99afe49\" data-element_type=\"widget\" data-e-type=\"widget\" data-widget_type=\"heading.default\">\n\t\t\t\t<div class=\"elementor-widget-container\">\n\t\t\t\t\t<h2 class=\"elementor-heading-title elementor-size-default\">Bureau de l'aum\u00f4nerie d'Ach\u00e8res<\/h2>\t\t\t\t<\/div>\n\t\t\t\t<\/div>\n\t\t\t\t<\/div>\n\t\t\t\t\t<\/div>\n\t\t\t\t<\/div>\n\t\t<div class=\"elementor-element elementor-element-ee616ab e-flex e-con-boxed e-con e-parent\" data-id=\"ee616ab\" data-element_type=\"container\" data-e-type=\"container\">\n\t\t\t\t\t<div class=\"e-con-inner\">\n\t\t<div class=\"elementor-element elementor-element-1e8efb8 e-con-full e-flex e-con e-child\" data-id=\"1e8efb8\" data-element_type=\"container\" data-e-type=\"container\" data-settings=\"{&quot;background_background&quot;:&quot;classic&quot;}\">\n\t\t\t\t<div class=\"elementor-element elementor-element-48fb0da elementor-widget elementor-widget-text-editor\" data-id=\"48fb0da\" data-element_type=\"widget\" data-e-type=\"widget\" data-widget_type=\"text-editor.default\">\n\t\t\t\t<div class=\"elementor-widget-container\">\n\t\t\t\t\t\t\t\t\t<p><strong>Pr\u00e9sident<\/strong> : Olivier MAROLLES\u00a0<\/p><p><strong>Tr\u00e9sorier<\/strong> : Laurent Caillebotte<\/p><p><strong>Secr\u00e9taire<\/strong> : St\u00e9phanie Benoit<\/p>\t\t\t\t\t\t\t\t<\/div>\n\t\t\t\t<\/div>\n\t\t\t\t<\/div>\n\t\t<div class=\"elementor-element elementor-element-2333800 e-con-full e-flex e-con e-child\" data-id=\"2333800\" data-element_type=\"container\" data-e-type=\"container\">\n\t\t\t\t<div class=\"elementor-element elementor-element-f311469 elementor-widget elementor-widget-text-editor\" data-id=\"f311469\" data-element_type=\"widget\" data-e-type=\"widget\" data-widget_type=\"text-editor.default\">\n\t\t\t\t<div class=\"elementor-widget-container\">\n\t\t\t\t\t\t\t\t\t<p><strong>Responsables pastorales :<\/strong><\/p><p>Val\u00e9rie ROSIER \u2013 honey971@gmail.com<\/p><p>Nicoletta Roque\u00a0<\/p>\t\t\t\t\t\t\t\t<\/div>\n\t\t\t\t<\/div>\n\t\t\t\t<\/div>\n\t\t\t\t\t<\/div>\n\t\t\t\t<\/div>\n\t\t\t\t<\/div>\n\t\t","protected":false},"excerpt":{"rendered":"<p>L&rsquo;Aum\u00f4nerie L\u2019Aum\u00f4nerie de l\u2019Enseignement Public (AEP) est une association au service de l\u2019\u00e9vang\u00e9lisation des jeunes et de la transmission de la foi. Avant tout un espace de parole et d&rsquo;\u00e9coute, [&hellip;]<\/p>\n","protected":false},"author":1,"featured_media":0,"parent":0,"menu_order":0,"comment_status":"closed","ping_status":"closed","template":"","meta":{"footnotes":""},"class_list":["post-126","page","type-page","status-publish","hentry","entry"],"_links":{"self":[{"href":"https:\/\/paroissesaintmartindacheres.fr\/index.php\/wp-json\/wp\/v2\/pages\/126","targetHints":{"allow":["GET"]}}],"collection":[{"href":"https:\/\/paroissesaintmartindacheres.fr\/index.php\/wp-json\/wp\/v2\/pages"}],"about":[{"href":"https:\/\/paroissesaintmartindacheres.fr\/index.php\/wp-json\/wp\/v2\/types\/page"}],"author":[{"embeddable":true,"href":"https:\/\/paroissesaintmartindacheres.fr\/index.php\/wp-json\/wp\/v2\/users\/1"}],"replies":[{"embeddable":true,"href":"https:\/\/paroissesaintmartindacheres.fr\/index.php\/wp-json\/wp\/v2\/comments?post=126"}],"version-history":[{"count":92,"href":"https:\/\/paroissesaintmartindacheres.fr\/index.php\/wp-json\/wp\/v2\/pages\/126\/revisions"}],"predecessor-version":[{"id":10595,"href":"https:\/\/paroissesaintmartindacheres.fr\/index.php\/wp-json\/wp\/v2\/pages\/126\/revisions\/10595"}],"wp:attachment":[{"href":"https:\/\/paroissesaintmartindacheres.fr\/index.php\/wp-json\/wp\/v2\/media?parent=126"}],"curies":[{"name":"wp","href":"https:\/\/api.w.org\/{rel}","templated":true}]}}