{"id":1218,"date":"2018-07-03T15:48:01","date_gmt":"2018-07-03T13:48:01","guid":{"rendered":"http:\/\/paroissesaintmartindacheres.fr\/?page_id=1218"},"modified":"2025-03-04T23:24:33","modified_gmt":"2025-03-04T22:24:33","slug":"accueil-des-familles-en-deuil-2","status":"publish","type":"page","link":"https:\/\/paroissesaintmartindacheres.fr\/index.php\/accueil-des-familles-en-deuil-2\/","title":{"rendered":"Equipe d&rsquo;Accompagnement des Familles en Deuil"},"content":{"rendered":"\t\t<div data-elementor-type=\"wp-page\" data-elementor-id=\"1218\" class=\"elementor elementor-1218\">\n\t\t\t\t<div class=\"elementor-element elementor-element-bad388d e-flex e-con-boxed e-con e-parent\" data-id=\"bad388d\" data-element_type=\"container\" data-e-type=\"container\" data-settings=\"{&quot;background_background&quot;:&quot;classic&quot;}\">\n\t\t\t\t\t<div class=\"e-con-inner\">\n\t\t<div class=\"elementor-element elementor-element-6b44b69 e-con-full e-flex e-con e-child\" data-id=\"6b44b69\" data-element_type=\"container\" data-e-type=\"container\" data-settings=\"{&quot;background_background&quot;:&quot;classic&quot;}\">\n\t\t\t\t<div class=\"elementor-element elementor-element-7bb3095 elementor-widget elementor-widget-heading\" data-id=\"7bb3095\" data-element_type=\"widget\" data-e-type=\"widget\" data-widget_type=\"heading.default\">\n\t\t\t\t<div class=\"elementor-widget-container\">\n\t\t\t\t\t<h1 class=\"elementor-heading-title elementor-size-default\">Equipe d'Accompagnement des Familles en Deuil<\/h1>\t\t\t\t<\/div>\n\t\t\t\t<\/div>\n\t\t\t\t<\/div>\n\t\t\t\t\t<\/div>\n\t\t\t\t<\/div>\n\t\t<div class=\"elementor-element elementor-element-a46e6f5 e-flex e-con-boxed e-con e-parent\" data-id=\"a46e6f5\" data-element_type=\"container\" data-e-type=\"container\">\n\t\t\t\t\t<div class=\"e-con-inner\">\n\t\t<div class=\"elementor-element elementor-element-40e16d5 e-con-full e-flex e-con e-child\" data-id=\"40e16d5\" data-element_type=\"container\" data-e-type=\"container\">\n\t\t\t\t<div class=\"elementor-element elementor-element-7c79327 elementor-widget elementor-widget-text-editor\" data-id=\"7c79327\" data-element_type=\"widget\" data-e-type=\"widget\" data-widget_type=\"text-editor.default\">\n\t\t\t\t<div class=\"elementor-widget-container\">\n\t\t\t\t\t\t\t\t\t<p>La c\u00e9l\u00e9bration des obs\u00e8ques religieuses \u00e0 l\u2019\u00e9glise est l\u2019occasion de confier le d\u00e9funt \u00e0 la mis\u00e9ricorde de Dieu par la pri\u00e8re de ses proches unie \u00e0 celle de l\u2019Eglise qui\u00a0est la communaut\u00e9 catholique locale.<\/p>\t\t\t\t\t\t\t\t<\/div>\n\t\t\t\t<\/div>\n\t\t\t\t<div class=\"elementor-element elementor-element-d57d25b elementor-widget elementor-widget-text-editor\" data-id=\"d57d25b\" data-element_type=\"widget\" data-e-type=\"widget\" data-widget_type=\"text-editor.default\">\n\t\t\t\t<div class=\"elementor-widget-container\">\n\t\t\t\t\t\t\t\t\t<p>\u201cJe suis la R\u00e9surrection et la Vie : celui qui croit en moi, m\u00eame s\u2019il meurt, vivra.\u201d (Jean 11, 32-45)<\/p>\t\t\t\t\t\t\t\t<\/div>\n\t\t\t\t<\/div>\n\t\t\t\t<\/div>\n\t\t\t\t\t<\/div>\n\t\t\t\t<\/div>\n\t\t<div class=\"elementor-element elementor-element-3db7e35 e-flex e-con-boxed e-con e-parent\" data-id=\"3db7e35\" data-element_type=\"container\" data-e-type=\"container\">\n\t\t\t\t\t<div class=\"e-con-inner\">\n\t\t<div class=\"elementor-element elementor-element-977f688 e-con-full e-flex e-con e-child\" data-id=\"977f688\" data-element_type=\"container\" data-e-type=\"container\">\n\t\t\t\t<div class=\"elementor-element elementor-element-7c3a75a elementor-widget elementor-widget-heading\" data-id=\"7c3a75a\" data-element_type=\"widget\" data-e-type=\"widget\" data-widget_type=\"heading.default\">\n\t\t\t\t<div class=\"elementor-widget-container\">\n\t\t\t\t\t<h2 class=\"elementor-heading-title elementor-size-default\">Ce que nous proposons<\/h2>\t\t\t\t<\/div>\n\t\t\t\t<\/div>\n\t\t\t\t<\/div>\n\t\t\t\t\t<\/div>\n\t\t\t\t<\/div>\n\t\t<div class=\"elementor-element elementor-element-56dccb7 e-flex e-con-boxed e-con e-parent\" data-id=\"56dccb7\" data-element_type=\"container\" data-e-type=\"container\">\n\t\t\t\t\t<div class=\"e-con-inner\">\n\t\t<div class=\"elementor-element elementor-element-28cf560 e-con-full e-flex e-con e-child\" data-id=\"28cf560\" data-element_type=\"container\" data-e-type=\"container\">\n\t\t\t\t<div class=\"elementor-element elementor-element-c8cedeb elementor-widget elementor-widget-text-editor\" data-id=\"c8cedeb\" data-element_type=\"widget\" data-e-type=\"widget\" data-widget_type=\"text-editor.default\">\n\t\t\t\t<div class=\"elementor-widget-container\">\n\t\t\t\t\t\t\t\t\t<p>La mort d\u2019un proche est une \u00e9tape douloureuse. Elle pose beaucoup de questions sur le sens de la vie et l\u2019avenir du d\u00e9funt. Dans la paroisse, une \u00e9quipe est particuli\u00e8rement charg\u00e9e d\u2019accueillir et d\u2019accompagner les familles \u00e9prouv\u00e9es et d\u2019organiser avec elles la c\u00e9l\u00e9bration des obs\u00e8ques.<\/p><p>Cette \u00e9quipe est pr\u00e9sente pour\u00a0:<\/p><ul><li>Accueillir et \u00e9couter la famille en deuil.<\/li><li>Faire part \u00e0 la famille \u00e9prouv\u00e9e de la sympathie de la communaut\u00e9 paroissiale.<\/li><li>B\u00e2tir la c\u00e9l\u00e9bration des obs\u00e8ques en tenant compte de la personnalit\u00e9 du d\u00e9funt.<\/li><li>Favoriser la participation de la famille \u00e0 la c\u00e9l\u00e9bration.<\/li><li>Suivre la famille \u00e0 l\u2019occasion de la messe c\u00e9l\u00e9br\u00e9e le dimanche et au moment de la Toussaint.<\/li><\/ul><p>afin de faire de la c\u00e9l\u00e9bration des obs\u00e8ques un acte d\u2019esp\u00e9rance chr\u00e9tienne.<\/p>\t\t\t\t\t\t\t\t<\/div>\n\t\t\t\t<\/div>\n\t\t\t\t<\/div>\n\t\t\t\t\t<\/div>\n\t\t\t\t<\/div>\n\t\t<div class=\"elementor-element elementor-element-ce043d3 e-flex e-con-boxed e-con e-parent\" data-id=\"ce043d3\" data-element_type=\"container\" data-e-type=\"container\">\n\t\t\t\t\t<div class=\"e-con-inner\">\n\t\t<div class=\"elementor-element elementor-element-bc194b7 e-con-full e-flex e-con e-child\" data-id=\"bc194b7\" data-element_type=\"container\" data-e-type=\"container\">\n\t\t\t\t<div class=\"elementor-element elementor-element-85475fe elementor-widget elementor-widget-heading\" data-id=\"85475fe\" data-element_type=\"widget\" data-e-type=\"widget\" data-widget_type=\"heading.default\">\n\t\t\t\t<div class=\"elementor-widget-container\">\n\t\t\t\t\t<h2 class=\"elementor-heading-title elementor-size-default\">Comment nous joindre ?<\/h2>\t\t\t\t<\/div>\n\t\t\t\t<\/div>\n\t\t\t\t<\/div>\n\t\t\t\t\t<\/div>\n\t\t\t\t<\/div>\n\t\t<div class=\"elementor-element elementor-element-f2369d9 e-flex e-con-boxed e-con e-parent\" data-id=\"f2369d9\" data-element_type=\"container\" data-e-type=\"container\">\n\t\t\t\t\t<div class=\"e-con-inner\">\n\t\t<div class=\"elementor-element elementor-element-564bd04 e-con-full e-flex e-con e-child\" data-id=\"564bd04\" data-element_type=\"container\" data-e-type=\"container\">\n\t\t\t\t<div class=\"elementor-element elementor-element-9c331ac elementor-widget elementor-widget-text-editor\" data-id=\"9c331ac\" data-element_type=\"widget\" data-e-type=\"widget\" data-widget_type=\"text-editor.default\">\n\t\t\t\t<div class=\"elementor-widget-container\">\n\t\t\t\t\t\t\t\t\t<p>Responsable de l&rsquo;Equipe :<\/p><p>G\u00e9rard Rochemont (06 88 23 16 40)<\/p>\t\t\t\t\t\t\t\t<\/div>\n\t\t\t\t<\/div>\n\t\t\t\t<\/div>\n\t\t\t\t\t<\/div>\n\t\t\t\t<\/div>\n\t\t\t\t<\/div>\n\t\t","protected":false},"excerpt":{"rendered":"<p>Equipe d&rsquo;Accompagnement des Familles en Deuil La c\u00e9l\u00e9bration des obs\u00e8ques religieuses \u00e0 l\u2019\u00e9glise est l\u2019occasion de confier le d\u00e9funt \u00e0 la mis\u00e9ricorde de Dieu par la pri\u00e8re de ses proches [&hellip;]<\/p>\n","protected":false},"author":2,"featured_media":0,"parent":0,"menu_order":0,"comment_status":"closed","ping_status":"closed","template":"","meta":{"footnotes":""},"class_list":["post-1218","page","type-page","status-publish","hentry","entry"],"_links":{"self":[{"href":"https:\/\/paroissesaintmartindacheres.fr\/index.php\/wp-json\/wp\/v2\/pages\/1218","targetHints":{"allow":["GET"]}}],"collection":[{"href":"https:\/\/paroissesaintmartindacheres.fr\/index.php\/wp-json\/wp\/v2\/pages"}],"about":[{"href":"https:\/\/paroissesaintmartindacheres.fr\/index.php\/wp-json\/wp\/v2\/types\/page"}],"author":[{"embeddable":true,"href":"https:\/\/paroissesaintmartindacheres.fr\/index.php\/wp-json\/wp\/v2\/users\/2"}],"replies":[{"embeddable":true,"href":"https:\/\/paroissesaintmartindacheres.fr\/index.php\/wp-json\/wp\/v2\/comments?post=1218"}],"version-history":[{"count":36,"href":"https:\/\/paroissesaintmartindacheres.fr\/index.php\/wp-json\/wp\/v2\/pages\/1218\/revisions"}],"predecessor-version":[{"id":10462,"href":"https:\/\/paroissesaintmartindacheres.fr\/index.php\/wp-json\/wp\/v2\/pages\/1218\/revisions\/10462"}],"wp:attachment":[{"href":"https:\/\/paroissesaintmartindacheres.fr\/index.php\/wp-json\/wp\/v2\/media?parent=1218"}],"curies":[{"name":"wp","href":"https:\/\/api.w.org\/{rel}","templated":true}]}}