{"id":1209,"date":"2018-07-03T15:28:53","date_gmt":"2018-07-03T13:28:53","guid":{"rendered":"http:\/\/paroissesaintmartindacheres.fr\/?page_id=1209"},"modified":"2025-03-08T01:00:10","modified_gmt":"2025-03-08T00:00:10","slug":"service-paroissial-des-malades","status":"publish","type":"page","link":"https:\/\/paroissesaintmartindacheres.fr\/index.php\/service-paroissial-des-malades\/","title":{"rendered":"Service Evang\u00e9lique Des Malades (S.E.M)"},"content":{"rendered":"\t\t<div data-elementor-type=\"wp-page\" data-elementor-id=\"1209\" class=\"elementor elementor-1209\">\n\t\t\t\t<div class=\"elementor-element elementor-element-e8f5b5e e-con-full e-flex e-con e-parent\" data-id=\"e8f5b5e\" data-element_type=\"container\" data-e-type=\"container\" data-settings=\"{&quot;background_background&quot;:&quot;classic&quot;}\">\n\t\t<div class=\"elementor-element elementor-element-db3d4cb e-con-full e-flex e-con e-child\" data-id=\"db3d4cb\" data-element_type=\"container\" data-e-type=\"container\" data-settings=\"{&quot;background_background&quot;:&quot;classic&quot;}\">\n\t\t\t\t<div class=\"elementor-element elementor-element-dd7ee38 elementor-widget elementor-widget-heading\" data-id=\"dd7ee38\" data-element_type=\"widget\" data-e-type=\"widget\" data-widget_type=\"heading.default\">\n\t\t\t\t<div class=\"elementor-widget-container\">\n\t\t\t\t\t<h1 class=\"elementor-heading-title elementor-size-default\">Service Evang\u00e9lique des Malades<\/h1>\t\t\t\t<\/div>\n\t\t\t\t<\/div>\n\t\t\t\t<\/div>\n\t\t\t\t<\/div>\n\t\t<div class=\"elementor-element elementor-element-cce37b3 e-flex e-con-boxed e-con e-parent\" data-id=\"cce37b3\" data-element_type=\"container\" data-e-type=\"container\">\n\t\t\t\t\t<div class=\"e-con-inner\">\n\t\t<div class=\"elementor-element elementor-element-5bcf96a e-con-full e-flex e-con e-child\" data-id=\"5bcf96a\" data-element_type=\"container\" data-e-type=\"container\">\n\t\t\t\t<div class=\"elementor-element elementor-element-80cf681 elementor-widget elementor-widget-text-editor\" data-id=\"80cf681\" data-element_type=\"widget\" data-e-type=\"widget\" data-widget_type=\"text-editor.default\">\n\t\t\t\t<div class=\"elementor-widget-container\">\n\t\t\t\t\t\t\t\t\t<p>le Service Evang\u00e9lique des Malades (SEM) est l\u2019un des services dioc\u00e9sains de la <strong>Pastorale de la sant\u00e9<\/strong>. Il a une structure paroissiale, sa mission \u00e9tant d\u2019assurer <strong>le lien<\/strong>\u00a0entre les personnes r\u00e9sidant \u00e0 leur domicile ou en maison de retraite ( HEPAD ) et la communaut\u00e9 paroissiale.<\/p>\t\t\t\t\t\t\t\t<\/div>\n\t\t\t\t<\/div>\n\t\t\t\t<div class=\"elementor-element elementor-element-be3afa4 elementor-widget elementor-widget-text-editor\" data-id=\"be3afa4\" data-element_type=\"widget\" data-e-type=\"widget\" data-widget_type=\"text-editor.default\">\n\t\t\t\t<div class=\"elementor-widget-container\">\n\t\t\t\t\t\t\t\t\t<p>\u00ab\u00a0J&rsquo;\u00e9tais malade et vous m&rsquo;avez visit\u00e9\u00a0\u00bb Mt 25,36<\/p>\t\t\t\t\t\t\t\t<\/div>\n\t\t\t\t<\/div>\n\t\t\t\t<\/div>\n\t\t\t\t\t<\/div>\n\t\t\t\t<\/div>\n\t\t<div class=\"elementor-element elementor-element-31c1442 e-flex e-con-boxed e-con e-parent\" data-id=\"31c1442\" data-element_type=\"container\" data-e-type=\"container\">\n\t\t\t\t\t<div class=\"e-con-inner\">\n\t\t<div class=\"elementor-element elementor-element-f9ff7e8 e-con-full e-flex e-con e-child\" data-id=\"f9ff7e8\" data-element_type=\"container\" data-e-type=\"container\">\n\t\t\t\t<div class=\"elementor-element elementor-element-17d5e1b elementor-widget elementor-widget-heading\" data-id=\"17d5e1b\" data-element_type=\"widget\" data-e-type=\"widget\" data-widget_type=\"heading.default\">\n\t\t\t\t<div class=\"elementor-widget-container\">\n\t\t\t\t\t<h2 class=\"elementor-heading-title elementor-size-default\">Qu'est-ce que le Service Evang\u00e9lique des Malades (SEM) ?<\/h2>\t\t\t\t<\/div>\n\t\t\t\t<\/div>\n\t\t\t\t<\/div>\n\t\t\t\t\t<\/div>\n\t\t\t\t<\/div>\n\t\t<div class=\"elementor-element elementor-element-36ae47b e-flex e-con-boxed e-con e-parent\" data-id=\"36ae47b\" data-element_type=\"container\" data-e-type=\"container\">\n\t\t\t\t\t<div class=\"e-con-inner\">\n\t\t<div class=\"elementor-element elementor-element-8183414 e-con-full e-flex e-con e-child\" data-id=\"8183414\" data-element_type=\"container\" data-e-type=\"container\">\n\t\t\t\t<div class=\"elementor-element elementor-element-a9d24d3 elementor-widget elementor-widget-text-editor\" data-id=\"a9d24d3\" data-element_type=\"widget\" data-e-type=\"widget\" data-widget_type=\"text-editor.default\">\n\t\t\t\t<div class=\"elementor-widget-container\">\n\t\t\t\t\t\t\t\t\t<p>Le Service Evang\u00e9lique des Malades compte plus d\u2019une dizaine de visiteuses et visiteurs envoy\u00e9s en mission dans la paroisse.<\/p><p>Notre objectif est d\u2019apporter\u00a0 aux personnes malades, \u00e2g\u00e9es, fragilis\u00e9es, isol\u00e9es,\u00a0 une pr\u00e9sence amicale, fraternelle, remplie de chaleur humaine et surtout de l\u2019\u00e9coute, une pr\u00e9sence discr\u00e8te, \u00a0une pr\u00e9sence d&rsquo;Eglise.<\/p><p>Ces visites r\u00e9guli\u00e8res leur permettent de partager, d\u2019exprimer leurs angoisses, leurs joies, leurs peines, de raconter leurs souvenirs\u2026<\/p><p>C&rsquo;est aussi une belle occasion pour chacune d\u2019elles, comme pour le(la) visiteur(se), de vivre et d&rsquo;approfondir sa foi.<\/p><p>C\u2019est parfois prier ensemble, amener la communion \u00e0 ceux qui la demandent\u2026.. etc<\/p>\t\t\t\t\t\t\t\t<\/div>\n\t\t\t\t<\/div>\n\t\t\t\t<\/div>\n\t\t\t\t\t<\/div>\n\t\t\t\t<\/div>\n\t\t<div class=\"elementor-element elementor-element-95017d3 e-flex e-con-boxed e-con e-parent\" data-id=\"95017d3\" data-element_type=\"container\" data-e-type=\"container\">\n\t\t\t\t\t<div class=\"e-con-inner\">\n\t\t<div class=\"elementor-element elementor-element-406a96d e-con-full e-flex e-con e-child\" data-id=\"406a96d\" data-element_type=\"container\" data-e-type=\"container\">\n\t\t\t\t<div class=\"elementor-element elementor-element-9b7c1a9 elementor-widget elementor-widget-heading\" data-id=\"9b7c1a9\" data-element_type=\"widget\" data-e-type=\"widget\" data-widget_type=\"heading.default\">\n\t\t\t\t<div class=\"elementor-widget-container\">\n\t\t\t\t\t<h2 class=\"elementor-heading-title elementor-size-default\">Comment se passent nos visites ?<\/h2>\t\t\t\t<\/div>\n\t\t\t\t<\/div>\n\t\t\t\t<\/div>\n\t\t\t\t\t<\/div>\n\t\t\t\t<\/div>\n\t\t<div class=\"elementor-element elementor-element-9f18b48 e-flex e-con-boxed e-con e-parent\" data-id=\"9f18b48\" data-element_type=\"container\" data-e-type=\"container\">\n\t\t\t\t\t<div class=\"e-con-inner\">\n\t\t<div class=\"elementor-element elementor-element-2570744 e-con-full e-flex e-con e-child\" data-id=\"2570744\" data-element_type=\"container\" data-e-type=\"container\">\n\t\t\t\t<div class=\"elementor-element elementor-element-18a5550 elementor-widget elementor-widget-text-editor\" data-id=\"18a5550\" data-element_type=\"widget\" data-e-type=\"widget\" data-widget_type=\"text-editor.default\">\n\t\t\t\t<div class=\"elementor-widget-container\">\n\t\t\t\t\t\t\t\t\t<p>Les visites se passent \u00e0 domicile, dans les h\u00f4pitaux de Poissy et St Germain en l\u2019Haye, au foyer r\u00e9sidence Pompidou d\u2019Ach\u00e8res, et dans les maisons de retraite des villes voisines.<\/p><p>L\u2019\u00e9quipe assure le lien entre la communaut\u00e9 paroissiale et les malades. Elle \u00a0transmet leurs demandes et leurs souhaits au pr\u00eatre et \u00a0les accompagne s\u2019ils d\u00e9sirent\u00a0 rencontrer l\u2019\u00e9quipe d\u2019aum\u00f4nerie de l\u2019h\u00f4pital, recevoir les sacrements de la confession, de l\u2019onction des malades ou de la communion.<\/p>\t\t\t\t\t\t\t\t<\/div>\n\t\t\t\t<\/div>\n\t\t\t\t<\/div>\n\t\t\t\t\t<\/div>\n\t\t\t\t<\/div>\n\t\t<div class=\"elementor-element elementor-element-326eecb e-flex e-con-boxed e-con e-parent\" data-id=\"326eecb\" data-element_type=\"container\" data-e-type=\"container\">\n\t\t\t\t\t<div class=\"e-con-inner\">\n\t\t<div class=\"elementor-element elementor-element-dfec588 e-con-full e-flex e-con e-child\" data-id=\"dfec588\" data-element_type=\"container\" data-e-type=\"container\">\n\t\t\t\t<div class=\"elementor-element elementor-element-5047ef7 elementor-widget elementor-widget-heading\" data-id=\"5047ef7\" data-element_type=\"widget\" data-e-type=\"widget\" data-widget_type=\"heading.default\">\n\t\t\t\t<div class=\"elementor-widget-container\">\n\t\t\t\t\t<h2 class=\"elementor-heading-title elementor-size-default\">Comment nous contacter ?<\/h2>\t\t\t\t<\/div>\n\t\t\t\t<\/div>\n\t\t\t\t<\/div>\n\t\t\t\t\t<\/div>\n\t\t\t\t<\/div>\n\t\t<div class=\"elementor-element elementor-element-abbfcda e-flex e-con-boxed e-con e-parent\" data-id=\"abbfcda\" data-element_type=\"container\" data-e-type=\"container\">\n\t\t\t\t\t<div class=\"e-con-inner\">\n\t\t<div class=\"elementor-element elementor-element-323891f e-con-full e-flex e-con e-child\" data-id=\"323891f\" data-element_type=\"container\" data-e-type=\"container\">\n\t\t\t\t<div class=\"elementor-element elementor-element-a345e7b elementor-widget elementor-widget-text-editor\" data-id=\"a345e7b\" data-element_type=\"widget\" data-e-type=\"widget\" data-widget_type=\"text-editor.default\">\n\t\t\t\t<div class=\"elementor-widget-container\">\n\t\t\t\t\t\t\t\t\t<p>Si vous souhaitez recevoir pour vous-m\u00eame, pour un de vos proches, vos voisins ou connaissances la visite r\u00e9guli\u00e8re des visiteurs, n\u2019h\u00e9sitez pas \u00e0 vous manifester aupr\u00e8s du cur\u00e9, via le secr\u00e9tariat de la paroisse ou encore aupr\u00e8s des responsables d\u2019\u00e9quipe.<\/p><p>Responsables de l&rsquo;\u00e9quipe : Daniel et Agn\u00e8s TERLINDEN &#8211; daniel.terlinden@orange.fr<\/p>\t\t\t\t\t\t\t\t<\/div>\n\t\t\t\t<\/div>\n\t\t\t\t<\/div>\n\t\t\t\t\t<\/div>\n\t\t\t\t<\/div>\n\t\t\t\t<\/div>\n\t\t","protected":false},"excerpt":{"rendered":"<p>Service Evang\u00e9lique des Malades le Service Evang\u00e9lique des Malades (SEM) est l\u2019un des services dioc\u00e9sains de la Pastorale de la sant\u00e9. Il a une structure paroissiale, sa mission \u00e9tant d\u2019assurer [&hellip;]<\/p>\n","protected":false},"author":2,"featured_media":0,"parent":0,"menu_order":0,"comment_status":"closed","ping_status":"closed","template":"","meta":{"footnotes":""},"class_list":["post-1209","page","type-page","status-publish","hentry","entry"],"_links":{"self":[{"href":"https:\/\/paroissesaintmartindacheres.fr\/index.php\/wp-json\/wp\/v2\/pages\/1209","targetHints":{"allow":["GET"]}}],"collection":[{"href":"https:\/\/paroissesaintmartindacheres.fr\/index.php\/wp-json\/wp\/v2\/pages"}],"about":[{"href":"https:\/\/paroissesaintmartindacheres.fr\/index.php\/wp-json\/wp\/v2\/types\/page"}],"author":[{"embeddable":true,"href":"https:\/\/paroissesaintmartindacheres.fr\/index.php\/wp-json\/wp\/v2\/users\/2"}],"replies":[{"embeddable":true,"href":"https:\/\/paroissesaintmartindacheres.fr\/index.php\/wp-json\/wp\/v2\/comments?post=1209"}],"version-history":[{"count":34,"href":"https:\/\/paroissesaintmartindacheres.fr\/index.php\/wp-json\/wp\/v2\/pages\/1209\/revisions"}],"predecessor-version":[{"id":10604,"href":"https:\/\/paroissesaintmartindacheres.fr\/index.php\/wp-json\/wp\/v2\/pages\/1209\/revisions\/10604"}],"wp:attachment":[{"href":"https:\/\/paroissesaintmartindacheres.fr\/index.php\/wp-json\/wp\/v2\/media?parent=1209"}],"curies":[{"name":"wp","href":"https:\/\/api.w.org\/{rel}","templated":true}]}}