{"id":109,"date":"2017-11-19T19:06:16","date_gmt":"2017-11-19T18:06:16","guid":{"rendered":"http:\/\/paroissesaintmartindacheres.fr\/?page_id=109"},"modified":"2025-03-08T01:12:01","modified_gmt":"2025-03-08T00:12:01","slug":"mariage","status":"publish","type":"page","link":"https:\/\/paroissesaintmartindacheres.fr\/index.php\/mariage\/","title":{"rendered":"Mariage"},"content":{"rendered":"\t\t<div data-elementor-type=\"wp-page\" data-elementor-id=\"109\" class=\"elementor elementor-109\">\n\t\t\t\t<div class=\"elementor-element elementor-element-66eeb6c e-con-full e-flex e-con e-parent\" data-id=\"66eeb6c\" data-element_type=\"container\" data-e-type=\"container\" data-settings=\"{&quot;background_background&quot;:&quot;classic&quot;}\">\n\t\t<div class=\"elementor-element elementor-element-763aea5 e-flex e-con-boxed e-con e-child\" data-id=\"763aea5\" data-element_type=\"container\" data-e-type=\"container\">\n\t\t\t\t\t<div class=\"e-con-inner\">\n\t\t\t\t<div class=\"elementor-element elementor-element-03e4070 elementor-widget elementor-widget-heading\" data-id=\"03e4070\" data-element_type=\"widget\" data-e-type=\"widget\" data-widget_type=\"heading.default\">\n\t\t\t\t<div class=\"elementor-widget-container\">\n\t\t\t\t\t<h1 class=\"elementor-heading-title elementor-size-default\">Le mariage<\/h1>\t\t\t\t<\/div>\n\t\t\t\t<\/div>\n\t\t\t\t\t<\/div>\n\t\t\t\t<\/div>\n\t\t<div class=\"elementor-element elementor-element-1faabe2 e-flex e-con-boxed e-con e-child\" data-id=\"1faabe2\" data-element_type=\"container\" data-e-type=\"container\" data-settings=\"{&quot;background_background&quot;:&quot;classic&quot;}\">\n\t\t\t\t\t<div class=\"e-con-inner\">\n\t\t\t\t\t<\/div>\n\t\t\t\t<\/div>\n\t\t<div class=\"elementor-element elementor-element-b4522cd e-flex e-con-boxed e-con e-child\" data-id=\"b4522cd\" data-element_type=\"container\" data-e-type=\"container\">\n\t\t\t\t\t<div class=\"e-con-inner\">\n\t\t\t\t<div class=\"elementor-element elementor-element-9f10354 elementor-widget elementor-widget-text-editor\" data-id=\"9f10354\" data-element_type=\"widget\" data-e-type=\"widget\" data-widget_type=\"text-editor.default\">\n\t\t\t\t<div class=\"elementor-widget-container\">\n\t\t\t\t\t\t\t\t\t<p>\u00ab\u00a0Il s\u2019attachera \u00e0 sa femme, et tous deux deviendront une seule chair. Ainsi, ils ne sont plus deux, mais une seule chair.\u00a0\u00bb (Mc 10,8)<\/p>\t\t\t\t\t\t\t\t<\/div>\n\t\t\t\t<\/div>\n\t\t\t\t\t<\/div>\n\t\t\t\t<\/div>\n\t\t\t\t<\/div>\n\t\t<div class=\"elementor-element elementor-element-84eb955 e-flex e-con-boxed e-con e-parent\" data-id=\"84eb955\" data-element_type=\"container\" data-e-type=\"container\">\n\t\t\t\t\t<div class=\"e-con-inner\">\n\t\t<div class=\"elementor-element elementor-element-cc42e30 e-con-full e-flex e-con e-child\" data-id=\"cc42e30\" data-element_type=\"container\" data-e-type=\"container\">\n\t\t\t\t<div class=\"elementor-element elementor-element-494b04a elementor-widget elementor-widget-text-editor\" data-id=\"494b04a\" data-element_type=\"widget\" data-e-type=\"widget\" data-widget_type=\"text-editor.default\">\n\t\t\t\t<div class=\"elementor-widget-container\">\n\t\t\t\t\t\t\t\t\t<p>Le Sacrement de mariage, par la gr\u00e2ce de fortification et d\u2019union qu\u2019il conf\u00e8re, donne aux \u00e9poux chr\u00e9tiens la force d\u2019avancer dans la joie comme dans les \u00e9preuves, et de construire un couple et une famille rayonnant de l\u2019amour du Christ victorieux de la mort et du p\u00e9ch\u00e9.<\/p>\n<p>Vous souhaitez vous marier \u00e0 l\u2019\u00e9glise ?\u00a0<\/p>\n<div class=\"t pg-1m0 pg-1x1 pg-1h5 pg-1y4 pg-1ff3 pg-1fs1 pg-1fc0 pg-1sc1 pg-1ls0 pg-1ws0\">\u00abDu mariage valide na\u00eet entre les conjoints un lien de par sa nature perp\u00e9tuel et exclusif ; en outre, dans le mariage chr\u00e9tien, les conjoints sont fortifi\u00e9s et consacr\u00e9s par un sacrement sp\u00e9cial pour les devoirs et la dignit\u00e9 de leur \u00e9tat..) (Can. 1134).<\/div>\t\t\t\t\t\t\t\t<\/div>\n\t\t\t\t<\/div>\n\t\t\t\t<\/div>\n\t\t\t\t\t<\/div>\n\t\t\t\t<\/div>\n\t\t<div class=\"elementor-element elementor-element-5802a4d e-flex e-con-boxed e-con e-parent\" data-id=\"5802a4d\" data-element_type=\"container\" data-e-type=\"container\">\n\t\t\t\t\t<div class=\"e-con-inner\">\n\t\t<div class=\"elementor-element elementor-element-6fd6b8d e-con-full e-flex e-con e-child\" data-id=\"6fd6b8d\" data-element_type=\"container\" data-e-type=\"container\">\n\t\t\t\t<div class=\"elementor-element elementor-element-99bb8b0 elementor-widget elementor-widget-heading\" data-id=\"99bb8b0\" data-element_type=\"widget\" data-e-type=\"widget\" data-widget_type=\"heading.default\">\n\t\t\t\t<div class=\"elementor-widget-container\">\n\t\t\t\t\t<h2 class=\"elementor-heading-title elementor-size-default\">Les quatre piliers du mariage chr\u00e9tien<\/h2>\t\t\t\t<\/div>\n\t\t\t\t<\/div>\n\t\t\t\t<\/div>\n\t\t\t\t\t<\/div>\n\t\t\t\t<\/div>\n\t\t<div class=\"elementor-element elementor-element-10734c0c e-flex e-con-boxed e-con e-parent\" data-id=\"10734c0c\" data-element_type=\"container\" data-e-type=\"container\">\n\t\t\t\t\t<div class=\"e-con-inner\">\n\t\t\t\t<div class=\"elementor-element elementor-element-25f8bb38 elementor-widget elementor-widget-text-editor\" data-id=\"25f8bb38\" data-element_type=\"widget\" data-e-type=\"widget\" data-widget_type=\"text-editor.default\">\n\t\t\t\t<div class=\"elementor-widget-container\">\n\t\t\t\t\t\t\t\t\t\n<div class=\"t pg-1m0 pg-1x1 pg-1h5 pg-1y8 pg-1ff3 pg-1fs1 pg-1fc0 pg-1sc1 pg-1ls0 pg-1ws0\">\u00abAinsi quiconque \u00e9coute ces paroles que je viens de dire et les met en pratique, peut se comparer \u00e0 un homme avis\u00e9 qui a b\u00e2ti sa maison sur le roc\u00bb (Mt 7, 24).<\/div>\n<div class=\"t pg-1m0 pg-1x1 pg-1h5 pg-1y8 pg-1ff3 pg-1fs1 pg-1fc0 pg-1sc1 pg-1ls0 pg-1ws0\">Consciente de la vocation et de la mission des \u00e9poux, l\u2019\u00c9glise est joyeuse de cheminer avec eux pour les accompagner avant et apr\u00e8s leur engagement. La maison que les fianc\u00e9s envisagent de fonder ne sera solide que si ses fondations reposent sur les 4 piliers suivants :<\/div>\n<ul>\n<li class=\"t pg-1m0 pg-1x2 pg-1h5 pg-1yc pg-1ff4 pg-1fs2 pg-1fc0 pg-1sc1 pg-1ls0 pg-1ws0\"><span class=\"pg-1ff3 pg-1fs1\">La <span class=\"pg-1ff2\">libert\u00e9 <\/span>du consentement<\/span><\/li>\n<li class=\"t pg-1m0 pg-1x2 pg-1h5 pg-1yd pg-1ff4 pg-1fs2 pg-1fc0 pg-1sc1 pg-1ls0 pg-1ws0\"><span class=\"pg-1ff3 pg-1fs1\">La <span class=\"pg-1ff2\">fid\u00e9lit\u00e9 <\/span>de l\u2019engagement<\/span><\/li>\n<li class=\"t pg-1m0 pg-1x2 pg-1h5 pg-1ye pg-1ff4 pg-1fs2 pg-1fc0 pg-1sc1 pg-1ls0 pg-1ws0\"><span class=\"pg-1ff3 pg-1fs1\">L\u2019<span class=\"pg-1ff2\">indissolubilit\u00e9 <\/span>du lien<\/span><\/li>\n<li class=\"t pg-1m0 pg-1x2 pg-1h5 pg-1yf pg-1ff4 pg-1fs2 pg-1fc0 pg-1sc1 pg-1ls0 pg-1ws0\"><span class=\"pg-1ff3 pg-1fs1\">La <span class=\"pg-1ff2\">f\u00e9condit\u00e9 <\/span>de l\u2019amour<\/span><\/li>\n<\/ul>\n\t\t\t\t\t\t\t\t<\/div>\n\t\t\t\t<\/div>\n\t\t\t\t\t<\/div>\n\t\t\t\t<\/div>\n\t\t<div class=\"elementor-element elementor-element-5e8a623 e-flex e-con-boxed e-con e-parent\" data-id=\"5e8a623\" data-element_type=\"container\" data-e-type=\"container\">\n\t\t\t\t\t<div class=\"e-con-inner\">\n\t\t<div class=\"elementor-element elementor-element-9da8c90 e-con-full e-flex e-con e-child\" data-id=\"9da8c90\" data-element_type=\"container\" data-e-type=\"container\">\n\t\t\t\t<div class=\"elementor-element elementor-element-23b477c elementor-widget elementor-widget-heading\" data-id=\"23b477c\" data-element_type=\"widget\" data-e-type=\"widget\" data-widget_type=\"heading.default\">\n\t\t\t\t<div class=\"elementor-widget-container\">\n\t\t\t\t\t<h2 class=\"elementor-heading-title elementor-size-default\">Consignes pratiques<\/h2>\t\t\t\t<\/div>\n\t\t\t\t<\/div>\n\t\t\t\t<\/div>\n\t\t\t\t\t<\/div>\n\t\t\t\t<\/div>\n\t\t<div class=\"elementor-element elementor-element-00a6f17 e-flex e-con-boxed e-con e-parent\" data-id=\"00a6f17\" data-element_type=\"container\" data-e-type=\"container\">\n\t\t\t\t\t<div class=\"e-con-inner\">\n\t\t<div class=\"elementor-element elementor-element-0f5d508 e-con-full e-flex e-con e-child\" data-id=\"0f5d508\" data-element_type=\"container\" data-e-type=\"container\">\n\t\t<div class=\"elementor-element elementor-element-88f0e10 e-con-full e-flex e-con e-child\" data-id=\"88f0e10\" data-element_type=\"container\" data-e-type=\"container\">\n\t\t\t\t<div class=\"elementor-element elementor-element-80ca377 elementor-widget elementor-widget-text-editor\" data-id=\"80ca377\" data-element_type=\"widget\" data-e-type=\"widget\" data-widget_type=\"text-editor.default\">\n\t\t\t\t<div class=\"elementor-widget-container\">\n\t\t\t\t\t\t\t\t\t<div class=\"t pg-1m0 pg-1x1 pg-1h5 pg-1y11 pg-1ff3 pg-1fs1 pg-1fc0 pg-1sc1 pg-1ls0 pg-1ws0\">Pour la pr\u00e9paration d\u2019un mariage \u00e0 l\u2019\u00e9glise, il faut entrer en contact avec le secr\u00e9tariat de la paroisse afin de prendre un rendez-vous avec le pr\u00eatre.<\/div>\n<div>\u00a0<\/div>\n<div>A toutes celles et tous ceux qui vont franchir le pas, vous \u00eates les bienvenus !<\/div>\n<div class=\"t pg-1m0 pg-1x1 pg-1h5 pg-1y11 pg-1ff3 pg-1fs1 pg-1fc0 pg-1sc1 pg-1ls0 pg-1ws0\">\u00a0<\/div>\n<div>\n<div class=\"t pg-1m0 pg-1x1 pg-1h5 pg-1y16 pg-1ff3 pg-1fs1 pg-1fc0 pg-1sc1 pg-1ls0 pg-1ws0\">\u00c0 la premi\u00e8re rencontre avec le pr\u00eatre, la date et l\u2019heure du mariage sont fix\u00e9es. Un <span class=\"pg-1ff2\">dossier <\/span>est ouvert. Vous recevez toutes les informations concernant les d\u00e9marches administratives et les documents \u00e0 fournir, vous aurez \u00e9galement le descriptif de la pr\u00e9paration au mariage.<\/div>\n<\/div>\t\t\t\t\t\t\t\t<\/div>\n\t\t\t\t<\/div>\n\t\t\t\t<\/div>\n\t\t\t\t<\/div>\n\t\t<div class=\"elementor-element elementor-element-75ef8d0 e-con-full e-flex e-con e-child\" data-id=\"75ef8d0\" data-element_type=\"container\" data-e-type=\"container\" data-settings=\"{&quot;background_background&quot;:&quot;classic&quot;}\">\n\t\t<div class=\"elementor-element elementor-element-1d6ac77 e-con-full e-flex e-con e-child\" data-id=\"1d6ac77\" data-element_type=\"container\" data-e-type=\"container\">\n\t\t\t\t<div class=\"elementor-element elementor-element-de092c9 elementor-widget elementor-widget-heading\" data-id=\"de092c9\" data-element_type=\"widget\" data-e-type=\"widget\" data-widget_type=\"heading.default\">\n\t\t\t\t<div class=\"elementor-widget-container\">\n\t\t\t\t\t<h3 class=\"elementor-heading-title elementor-size-default\">Contacter la paroisse<\/h3>\t\t\t\t<\/div>\n\t\t\t\t<\/div>\n\t\t\t\t<\/div>\n\t\t<div class=\"elementor-element elementor-element-351a26c e-con-full e-flex e-con e-child\" data-id=\"351a26c\" data-element_type=\"container\" data-e-type=\"container\" data-settings=\"{&quot;animation&quot;:&quot;none&quot;,&quot;animation_delay&quot;:100,&quot;background_background&quot;:&quot;classic&quot;}\">\n\t\t\t\t<div class=\"elementor-element elementor-element-7cb6e5d elementor-position-inline-start elementor-view-default elementor-mobile-position-block-start elementor-widget elementor-widget-icon-box\" data-id=\"7cb6e5d\" data-element_type=\"widget\" data-e-type=\"widget\" data-widget_type=\"icon-box.default\">\n\t\t\t\t<div class=\"elementor-widget-container\">\n\t\t\t\t\t\t\t<div class=\"elementor-icon-box-wrapper\">\n\n\t\t\t\t\t\t<div class=\"elementor-icon-box-icon\">\n\t\t\t\t<span  class=\"elementor-icon\">\n\t\t\t\t<i aria-hidden=\"true\" class=\"icon icon-phone\"><\/i>\t\t\t\t<\/span>\n\t\t\t<\/div>\n\t\t\t\n\t\t\t\t\t\t<div class=\"elementor-icon-box-content\">\n\n\t\t\t\t\n\t\t\t\t\t\t\t\t\t<p class=\"elementor-icon-box-description\">\n\t\t\t\t\t\t01 39 11 10 24\t\t\t\t\t<\/p>\n\t\t\t\t\n\t\t\t<\/div>\n\t\t\t\n\t\t<\/div>\n\t\t\t\t\t\t<\/div>\n\t\t\t\t<\/div>\n\t\t\t\t<div class=\"elementor-element elementor-element-64148e5 elementor-position-inline-start elementor-view-default elementor-mobile-position-block-start elementor-widget elementor-widget-icon-box\" data-id=\"64148e5\" data-element_type=\"widget\" data-e-type=\"widget\" data-widget_type=\"icon-box.default\">\n\t\t\t\t<div class=\"elementor-widget-container\">\n\t\t\t\t\t\t\t<div class=\"elementor-icon-box-wrapper\">\n\n\t\t\t\t\t\t<div class=\"elementor-icon-box-icon\">\n\t\t\t\t<span  class=\"elementor-icon\">\n\t\t\t\t<svg aria-hidden=\"true\" class=\"e-font-icon-svg e-far-envelope-open\" viewBox=\"0 0 512 512\" xmlns=\"http:\/\/www.w3.org\/2000\/svg\"><path d=\"M494.586 164.516c-4.697-3.883-111.723-89.95-135.251-108.657C337.231 38.191 299.437 0 256 0c-43.205 0-80.636 37.717-103.335 55.859-24.463 19.45-131.07 105.195-135.15 108.549A48.004 48.004 0 0 0 0 201.485V464c0 26.51 21.49 48 48 48h416c26.51 0 48-21.49 48-48V201.509a48 48 0 0 0-17.414-36.993zM464 458a6 6 0 0 1-6 6H54a6 6 0 0 1-6-6V204.347c0-1.813.816-3.526 2.226-4.665 15.87-12.814 108.793-87.554 132.364-106.293C200.755 78.88 232.398 48 256 48c23.693 0 55.857 31.369 73.41 45.389 23.573 18.741 116.503 93.493 132.366 106.316a5.99 5.99 0 0 1 2.224 4.663V458zm-31.991-187.704c4.249 5.159 3.465 12.795-1.745 16.981-28.975 23.283-59.274 47.597-70.929 56.863C336.636 362.283 299.205 400 256 400c-43.452 0-81.287-38.237-103.335-55.86-11.279-8.967-41.744-33.413-70.927-56.865-5.21-4.187-5.993-11.822-1.745-16.981l15.258-18.528c4.178-5.073 11.657-5.843 16.779-1.726 28.618 23.001 58.566 47.035 70.56 56.571C200.143 320.631 232.307 352 256 352c23.602 0 55.246-30.88 73.41-45.389 11.994-9.535 41.944-33.57 70.563-56.568 5.122-4.116 12.601-3.346 16.778 1.727l15.258 18.526z\"><\/path><\/svg>\t\t\t\t<\/span>\n\t\t\t<\/div>\n\t\t\t\n\t\t\t\t\t\t<div class=\"elementor-icon-box-content\">\n\n\t\t\t\t\n\t\t\t\t\t\t\t\t\t<p class=\"elementor-icon-box-description\">\n\t\t\t\t\t\tparoisse-stmartin-acheres@orange.fr\t\t\t\t\t<\/p>\n\t\t\t\t\n\t\t\t<\/div>\n\t\t\t\n\t\t<\/div>\n\t\t\t\t\t\t<\/div>\n\t\t\t\t<\/div>\n\t\t\t\t<div class=\"elementor-element elementor-element-c356e3b elementor-widget__width-initial elementor-widget elementor-widget-text-editor\" data-id=\"c356e3b\" data-element_type=\"widget\" data-e-type=\"widget\" data-widget_type=\"text-editor.default\">\n\t\t\t\t<div class=\"elementor-widget-container\">\n\t\t\t\t\t\t\t\t\t<p>Adresse du secr\u00e9tariat : 8 Avenue de Stalingrad, 78260 Ach\u00e8res<\/p>\n<p>L&rsquo;accueil du secr\u00e9tariat est ouvert <strong>les mercredi et samedi de 9h30 \u00e0 11h30<\/strong><\/p>\n<p>Pour contacter la paroisse directement en ligne :<\/p>\t\t\t\t\t\t\t\t<\/div>\n\t\t\t\t<\/div>\n\t\t\t\t<div class=\"elementor-element elementor-element-f9066c8 elementor-align-center elementor-widget elementor-widget-button\" data-id=\"f9066c8\" data-element_type=\"widget\" data-e-type=\"widget\" data-widget_type=\"button.default\">\n\t\t\t\t<div class=\"elementor-widget-container\">\n\t\t\t\t\t\t\t\t\t<div class=\"elementor-button-wrapper\">\n\t\t\t\t\t<a class=\"elementor-button elementor-button-link elementor-size-sm\" href=\"https:\/\/paroissesaintmartindacheres.fr\/index.php\/contact-2\/\">\n\t\t\t\t\t\t<span class=\"elementor-button-content-wrapper\">\n\t\t\t\t\t\t\t\t\t<span class=\"elementor-button-text\">Envoyer un message<\/span>\n\t\t\t\t\t<\/span>\n\t\t\t\t\t<\/a>\n\t\t\t\t<\/div>\n\t\t\t\t\t\t\t\t<\/div>\n\t\t\t\t<\/div>\n\t\t\t\t<\/div>\n\t\t\t\t<\/div>\n\t\t\t\t\t<\/div>\n\t\t\t\t<\/div>\n\t\t<div class=\"elementor-element elementor-element-3bc8bcc e-flex e-con-boxed e-con e-parent\" data-id=\"3bc8bcc\" data-element_type=\"container\" data-e-type=\"container\">\n\t\t\t\t\t<div class=\"e-con-inner\">\n\t\t<div class=\"elementor-element elementor-element-98378e6 e-con-full e-flex e-con e-child\" data-id=\"98378e6\" data-element_type=\"container\" data-e-type=\"container\">\n\t\t\t\t<div class=\"elementor-element elementor-element-99aaea7 elementor-widget elementor-widget-heading\" data-id=\"99aaea7\" data-element_type=\"widget\" data-e-type=\"widget\" data-widget_type=\"heading.default\">\n\t\t\t\t<div class=\"elementor-widget-container\">\n\t\t\t\t\t<h2 class=\"elementor-heading-title elementor-size-default\">La pr\u00e9paration du mariage<\/h2>\t\t\t\t<\/div>\n\t\t\t\t<\/div>\n\t\t\t\t<\/div>\n\t\t\t\t\t<\/div>\n\t\t\t\t<\/div>\n\t\t<div class=\"elementor-element elementor-element-32055e6 e-flex e-con-boxed e-con e-parent\" data-id=\"32055e6\" data-element_type=\"container\" data-e-type=\"container\">\n\t\t\t\t\t<div class=\"e-con-inner\">\n\t\t<div class=\"elementor-element elementor-element-7ee20ba e-con-full e-flex e-con e-child\" data-id=\"7ee20ba\" data-element_type=\"container\" data-e-type=\"container\">\n\t\t\t\t<div class=\"elementor-element elementor-element-7d491ae elementor-widget elementor-widget-text-editor\" data-id=\"7d491ae\" data-element_type=\"widget\" data-e-type=\"widget\" data-widget_type=\"text-editor.default\">\n\t\t\t\t<div class=\"elementor-widget-container\">\n\t\t\t\t\t\t\t\t\t<div class=\"t pg-1m0 pg-1x1 pg-1h5 pg-1y19 pg-1ff3 pg-1fs1 pg-1fc0 pg-1sc1 pg-1ls0 pg-1ws0\">\n<div class=\"t pg-1m0 pg-1x1 pg-1h5 pg-1y18 pg-1ff3 pg-1fs1 pg-1fc0 pg-1sc1 pg-1ls0 pg-1ws0\">Dans notre paroisse, la pr\u00e9paration se fait en deux sessions qui se r\u00e9partissent durant l\u2019ann\u00e9e :<\/div>\n<ul>\n<li class=\"t pg-1m0 pg-1x1 pg-1h5 pg-1y18 pg-1ff3 pg-1fs1 pg-1fc0 pg-1sc1 pg-1ls0 pg-1ws0\"><span class=\"pg-1ff2\">une session de <\/span>novembre \u00e0 mars<\/li>\n<li class=\"t pg-1m0 pg-1x1 pg-1h5 pg-1y18 pg-1ff3 pg-1fs1 pg-1fc0 pg-1sc1 pg-1ls0 pg-1ws0\">une session de mars \u00e0 juin<span class=\"pg-1ff3\">.<\/span><\/li>\n<\/ul>\n<p><span class=\"pg-1ff3\">Chaque session comprend plusieurs rencontres avec le pr\u00eatre. Elle <\/span>s\u2019\u00e9tale au moins sur trois soir\u00e9es chez un couple de l\u2019\u00e9quipe \u00ab Pr\u00e9paration au mariage \u00bb et trois rencontres de tous les couples, les accompagnateurs et le pr\u00eatre. La derni\u00e8re rencontre avec les autres couples qui se pr\u00e9parent dans la m\u00eame ann\u00e9e consiste \u00e0 l\u2019explication des rites de la c\u00e9l\u00e9bration du mariage.<\/p>\n<\/div>\n<div class=\"t pg-1m0 pg-1x1 pg-1h5 pg-1y1e pg-1ff3 pg-1fs1 pg-1fc0 pg-1sc1 pg-1ls0 pg-1ws0\">Peuvent s\u2019ajouter \u00e0 ce programme d\u2019autres rencontres recommand\u00e9es telles que la journ\u00e9e dioc\u00e9saine des fianc\u00e9s \u00e0<\/div>\n<div class=\"t pg-1m0 pg-1x1 pg-1h5 pg-1y1f pg-1ff3 pg-1fs1 pg-1fc0 pg-1sc1 pg-1ls0 pg-1ws0\">Versailles, des retraites, r\u00e9collections, week-ends des couples ou sessions hors paroisses.<\/div>\n<div class=\"t pg-1m0 pg-1x1 pg-1h5 pg-1y20 pg-1ff3 pg-1fs1 pg-1fc0 pg-1sc1 pg-1ls0 pg-1ws0\">Le pr\u00eatre qui b\u00e9nira l\u2019union rencontre enfin le couple en apart\u00e9 pour pr\u00e9parer concr\u00e8tement le d\u00e9roul\u00e9 de la<\/div>\n<div class=\"t pg-1m0 pg-1x1 pg-1h5 pg-1y21 pg-1ff3 pg-1fs1 pg-1fc0 pg-1sc1 pg-1ls0 pg-1ws0\">c\u00e9r\u00e9monie de leur mariage.<\/div>\t\t\t\t\t\t\t\t<\/div>\n\t\t\t\t<\/div>\n\t\t\t\t<\/div>\n\t\t\t\t\t<\/div>\n\t\t\t\t<\/div>\n\t\t\t\t<\/div>\n\t\t","protected":false},"excerpt":{"rendered":"<p>Le mariage \u00ab\u00a0Il s\u2019attachera \u00e0 sa femme, et tous deux deviendront une seule chair. Ainsi, ils ne sont plus deux, mais une seule chair.\u00a0\u00bb (Mc 10,8) Le Sacrement de mariage, [&hellip;]<\/p>\n","protected":false},"author":1,"featured_media":0,"parent":0,"menu_order":0,"comment_status":"closed","ping_status":"closed","template":"","meta":{"footnotes":""},"class_list":["post-109","page","type-page","status-publish","hentry","entry"],"_links":{"self":[{"href":"https:\/\/paroissesaintmartindacheres.fr\/index.php\/wp-json\/wp\/v2\/pages\/109","targetHints":{"allow":["GET"]}}],"collection":[{"href":"https:\/\/paroissesaintmartindacheres.fr\/index.php\/wp-json\/wp\/v2\/pages"}],"about":[{"href":"https:\/\/paroissesaintmartindacheres.fr\/index.php\/wp-json\/wp\/v2\/types\/page"}],"author":[{"embeddable":true,"href":"https:\/\/paroissesaintmartindacheres.fr\/index.php\/wp-json\/wp\/v2\/users\/1"}],"replies":[{"embeddable":true,"href":"https:\/\/paroissesaintmartindacheres.fr\/index.php\/wp-json\/wp\/v2\/comments?post=109"}],"version-history":[{"count":107,"href":"https:\/\/paroissesaintmartindacheres.fr\/index.php\/wp-json\/wp\/v2\/pages\/109\/revisions"}],"predecessor-version":[{"id":10628,"href":"https:\/\/paroissesaintmartindacheres.fr\/index.php\/wp-json\/wp\/v2\/pages\/109\/revisions\/10628"}],"wp:attachment":[{"href":"https:\/\/paroissesaintmartindacheres.fr\/index.php\/wp-json\/wp\/v2\/media?parent=109"}],"curies":[{"name":"wp","href":"https:\/\/api.w.org\/{rel}","templated":true}]}}