{"id":106,"date":"2017-11-19T19:06:01","date_gmt":"2017-11-19T18:06:01","guid":{"rendered":"http:\/\/paroissesaintmartindacheres.fr\/?page_id=106"},"modified":"2025-03-08T01:11:09","modified_gmt":"2025-03-08T00:11:09","slug":"confirmation","status":"publish","type":"page","link":"https:\/\/paroissesaintmartindacheres.fr\/index.php\/confirmation\/","title":{"rendered":"Confirmation"},"content":{"rendered":"\t\t<div data-elementor-type=\"wp-page\" data-elementor-id=\"106\" class=\"elementor elementor-106\">\n\t\t\t\t<div class=\"elementor-element elementor-element-e3769b7 e-con-full e-flex e-con e-parent\" data-id=\"e3769b7\" data-element_type=\"container\" data-e-type=\"container\" data-settings=\"{&quot;background_background&quot;:&quot;classic&quot;}\">\n\t\t<div class=\"elementor-element elementor-element-65d37c8 e-flex e-con-boxed e-con e-child\" data-id=\"65d37c8\" data-element_type=\"container\" data-e-type=\"container\">\n\t\t\t\t\t<div class=\"e-con-inner\">\n\t\t\t\t<div class=\"elementor-element elementor-element-4eb5921 elementor-widget elementor-widget-heading\" data-id=\"4eb5921\" data-element_type=\"widget\" data-e-type=\"widget\" data-widget_type=\"heading.default\">\n\t\t\t\t<div class=\"elementor-widget-container\">\n\t\t\t\t\t<h2 class=\"elementor-heading-title elementor-size-default\">La confirmation<\/h2>\t\t\t\t<\/div>\n\t\t\t\t<\/div>\n\t\t\t\t\t<\/div>\n\t\t\t\t<\/div>\n\t\t<div class=\"elementor-element elementor-element-b71526f e-flex e-con-boxed e-con e-child\" data-id=\"b71526f\" data-element_type=\"container\" data-e-type=\"container\" data-settings=\"{&quot;background_background&quot;:&quot;classic&quot;}\">\n\t\t\t\t\t<div class=\"e-con-inner\">\n\t\t\t\t\t<\/div>\n\t\t\t\t<\/div>\n\t\t<div class=\"elementor-element elementor-element-dfeb530 e-flex e-con-boxed e-con e-child\" data-id=\"dfeb530\" data-element_type=\"container\" data-e-type=\"container\">\n\t\t\t\t\t<div class=\"e-con-inner\">\n\t\t\t\t<div class=\"elementor-element elementor-element-58614e0 elementor-widget elementor-widget-text-editor\" data-id=\"58614e0\" data-element_type=\"widget\" data-e-type=\"widget\" data-widget_type=\"text-editor.default\">\n\t\t\t\t<div class=\"elementor-widget-container\">\n\t\t\t\t\t\t\t\t\t<p>\u00ab\u00a0Alors Pierre et Jean leur impos\u00e8rent les mains, et ils re\u00e7urent l\u2019Esprit Saint.\u00a0\u00bb(Ac 8,17)<\/p>\t\t\t\t\t\t\t\t<\/div>\n\t\t\t\t<\/div>\n\t\t\t\t\t<\/div>\n\t\t\t\t<\/div>\n\t\t\t\t<\/div>\n\t\t<div class=\"elementor-element elementor-element-b2bf08c e-flex e-con-boxed e-con e-parent\" data-id=\"b2bf08c\" data-element_type=\"container\" data-e-type=\"container\">\n\t\t\t\t\t<div class=\"e-con-inner\">\n\t\t<div class=\"elementor-element elementor-element-1867760 e-con-full e-flex e-con e-child\" data-id=\"1867760\" data-element_type=\"container\" data-e-type=\"container\">\n\t\t\t\t<div class=\"elementor-element elementor-element-625ded9 elementor-widget elementor-widget-text-editor\" data-id=\"625ded9\" data-element_type=\"widget\" data-e-type=\"widget\" data-widget_type=\"text-editor.default\">\n\t\t\t\t<div class=\"elementor-widget-container\">\n\t\t\t\t\t\t\t\t\t<p>Recevoir la Confirmation, c\u2019est recevoir le don de l\u2019Esprit Saint, promesse d\u2019une vie enracin\u00e9e en Christ. En recevant ce sacrement, le chr\u00e9tien r\u00e9pond \u00e0 l\u2019Amour que Dieu lui porte et s\u2019engage \u00e0 en \u00eatre le t\u00e9moin.<br \/>Le sacrement de la Confirmation perfectionne et \u00ab confirme \u00bb l\u2019effet du sacrement de bapt\u00eame, en conformant davantage au Christ le baptis\u00e9.<\/p>\t\t\t\t\t\t\t\t<\/div>\n\t\t\t\t<\/div>\n\t\t\t\t<\/div>\n\t\t\t\t\t<\/div>\n\t\t\t\t<\/div>\n\t\t<div class=\"elementor-element elementor-element-11aed58 e-flex e-con-boxed e-con e-parent\" data-id=\"11aed58\" data-element_type=\"container\" data-e-type=\"container\">\n\t\t\t\t\t<div class=\"e-con-inner\">\n\t\t<div class=\"elementor-element elementor-element-9f43599 e-con-full e-flex e-con e-child\" data-id=\"9f43599\" data-element_type=\"container\" data-e-type=\"container\">\n\t\t\t\t<div class=\"elementor-element elementor-element-abc2013 elementor-widget elementor-widget-heading\" data-id=\"abc2013\" data-element_type=\"widget\" data-e-type=\"widget\" data-widget_type=\"heading.default\">\n\t\t\t\t<div class=\"elementor-widget-container\">\n\t\t\t\t\t<h2 class=\"elementor-heading-title elementor-size-default\">La confirmation des jeunes de l'aum\u00f4nerie<\/h2>\t\t\t\t<\/div>\n\t\t\t\t<\/div>\n\t\t\t\t<\/div>\n\t\t\t\t\t<\/div>\n\t\t\t\t<\/div>\n\t\t<div class=\"elementor-element elementor-element-003d4f1 e-flex e-con-boxed e-con e-parent\" data-id=\"003d4f1\" data-element_type=\"container\" data-e-type=\"container\">\n\t\t\t\t\t<div class=\"e-con-inner\">\n\t\t<div class=\"elementor-element elementor-element-df53694 e-con-full e-flex e-con e-child\" data-id=\"df53694\" data-element_type=\"container\" data-e-type=\"container\">\n\t\t\t\t<div class=\"elementor-element elementor-element-7d3c48b elementor-widget elementor-widget-text-editor\" data-id=\"7d3c48b\" data-element_type=\"widget\" data-e-type=\"widget\" data-widget_type=\"text-editor.default\">\n\t\t\t\t<div class=\"elementor-widget-container\">\n\t\t\t\t\t\t\t\t\t<p>Le sacrement de la Confirmation est propos\u00e9 aux lyc\u00e9ens \u00e0 partir de la classe de seconde.<\/p>\n<p>Ci dessous le contact de la responsable de l\u2019aum\u00f4nerie :<\/p>\n<p><!-- \/wp:paragraph --><!-- wp:list --><\/p>\n<ul><!-- wp:list-item -->\n<li>Val\u00e9rie ROSIER \u2013 honey971@gmail.com<\/li>\n<\/ul>\t\t\t\t\t\t\t\t<\/div>\n\t\t\t\t<\/div>\n\t\t\t\t<\/div>\n\t\t\t\t\t<\/div>\n\t\t\t\t<\/div>\n\t\t<div class=\"elementor-element elementor-element-b1f7602 e-flex e-con-boxed e-con e-parent\" data-id=\"b1f7602\" data-element_type=\"container\" data-e-type=\"container\">\n\t\t\t\t\t<div class=\"e-con-inner\">\n\t\t<div class=\"elementor-element elementor-element-0ae1133 e-con-full e-flex e-con e-child\" data-id=\"0ae1133\" data-element_type=\"container\" data-e-type=\"container\">\n\t\t\t\t<div class=\"elementor-element elementor-element-5aa3bda elementor-widget elementor-widget-heading\" data-id=\"5aa3bda\" data-element_type=\"widget\" data-e-type=\"widget\" data-widget_type=\"heading.default\">\n\t\t\t\t<div class=\"elementor-widget-container\">\n\t\t\t\t\t<h2 class=\"elementor-heading-title elementor-size-default\">La confirmation des adultes<\/h2>\t\t\t\t<\/div>\n\t\t\t\t<\/div>\n\t\t\t\t<\/div>\n\t\t\t\t\t<\/div>\n\t\t\t\t<\/div>\n\t\t<div class=\"elementor-element elementor-element-b8927ad e-flex e-con-boxed e-con e-parent\" data-id=\"b8927ad\" data-element_type=\"container\" data-e-type=\"container\">\n\t\t\t\t\t<div class=\"e-con-inner\">\n\t\t<div class=\"elementor-element elementor-element-d696f61 e-con-full e-flex e-con e-child\" data-id=\"d696f61\" data-element_type=\"container\" data-e-type=\"container\">\n\t\t\t\t<div class=\"elementor-element elementor-element-6dafe67 elementor-widget elementor-widget-text-editor\" data-id=\"6dafe67\" data-element_type=\"widget\" data-e-type=\"widget\" data-widget_type=\"text-editor.default\">\n\t\t\t\t<div class=\"elementor-widget-container\">\n\t\t\t\t\t\t\t\t\t<p>Pour les adultes n&rsquo;h\u00e9sitez pas \u00e0 contacter les responsables du cat\u00e9chum\u00e9nat des adultes :<\/p>\n<p><!-- \/wp:paragraph --><!-- wp:list --><\/p>\n<ul><!-- wp:list-item -->\n<li>Annick LEGRAND \u2013 a.duboislegrand@hotmail.com<\/li>\n<!-- \/wp:list-item --><!-- wp:list-item -->\n<li>Th\u00e9r\u00e8se BOEHM \u2013 therese.gboehm@gmail.com<\/li>\n<\/ul>\t\t\t\t\t\t\t\t<\/div>\n\t\t\t\t<\/div>\n\t\t\t\t<\/div>\n\t\t\t\t\t<\/div>\n\t\t\t\t<\/div>\n\t\t\t\t<\/div>\n\t\t","protected":false},"excerpt":{"rendered":"<p>La confirmation \u00ab\u00a0Alors Pierre et Jean leur impos\u00e8rent les mains, et ils re\u00e7urent l\u2019Esprit Saint.\u00a0\u00bb(Ac 8,17) Recevoir la Confirmation, c\u2019est recevoir le don de l\u2019Esprit Saint, promesse d\u2019une vie enracin\u00e9e [&hellip;]<\/p>\n","protected":false},"author":1,"featured_media":0,"parent":0,"menu_order":0,"comment_status":"closed","ping_status":"closed","template":"","meta":{"footnotes":""},"class_list":["post-106","page","type-page","status-publish","hentry","entry"],"_links":{"self":[{"href":"https:\/\/paroissesaintmartindacheres.fr\/index.php\/wp-json\/wp\/v2\/pages\/106","targetHints":{"allow":["GET"]}}],"collection":[{"href":"https:\/\/paroissesaintmartindacheres.fr\/index.php\/wp-json\/wp\/v2\/pages"}],"about":[{"href":"https:\/\/paroissesaintmartindacheres.fr\/index.php\/wp-json\/wp\/v2\/types\/page"}],"author":[{"embeddable":true,"href":"https:\/\/paroissesaintmartindacheres.fr\/index.php\/wp-json\/wp\/v2\/users\/1"}],"replies":[{"embeddable":true,"href":"https:\/\/paroissesaintmartindacheres.fr\/index.php\/wp-json\/wp\/v2\/comments?post=106"}],"version-history":[{"count":34,"href":"https:\/\/paroissesaintmartindacheres.fr\/index.php\/wp-json\/wp\/v2\/pages\/106\/revisions"}],"predecessor-version":[{"id":10625,"href":"https:\/\/paroissesaintmartindacheres.fr\/index.php\/wp-json\/wp\/v2\/pages\/106\/revisions\/10625"}],"wp:attachment":[{"href":"https:\/\/paroissesaintmartindacheres.fr\/index.php\/wp-json\/wp\/v2\/media?parent=106"}],"curies":[{"name":"wp","href":"https:\/\/api.w.org\/{rel}","templated":true}]}}