{"id":100,"date":"2017-11-19T19:05:24","date_gmt":"2017-11-19T18:05:24","guid":{"rendered":"http:\/\/paroissesaintmartindacheres.fr\/?page_id=100"},"modified":"2025-03-18T21:52:06","modified_gmt":"2025-03-18T20:52:06","slug":"bapteme","status":"publish","type":"page","link":"https:\/\/paroissesaintmartindacheres.fr\/index.php\/bapteme\/","title":{"rendered":"Bapt\u00eame"},"content":{"rendered":"\t\t<div data-elementor-type=\"wp-page\" data-elementor-id=\"100\" class=\"elementor elementor-100\">\n\t\t\t\t<div class=\"elementor-element elementor-element-d78c794 e-flex e-con-boxed e-con e-parent\" data-id=\"d78c794\" data-element_type=\"container\" data-e-type=\"container\" data-settings=\"{&quot;background_background&quot;:&quot;classic&quot;}\">\n\t\t\t\t\t<div class=\"e-con-inner\">\n\t\t<div class=\"elementor-element elementor-element-282bfa9 e-con-full e-flex e-con e-child\" data-id=\"282bfa9\" data-element_type=\"container\" data-e-type=\"container\">\n\t\t\t\t<div class=\"elementor-element elementor-element-dc0a0d4 elementor-widget elementor-widget-heading\" data-id=\"dc0a0d4\" data-element_type=\"widget\" data-e-type=\"widget\" data-widget_type=\"heading.default\">\n\t\t\t\t<div class=\"elementor-widget-container\">\n\t\t\t\t\t<h1 class=\"elementor-heading-title elementor-size-default\">Le Bapt\u00eame<\/h1>\t\t\t\t<\/div>\n\t\t\t\t<\/div>\n\t\t\t\t<\/div>\n\t\t<div class=\"elementor-element elementor-element-e1e75ac e-con-full e-flex e-con e-child\" data-id=\"e1e75ac\" data-element_type=\"container\" data-e-type=\"container\" data-settings=\"{&quot;background_background&quot;:&quot;classic&quot;}\">\n\t\t\t\t<\/div>\n\t\t<div class=\"elementor-element elementor-element-f13867f e-con-full e-flex e-con e-child\" data-id=\"f13867f\" data-element_type=\"container\" data-e-type=\"container\">\n\t\t\t\t<div class=\"elementor-element elementor-element-15a6bc3 elementor-widget elementor-widget-text-editor\" data-id=\"15a6bc3\" data-element_type=\"widget\" data-e-type=\"widget\" data-widget_type=\"text-editor.default\">\n\t\t\t\t<div class=\"elementor-widget-container\">\n\t\t\t\t\t\t\t\t\t<p>\u00ab\u00a0Il y a un seul Seigneur, une seule foi, un seul bapt\u00eame un seul Dieu et P\u00e8re de tous, au-dessus de tous, par tous, et en tous.\u00a0\u00bb (Ep4,5-6)<\/p>\t\t\t\t\t\t\t\t<\/div>\n\t\t\t\t<\/div>\n\t\t\t\t<\/div>\n\t\t\t\t\t<\/div>\n\t\t\t\t<\/div>\n\t\t<div class=\"elementor-element elementor-element-3d80cbb e-flex e-con-boxed e-con e-parent\" data-id=\"3d80cbb\" data-element_type=\"container\" data-e-type=\"container\">\n\t\t\t\t\t<div class=\"e-con-inner\">\n\t\t<div class=\"elementor-element elementor-element-21b3f54 e-con-full e-flex e-con e-child\" data-id=\"21b3f54\" data-element_type=\"container\" data-e-type=\"container\">\n\t\t\t\t<div class=\"elementor-element elementor-element-6306d81 elementor-widget elementor-widget-text-editor\" data-id=\"6306d81\" data-element_type=\"widget\" data-e-type=\"widget\" data-widget_type=\"text-editor.default\">\n\t\t\t\t<div class=\"elementor-widget-container\">\n\t\t\t\t\t\t\t\t\t<p>Par le bapt\u00eame, on devient enfant de Dieu dans son fils unique, J\u00e9sus Christ. Plong\u00e9 dans les eaux baptismales, le baptis\u00e9 re\u00e7oit les m\u00eames paroles que le Christ lors de son bapt\u00eame : \u00ab Tu es mon fils bien-aim\u00e9, en toi j\u2019ai mis tout mon amour \u00bb.<\/p><p><strong>Recevoir le bapt\u00eame, c\u2019est donc devenir enfant de Dieu, fr\u00e8re ou s\u0153ur du Christ.<\/strong><\/p>\t\t\t\t\t\t\t\t<\/div>\n\t\t\t\t<\/div>\n\t\t\t\t<\/div>\n\t\t\t\t\t<\/div>\n\t\t\t\t<\/div>\n\t\t<div class=\"elementor-element elementor-element-7830936 e-flex e-con-boxed e-con e-parent\" data-id=\"7830936\" data-element_type=\"container\" data-e-type=\"container\">\n\t\t\t\t\t<div class=\"e-con-inner\">\n\t\t<div class=\"elementor-element elementor-element-16b65b3 e-con-full e-flex e-con e-child\" data-id=\"16b65b3\" data-element_type=\"container\" data-e-type=\"container\">\n\t\t\t\t<div class=\"elementor-element elementor-element-19c113c e-n-tabs-mobile elementor-widget elementor-widget-n-tabs\" data-id=\"19c113c\" data-element_type=\"widget\" data-e-type=\"widget\" data-settings=\"{&quot;tabs_justify_horizontal&quot;:&quot;end&quot;,&quot;horizontal_scroll&quot;:&quot;disable&quot;}\" data-widget_type=\"nested-tabs.default\">\n\t\t\t\t<div class=\"elementor-widget-container\">\n\t\t\t\t\t\t\t<div class=\"e-n-tabs\" data-widget-number=\"27005244\" aria-label=\"Onglets. Ouvrez des \u00e9l\u00e9ments avec Entrer ou Espace, fermez-les avec Echape et naviguez \u00e0 l&#039;aide des touches fl\u00e9ch\u00e9es.\">\n\t\t\t<div class=\"e-n-tabs-heading\" role=\"tablist\">\n\t\t\t\t\t<button id=\"e-n-tab-title-270052441\" data-tab-title-id=\"e-n-tab-title-270052441\" class=\"e-n-tab-title\" aria-selected=\"true\" data-tab-index=\"1\" role=\"tab\" tabindex=\"0\" aria-controls=\"e-n-tab-content-270052441\" style=\"--n-tabs-title-order: 1;\">\n\t\t\t\t\t\t<span class=\"e-n-tab-title-text\">\n\t\t\t\tEnfants\t\t\t<\/span>\n\t\t<\/button>\n\t\t\t\t<button id=\"e-n-tab-title-270052442\" data-tab-title-id=\"e-n-tab-title-270052442\" class=\"e-n-tab-title\" aria-selected=\"false\" data-tab-index=\"2\" role=\"tab\" tabindex=\"-1\" aria-controls=\"e-n-tab-content-270052442\" style=\"--n-tabs-title-order: 2;\">\n\t\t\t\t\t\t<span class=\"e-n-tab-title-text\">\n\t\t\t\tColl\u00e9giens et lyc\u00e9ens\t\t\t<\/span>\n\t\t<\/button>\n\t\t\t\t<button id=\"e-n-tab-title-270052443\" data-tab-title-id=\"e-n-tab-title-270052443\" class=\"e-n-tab-title\" aria-selected=\"false\" data-tab-index=\"3\" role=\"tab\" tabindex=\"-1\" aria-controls=\"e-n-tab-content-270052443\" style=\"--n-tabs-title-order: 3;\">\n\t\t\t\t\t\t<span class=\"e-n-tab-title-text\">\n\t\t\t\tAdultes\t\t\t<\/span>\n\t\t<\/button>\n\t\t\t\t\t<\/div>\n\t\t\t<div class=\"e-n-tabs-content\">\n\t\t\t\t<div id=\"e-n-tab-content-270052441\" role=\"tabpanel\" aria-labelledby=\"e-n-tab-title-270052441\" data-tab-index=\"1\" style=\"--n-tabs-title-order: 1;\" class=\"e-active elementor-element elementor-element-d4fa6f0 e-con-full e-flex e-con e-child\" data-id=\"d4fa6f0\" data-element_type=\"container\" data-e-type=\"container\">\n\t\t<div class=\"elementor-element elementor-element-661a450 e-flex e-con-boxed e-con e-child\" data-id=\"661a450\" data-element_type=\"container\" data-e-type=\"container\">\n\t\t\t\t\t<div class=\"e-con-inner\">\n\t\t\t\t<div class=\"elementor-element elementor-element-d2c11d7 elementor-widget elementor-widget-heading\" data-id=\"d2c11d7\" data-element_type=\"widget\" data-e-type=\"widget\" data-widget_type=\"heading.default\">\n\t\t\t\t<div class=\"elementor-widget-container\">\n\t\t\t\t\t<h2 class=\"elementor-heading-title elementor-size-default\">Bapt\u00eame des enfants de 0 \u00e0 3 ans<\/h2>\t\t\t\t<\/div>\n\t\t\t\t<\/div>\n\t\t\t\t<div class=\"elementor-element elementor-element-6976ad4 elementor-widget elementor-widget-text-editor\" data-id=\"6976ad4\" data-element_type=\"widget\" data-e-type=\"widget\" data-widget_type=\"text-editor.default\">\n\t\t\t\t<div class=\"elementor-widget-container\">\n\t\t\t\t\t\t\t\t\t<p>Des s\u00e9ances de pr\u00e9paration au bapt\u00eame sont propos\u00e9es aux familles, elles se d\u00e9roulent le samedi matin de 9h30 \u00e0 11h30 au centre Jean XXIII.<\/p><p>La pr\u00e9paration au Bapt\u00eame des petits enfants est un moment d\u2019\u00e9change avec les parents, bas\u00e9 sur un \u00ab\u00a0Questionnaire sur le Bapt\u00eame\u00a0\u00bb.<\/p><p>Ce questionnaire permet de revenir sur les moments forts de la Bible, aussi bien dans l&rsquo;ancien que dans le nouveau testament. Les parents re\u00e7oivent \u00e9galement un enseignement sur le rituel du bapt\u00eame \u00e0 proprement dit.<\/p><p><strong>Vous souhaitez faire baptiser votre enfant ?<\/strong><\/p><p>Rendez-vous directement \u00e0 l\u2019accueil du secr\u00e9tariat de la paroisse o\u00f9 vous pourrez choisir une date dans le calendrier des bapt\u00eames.\u00a0<\/p><p>La personne \u00e0 contacter pour plus d&rsquo;information est : <strong>Danielle Henon au 06 95 35 20 17<\/strong><\/p><p>\u00a0<\/p>\t\t\t\t\t\t\t\t<\/div>\n\t\t\t\t<\/div>\n\t\t\t\t<div class=\"elementor-element elementor-element-075c9e2 elementor-widget elementor-widget-heading\" data-id=\"075c9e2\" data-element_type=\"widget\" data-e-type=\"widget\" data-widget_type=\"heading.default\">\n\t\t\t\t<div class=\"elementor-widget-container\">\n\t\t\t\t\t<h2 class=\"elementor-heading-title elementor-size-default\">Bapt\u00eame des enfants de 4 \u00e0 7 ans<\/h2>\t\t\t\t<\/div>\n\t\t\t\t<\/div>\n\t\t\t\t<div class=\"elementor-element elementor-element-82b3865 elementor-widget elementor-widget-text-editor\" data-id=\"82b3865\" data-element_type=\"widget\" data-e-type=\"widget\" data-widget_type=\"text-editor.default\">\n\t\t\t\t<div class=\"elementor-widget-container\">\n\t\t\t\t\t\t\t\t\t<p>A cet \u00e2ge, les enfants doivent \u00eatre inscrits \u00e0 \u00ab\u00a0l&rsquo;Eveil \u00e0 la Foi\u00a0\u00bb. En rejoignant ce groupe, ils re\u00e7oivent leurs premiers enseignement sur la Foi, Dieu et le Christ.<\/p><p>Pour l&rsquo;inscription \u00e0 l&rsquo;\u00e9veil \u00e0 la foi, rendez-vous \u00e0 l&rsquo;accueil du secr\u00e9tariat de la paroisse.<\/p><p>Contact de la responsable des bapt\u00eames de l&rsquo;\u00e9veil \u00e0 la foi : Evelyne NJOFANG\u00a0 (06 62 02 63 16)<\/p><p>Pour en savoir plus sur les activit\u00e9s de l&rsquo;Eveil \u00e0 la foi, aller le lien suivant : <strong><a href=\"https:\/\/paroissesaintmartindacheres.fr\/index.php\/eveil-a-la-foi\/\">Programme des activit\u00e9s de l&rsquo;Eveil \u00e0 la foi<\/a><\/strong><\/p><p>\u00a0<\/p>\t\t\t\t\t\t\t\t<\/div>\n\t\t\t\t<\/div>\n\t\t\t\t<div class=\"elementor-element elementor-element-595d194 elementor-widget elementor-widget-heading\" data-id=\"595d194\" data-element_type=\"widget\" data-e-type=\"widget\" data-widget_type=\"heading.default\">\n\t\t\t\t<div class=\"elementor-widget-container\">\n\t\t\t\t\t<h2 class=\"elementor-heading-title elementor-size-default\">Bapt\u00eame des enfant de 8 ans et plus (enfant du primaire)<\/h2>\t\t\t\t<\/div>\n\t\t\t\t<\/div>\n\t\t\t\t<div class=\"elementor-element elementor-element-27f9218 elementor-widget elementor-widget-text-editor\" data-id=\"27f9218\" data-element_type=\"widget\" data-e-type=\"widget\" data-widget_type=\"text-editor.default\">\n\t\t\t\t<div class=\"elementor-widget-container\">\n\t\t\t\t\t\t\t\t\t<div class=\"wpb_text_column wpb_content_element\"><div class=\"wpb_wrapper\"><p>La pr\u00e9paration du bapt\u00eame est faite par l&rsquo;\u00e9quipe du cat\u00e9chisme enfant. Les enfants doivent donc \u00eatre inscrits au cat\u00e9chisme, ils y recevront les enseignements qui leur permettront de se pr\u00e9parer au bapt\u00eame.<\/p><\/div><\/div><div class=\"wpb_text_column wpb_content_element\"><div class=\"wpb_wrapper\"><p>L&rsquo;inscription au cat\u00e9chisme se fait g\u00e9n\u00e9ralement en d\u00e9but d&rsquo;ann\u00e9e scolaire mais elle peut se faire \u00e9galement en cours d&rsquo;ann\u00e9e. Pour toute information compl\u00e9mentaire, contactez les responsables :<\/p><ul><li>Joelle ELUARD \u2013 joelle.eluard@orange.fr<\/li><li>Bertrand BENNOIT \u2013 bertrand.bennoit@bbox.fr<\/li><\/ul><p>Pour en savoir plus sur le cat\u00e9chisme : <strong><a href=\"https:\/\/paroissesaintmartindacheres.fr\/index.php\/cathechisme\/\">Organisation du cat\u00e9chisme<\/a><\/strong><\/p><\/div><\/div>\t\t\t\t\t\t\t\t<\/div>\n\t\t\t\t<\/div>\n\t\t\t\t\t<\/div>\n\t\t\t\t<\/div>\n\t\t\t\t<\/div>\n\t\t<div id=\"e-n-tab-content-270052442\" role=\"tabpanel\" aria-labelledby=\"e-n-tab-title-270052442\" data-tab-index=\"2\" style=\"--n-tabs-title-order: 2;\" class=\" elementor-element elementor-element-8fa93e8 e-con-full e-flex e-con e-child\" data-id=\"8fa93e8\" data-element_type=\"container\" data-e-type=\"container\">\n\t\t<div class=\"elementor-element elementor-element-d437436 e-flex e-con-boxed e-con e-child\" data-id=\"d437436\" data-element_type=\"container\" data-e-type=\"container\">\n\t\t\t\t\t<div class=\"e-con-inner\">\n\t\t\t\t<div class=\"elementor-element elementor-element-3ffde16 elementor-widget elementor-widget-text-editor\" data-id=\"3ffde16\" data-element_type=\"widget\" data-e-type=\"widget\" data-widget_type=\"text-editor.default\">\n\t\t\t\t<div class=\"elementor-widget-container\">\n\t\t\t\t\t\t\t\t\t<p>Tu as entre 13 et 18 ans, tu souhaites recevoir un sacrement (bapt\u00eame, eucharistie, confirmation) , viens rejoindre les jeunes de l\u2019aum\u00f4nerie qui ont ton \u00e2ge. Des animateurs accompagneront ta demande.<\/p><p><strong><em>Responsable \u00e0 contacter :<\/em><\/strong><\/p><p>Val\u00e9rie ROSIER : honey971@gmail.com<\/p><p>Pour en savoir plus sur l&rsquo;Aum\u00f4nerie :<a href=\"https:\/\/paroissesaintmartindacheres.fr\/index.php\/aumonerie\/\"><strong> Aum\u00f4nerie d&rsquo;Ach\u00e8res<\/strong><\/a><\/p>\t\t\t\t\t\t\t\t<\/div>\n\t\t\t\t<\/div>\n\t\t\t\t\t<\/div>\n\t\t\t\t<\/div>\n\t\t\t\t<\/div>\n\t\t<div id=\"e-n-tab-content-270052443\" role=\"tabpanel\" aria-labelledby=\"e-n-tab-title-270052443\" data-tab-index=\"3\" style=\"--n-tabs-title-order: 3;\" class=\" elementor-element elementor-element-9c07958 e-con-full e-flex e-con e-child\" data-id=\"9c07958\" data-element_type=\"container\" data-e-type=\"container\">\n\t\t<div class=\"elementor-element elementor-element-c3e2bb1 e-flex e-con-boxed e-con e-child\" data-id=\"c3e2bb1\" data-element_type=\"container\" data-e-type=\"container\">\n\t\t\t\t\t<div class=\"e-con-inner\">\n\t\t\t\t<div class=\"elementor-element elementor-element-b220b07 elementor-widget elementor-widget-text-editor\" data-id=\"b220b07\" data-element_type=\"widget\" data-e-type=\"widget\" data-widget_type=\"text-editor.default\">\n\t\t\t\t<div class=\"elementor-widget-container\">\n\t\t\t\t\t\t\t\t\t<p>Vous avez entre 17 et 97 ans (ou plus) !<\/p><ul><li>Vous avez entendu parler de Dieu, de J\u00e9sus-Christ, de l\u2019Eglise et vous d\u00e9sirez en savoir plus ?<\/li><\/ul><ul><li>Vous avez rencontr\u00e9 un chr\u00e9tien et vous avez \u00e9t\u00e9 interpell\u00e9 par ses choix de vie et vous voulez comprendre pourquoi ?<\/li><\/ul><ul><li>Vous voulez \u00eatre baptis\u00e9(e), vous vous demandez comment faire ?<\/li><\/ul><ul><li>Vous vivez un renouveau de foi, vous pensez \u00e9ventuellement \u00e0 la confirmation ou la communion ?<\/li><\/ul><p>Venez rejoindre l\u2019\u00e9quipe d\u2019accompagnement des cat\u00e9chum\u00e8nes de notre paroisse, qui vous proposera un cheminement \u00a0\u00e0 votre rythme :<\/p><ul><li>pour apprendre \u00e0 conna\u00eetre J\u00e9sus, \u00e0 lire la Bible, \u00e0 prier,<\/li><li>pour d\u00e9couvrir comment vivre en chr\u00e9tien au quotidien,<\/li><li>pour rencontrer d\u2019autres catholiques qui t\u00e9moigneront de leur foi,<\/li><li>pour demander \u00e0 recevoir le bapt\u00eame, la confirmation, l\u2019eucharistie.<\/li><\/ul><p>Pour obtenir des informations, vous pouvez contacter les responsables du <span style=\"text-decoration: underline;\"><a href=\"https:\/\/paroissesaintmartindacheres.fr\/index.php\/le-catechumenat-des-adultes\/\"><strong>cat\u00e9chum\u00e9nat des adultes<\/strong><\/a> <\/span>:<\/p><p>Annick LEGRAND : a.duboislegrand@hotmail.com<\/p><p>Th\u00e9r\u00e8se BOEHM : therese.gboehm@gmail.com<\/p>\t\t\t\t\t\t\t\t<\/div>\n\t\t\t\t<\/div>\n\t\t\t\t\t<\/div>\n\t\t\t\t<\/div>\n\t\t\t\t<\/div>\n\t\t\t\t\t<\/div>\n\t\t<\/div>\n\t\t\t\t\t\t<\/div>\n\t\t\t\t<\/div>\n\t\t\t\t<\/div>\n\t\t\t\t\t<\/div>\n\t\t\t\t<\/div>\n\t\t\t\t<\/div>\n\t\t","protected":false},"excerpt":{"rendered":"<p>Le Bapt\u00eame \u00ab\u00a0Il y a un seul Seigneur, une seule foi, un seul bapt\u00eame un seul Dieu et P\u00e8re de tous, au-dessus de tous, par tous, et en tous.\u00a0\u00bb (Ep4,5-6) [&hellip;]<\/p>\n","protected":false},"author":1,"featured_media":0,"parent":0,"menu_order":0,"comment_status":"closed","ping_status":"closed","template":"","meta":{"footnotes":""},"class_list":["post-100","page","type-page","status-publish","hentry","entry"],"_links":{"self":[{"href":"https:\/\/paroissesaintmartindacheres.fr\/index.php\/wp-json\/wp\/v2\/pages\/100","targetHints":{"allow":["GET"]}}],"collection":[{"href":"https:\/\/paroissesaintmartindacheres.fr\/index.php\/wp-json\/wp\/v2\/pages"}],"about":[{"href":"https:\/\/paroissesaintmartindacheres.fr\/index.php\/wp-json\/wp\/v2\/types\/page"}],"author":[{"embeddable":true,"href":"https:\/\/paroissesaintmartindacheres.fr\/index.php\/wp-json\/wp\/v2\/users\/1"}],"replies":[{"embeddable":true,"href":"https:\/\/paroissesaintmartindacheres.fr\/index.php\/wp-json\/wp\/v2\/comments?post=100"}],"version-history":[{"count":177,"href":"https:\/\/paroissesaintmartindacheres.fr\/index.php\/wp-json\/wp\/v2\/pages\/100\/revisions"}],"predecessor-version":[{"id":19281,"href":"https:\/\/paroissesaintmartindacheres.fr\/index.php\/wp-json\/wp\/v2\/pages\/100\/revisions\/19281"}],"wp:attachment":[{"href":"https:\/\/paroissesaintmartindacheres.fr\/index.php\/wp-json\/wp\/v2\/media?parent=100"}],"curies":[{"name":"wp","href":"https:\/\/api.w.org\/{rel}","templated":true}]}}